{"id":840,"date":"2012-12-15T00:02:41","date_gmt":"2012-12-14T23:02:41","guid":{"rendered":"http:\/\/www.judo-vaud.ch\/?page_id=840"},"modified":"2020-03-12T23:57:47","modified_gmt":"2020-03-12T22:57:47","slug":"activites","status":"publish","type":"page","link":"https:\/\/www.judo-vaud.ch\/?page_id=840","title":{"rendered":"Activit\u00e9s"},"content":{"rendered":"<img decoding=\"async\" class=\"alignright wp-image-1643 size-thumbnail\" src=\"http:\/\/www.judo-vaud.ch\/cms\/wp-content\/plugins\/AVJJ-ShortCode\/photos\/logo_CC.jpg\" alt=\"CC\" width=\"150\" height=\"150\" \/>\n<div>\n<p>Les entra\u00eenements CCVD sont ouverts \u00e0 tout judoka motiv\u00e9 entre 10 et 14 ans, \u00e0 partir de la ceinture orange, et ont lieu de 10.00 \u00e0 11.45 et de 12.45 \u00e0 14.15. Merci de pr\u00e9voir un pique-nique sain pour la pause de midi (chips, bonbons, sodas, etc. seront confisqu\u00e9s).<br \/>\nLes lieux des divers entra\u00eenements se trouvent ci-dessous. Un courriel de rappel est en principe envoy\u00e9 une \u00e0 deux semaines avant chaque entra\u00eenement.<\/p>\n<p>Se trouvent sur cette page le calendrier du CCVD 2020, ainsi que celui de la FSJ pour les judokas M15 (\u00e9colier A).<\/p>\n<p>Sur le calendrier du CCVD, sont marqu\u00e9es:<\/p>\n<ul>\n<li style=\"list-style-type: none;\">\n<ul>\n<li>En noir, les activit\u00e9s du CCVD;<\/li>\n<li>En rouge, les activit\u00e9s de la FSJ;<\/li>\n<li>En bleu, les activit\u00e9s \u00e0 effectuer avec le club.<\/li>\n<\/ul>\n<\/li>\n<\/ul>\n<p>Les entra\u00eenements du CCVD se d\u00e9rouleront dans les dojos suivants:<\/p>\n<ul>\n<li style=\"list-style-type: none;\">\n<ul>\n<li>2 f\u00e9vrier: Ecole de Judo D\u00e9gallier \u00e0 Yverdon-les-Bains<\/li>\n<li><span style=\"color: #ff0000;\"><del>22 mars: Judo Kwai Lausanne\u00a0<\/del> Annul\u00e9\u00a0<\/span><\/li>\n<li>26 avril: Mikami Judo Club Lausanne<\/li>\n<li>23 et 24 mai: Mikami Judo Club Lausanne (stage de deux jours avec nuit sur le tatami, informations \u00e0 suivre d\u00e9but avril)<\/li>\n<li>23 ao\u00fbt (entra\u00eenement en commun avec les cadres romands): lieu et date \u00e0 confirmer<\/li>\n<li>13 septembre: Judo Club Cheseaux<\/li>\n<li>25 octobre: Dojo \u00e0 d\u00e9finir<\/li>\n<li>22 novembre (Tests Piste M13\/M15 le matin, entra\u00eenement pour tous l\u2019apr\u00e8s-midi): Mikami Judo Club Lausanne<\/li>\n<\/ul>\n<p>Le concept du CCVD change cette ann\u00e9e: il n\u2019y aura plus qu\u2019un Cadre 1, compos\u00e9 principalement de judokas M15 s\u00e9lectionn\u00e9s apr\u00e8s les Championnats Vaudois 2020 sur la base de la pr\u00e9sence aux entra\u00eenements, leur engagement lors de ceux-ci, ainsi que selon leurs r\u00e9sultats aux tournois nationaux de Morges 2020, Sierre 2019, Morat 2019, Championnat romand 2019 et Championnat vaudois 2020.<br \/>\nLes judokas du CCVD non s\u00e9lectionn\u00e9s dans le Cadre 1 pourront \u00eatre s\u00e9lectionn\u00e9s pour divers tournois auxquels prendra part le CCVD (cf. Agenda CCVD annex\u00e9, <del><span style=\"color: #ff0000;\">p. ex. le tournoi international de St-Gall d\u00e9but avri<\/span><\/del>l <span style=\"color: #ff0000;\">Annul\u00e9\u00a0<\/span>) sur ces m\u00eames bases.<\/p>\n<p>Enfin, les crit\u00e8res de s\u00e9lection pour les activit\u00e9s de la FSJ (impos\u00e9s par cette derni\u00e8re), sont les suivants:<\/p>\n<ul>\n<li>Pour le Talent Week-End, il faut \u00eatre titulaire d\u2019une carte SwissOlympic (selon les r\u00e9sultats aux Tests PISTE effectu\u00e9s en novembre 2019, qui seront transmis ult\u00e9rieurement par la FSJ);<\/li>\n<li>Pour le Tournoi de Venray, uniquement destin\u00e9 aux M15, il faut \u00eatre titulaire d\u2019une carte SwissOlympic et participer au Stage de P\u00e2ques \u00e0 Sumiswald;<\/li>\n<li>Pour le tournoi \u00e0 d\u00e9finir, uniquement destin\u00e9 aux M15, il faut \u00eatre titulaire d\u2019une carte SwissOlympic et participer \u00e0 la journ\u00e9e d\u2019entra\u00eenement en septembre.<\/li>\n<\/ul>\n<p>Attention, ce ne sont que des crit\u00e8res de s\u00e9lection, qui ne garantissent pas une s\u00e9lection!<br \/>\n<div class=\"wp-caption \" id=\"attachment_1577\" style=\"width: 150;\"><a  class=\"nofancybox\"  href=\"https:\/\/www.judo-vaud.ch\/cms\/wp-content\/uploads\/2019\/12\/U15-FSJ-2020-.pdf\" target=\"_blank\"><img decoding=\"async\" width=\"150\" height=\"150\" class=\"wp-image-1577\" alt=\"Agenda\" src=\"http:\/\/www.judo-vaud.ch\/cms\/wp-content\/plugins\/AVJJ-ShortCode\/png\/pdf.png\"><\/a><p class=\"wp-caption-text\"><a href=\"https:\/\/www.judo-vaud.ch\/cms\/wp-content\/uploads\/2019\/12\/U15-FSJ-2020-.pdf\">Agenda FSJ.<\/a><\/p><\/div><div class=\"wp-caption \" id=\"attachment_1576\" style=\"width: 150;\"><a  class=\"nofancybox\"  href=\"https:\/\/www.judo-vaud.ch\/cms\/wp-content\/uploads\/2019\/12\/Calendrier-2020-CCVD-.xlsx\" target=\"_blank\"><img decoding=\"async\" width=\"150\" height=\"150\" class=\"wp-image-1576\" alt=\"Agenda\" src=\"http:\/\/www.judo-vaud.ch\/cms\/wp-content\/plugins\/AVJJ-ShortCode\/png\/xls.png\"><\/a><p class=\"wp-caption-text\"><a href=\"https:\/\/www.judo-vaud.ch\/cms\/wp-content\/uploads\/2019\/12\/Calendrier-2020-CCVD-.xlsx\">Agenda 2020.<\/a><\/p><\/div><\/p>\n<h3>Plus d&rsquo;information :<\/h3>\n<ul>\n<li><a href=\"http:\/\/www.judo-vaud.ch\/CRPR\">Concernant le CRPR.<\/a><\/li>\n<li><a href=\"http:\/\/www.judo-vaud.ch\/CC\">Concernant le Cadre Cantonal.<\/a><\/li>\n<\/ul>\n<h3>Renseignements:<\/h3>\n<div id=\"cn-top\" style=\"position: absolute; top: 0; right: 0;\"><\/div><div class=\"cn-list\" id=\"cn-list\" data-connections-version=\"10.4.67-0.7\"><div class=\"cn-template cn-card\" id=\"cn-card\" data-template-version=\"3.0\"><div class=\"cn-list-head\">\n\n<\/div>\n<div class=\"cn-list-body\" id=\"cn-list-body\">\n<div class=\"cn-list-row cn-list-item vcard individual entraineur-cadre-cantonal entraineurs entraineurs-junior-espoirs\" id=\"florian-girardoz\" data-entry-type=\"individual\" data-entry-id=\"62\" data-entry-slug=\"florian-girardoz\"><div class=\"cn-entry\" style=\"background-color: #FFF;border: 1px solid #E3E3E3;border-radius: 4px;color: #000;margin: 8px 0;padding: 10px;position: relative\">\n\n\t<div class=\"cn-left\" style=\"width:49%; float:left\">\n\t\t<span class=\"cn-image-style\"><span style=\"display: block; max-width: 100%; width: 112px\"><img loading=\"lazy\" width=\"112\" height=\"150\" sizes=\"auto, 100vw\" lazyload=\"1\" class=\"cn-image photo\" alt=\"Photo de Florian Girardoz\" title=\"Photo de Florian Girardoz\" srcset=\"\/\/www.judo-vaud.ch\/cms\/wp-content\/uploads\/connections-images\/florian-girardoz\/FlorianGirardoz2-c257fc4cf15e2ba216ccd3efb782ff09.jpg 1x\" loading=\"lazy\"\/><\/span><\/span>\n\t\t<div style=\"clear:both;\"><\/div>\n\t\t<div style=\"margin-bottom: 10px;\">\n\t\t\t<div style=\"font-size:larger;font-variant: small-caps\"><strong><span class=\"fn n notranslate\"> <span class=\"given-name\">Florian<\/span> <span class=\"family-name\">Girardoz<\/span><\/span>\n<\/strong><\/div>\n\t\t\t\n\t\t<\/div>\n\n\t<\/div>\n\n\t<div class=\"cn-right\" style=\"text-align: right;\">\n\n\t\t<span class=\"phone-number-block\">\n<span class=\"tel cn-phone-number cn-phone-number-type-cellphone cn-preferred cn-phone-number-preferred\"><span class=\"phone-name\">T\u00e9l\u00e9phone mobile<\/span><span class=\"cn-separator\">:<\/span> <span class=\"value\">0795870233<\/span><span class=\"type\" style=\"display: none;\">cell<\/span><\/span>\n<\/span>\n<span class=\"email-address-block\">\n<span class=\"email cn-email-address\"><span class=\"email-name\">Courriel personnel<\/span><span class=\"cn-separator\">:<\/span> <span class=\"email-address\"><script type=\"text\/javascript\">\r\n\t\t\t\t\t\/* <![CDATA[ *\/\r\n\t \t\t\t\tcnROT13.writeROT13(\"<n pynff=\\\"inyhr\\\" gvgyr=\\\"Sybevna Tveneqbm crefbany rznvy\\056\\\" uers=\\\"znvygb:sybevnatveneqbm\\100oyhrjva\\056pu\\\">sybevnatveneqbm\\100oyhrjva\\056pu<\\057n>\");\r\n\t\t\t\t\t\/* ]]-> *\/\r\n\t \t\t\t\t<\/script><noscript><span style=\"unicode-bidi: bidi-override; direction:rtl;\">hc.&#110;&#105;&#119;&#101;u&#108;&#98;&#64;zodra&#114;ig&#110;&#97;&#105;r&#111;lf<\/span><\/noscript><\/span><span class=\"type\" style=\"display: none;\">INTERNET<\/span><\/span>\n<\/span>\n\n\t<\/div>\n\n\t<div style=\"clear:both\"><\/div>\n\n\t\n\t<div class=\"cn-meta\" style=\"margin-top: 6px\">\n\t\t\t<\/div>\n\n\t<div class=\"cn-clear\" style=\"display:table;width:100%;\">\n\t\t<div style=\"display:table-cell;vertical-align:middle;\">\n\t\t\t<div class=\"cn-categories\"><span class=\"cn_category_label\">Cat\u00e9gories : <\/span> <span class=\"cn-category-name cn_category cn-category-18 cn-category-entraineur-cadre-cantonal\">Entraineur Cadre Cantonal<\/span><span class=\"cn-category-separator\">, <\/span><span class=\"cn-category-name cn_category cn-category-3 cn-category-entraineurs\">Entraineurs<\/span><span class=\"cn-category-separator\">, <\/span><span class=\"cn-category-name cn_category cn-category-17 cn-category-entraineurs-junior-espoirs\">Entraineurs Junior-Espoirs<\/span><\/div>\n\t\t<\/div>\n\t\t<div style=\"display:table-cell;text-align:right;vertical-align:middle;\">\n\t\t\t<span class=\"cn-last-updated\" style=\"display: none;font-size: 10px;font-variant: small-caps;margin-right: 10px\">Mis \u00e0 jour il y a 2 ans.<\/span>\n<span class=\"cn-return-to-top\"><a href=\"#cn-top\" title=\"Retour haut de page\"><img decoding=\"async\" src=\"https:\/\/www.judo-vaud.ch\/cms\/wp-content\/plugins\/connections\/assets\/images\/uparrow.gif\" alt=\"Retour haut de page\"\/><\/a><\/span>\n\t\t<\/div>\n\t<\/div>\n\n<\/div>\n\n<\/div>\n<div class=\"cn-list-row-alternate cn-list-item vcard individual entraineur-cadre-cantonal entraineurs\" id=\"leonard-payraudeau\" data-entry-type=\"individual\" data-entry-id=\"77\" data-entry-slug=\"leonard-payraudeau\"><div class=\"cn-entry\" style=\"background-color: #FFF;border: 1px solid #E3E3E3;border-radius: 4px;color: #000;margin: 8px 0;padding: 10px;position: relative\">\n\n\t<div class=\"cn-left\" style=\"width:49%; float:left\">\n\t\t<span class=\"cn-image-style\"><span style=\"display: block; max-width: 100%; width: 112px\"><img loading=\"lazy\" width=\"112\" height=\"150\" sizes=\"auto, 100vw\" lazyload=\"1\" class=\"cn-image photo\" alt=\"Photo de L\u00e9onard Payraudeau\" title=\"Photo de L\u00e9onard Payraudeau\" srcset=\"\/\/www.judo-vaud.ch\/cms\/wp-content\/uploads\/connections-images\/leonard-payraudeau\/LeonardPAYRAUDEAU-83245f1d610c59e0148c91c07adafdd1.png 1x\" loading=\"lazy\"\/><\/span><\/span>\n\t\t<div style=\"clear:both;\"><\/div>\n\t\t<div style=\"margin-bottom: 10px;\">\n\t\t\t<div style=\"font-size:larger;font-variant: small-caps\"><strong><span class=\"fn n notranslate\"> <span class=\"given-name\">L\u00e9onard<\/span> <span class=\"family-name\">Payraudeau<\/span><\/span>\n<\/strong><\/div>\n\t\t\t\n\t\t<\/div>\n\n\t<\/div>\n\n\t<div class=\"cn-right\" style=\"text-align: right;\">\n\n\t\t<span class=\"email-address-block\">\n<span class=\"email cn-email-address\"><span class=\"email-name\">Courriel personnel<\/span><span class=\"cn-separator\">:<\/span> <span class=\"email-address\"><script type=\"text\/javascript\">\r\n\t\t\t\t\t\/* <![CDATA[ *\/\r\n\t \t\t\t\tcnROT13.writeROT13(\"<n pynff=\\\"inyhr\\\" gvgyr=\\\"Y\u00e9baneq Cnlenhqrnh crefbany rznvy\\056\\\" uers=\\\"znvygb:cnlenhqrnhyrbaneq\\100tznvy\\056pbz\\\">cnlenhqrnhyrbaneq\\100tznvy\\056pbz<\\057n>\");\r\n\t\t\t\t\t\/* ]]-> *\/\r\n\t \t\t\t\t<\/script><noscript><span style=\"unicode-bidi: bidi-override; direction:rtl;\">&#109;&#111;&#99;.&#108;iamg&#64;&#100;&#114;&#97;n&#111;el&#117;&#97;&#101;d&#117;a&#114;y&#97;p<\/span><\/noscript><\/span><span class=\"type\" style=\"display: none;\">INTERNET<\/span><\/span>\n<\/span>\n\n\t<\/div>\n\n\t<div style=\"clear:both\"><\/div>\n\n\t\n\t<div class=\"cn-meta\" style=\"margin-top: 6px\">\n\t\t\t<\/div>\n\n\t<div class=\"cn-clear\" style=\"display:table;width:100%;\">\n\t\t<div style=\"display:table-cell;vertical-align:middle;\">\n\t\t\t<div class=\"cn-categories\"><span class=\"cn_category_label\">Cat\u00e9gories : <\/span> <span class=\"cn-category-name cn_category cn-category-18 cn-category-entraineur-cadre-cantonal\">Entraineur Cadre Cantonal<\/span><span class=\"cn-category-separator\">, <\/span><span class=\"cn-category-name cn_category cn-category-3 cn-category-entraineurs\">Entraineurs<\/span><\/div>\n\t\t<\/div>\n\t\t<div style=\"display:table-cell;text-align:right;vertical-align:middle;\">\n\t\t\t<span class=\"cn-last-updated\" style=\"display: none;font-size: 10px;font-variant: small-caps;margin-right: 10px\">Mis \u00e0 jour il y a 4 ans.<\/span>\n<span class=\"cn-return-to-top\"><a href=\"#cn-top\" title=\"Retour haut de page\"><img decoding=\"async\" src=\"https:\/\/www.judo-vaud.ch\/cms\/wp-content\/plugins\/connections\/assets\/images\/uparrow.gif\" alt=\"Retour haut de page\"\/><\/a><\/span>\n\t\t<\/div>\n\t<\/div>\n\n<\/div>\n\n<\/div>\n<div class=\"cn-list-row cn-list-item vcard individual entraineur-cadre-cantonal entraineurs\" id=\"julien-vollenweider\" data-entry-type=\"individual\" data-entry-id=\"70\" data-entry-slug=\"julien-vollenweider\"><div class=\"cn-entry\" style=\"background-color: #FFF;border: 1px solid #E3E3E3;border-radius: 4px;color: #000;margin: 8px 0;padding: 10px;position: relative\">\n\n\t<div class=\"cn-left\" style=\"width:49%; float:left\">\n\t\t\n\t\t<div style=\"clear:both;\"><\/div>\n\t\t<div style=\"margin-bottom: 10px;\">\n\t\t\t<div style=\"font-size:larger;font-variant: small-caps\"><strong><span class=\"fn n notranslate\"> <span class=\"given-name\">Julien<\/span> <span class=\"family-name\">Vollenweider<\/span><\/span>\n<\/strong><\/div>\n\t\t\t\n\t\t<\/div>\n\n\t<\/div>\n\n\t<div class=\"cn-right\" style=\"text-align: right;\">\n\n\t\t<span class=\"email-address-block\">\n<span class=\"email cn-email-address\"><span class=\"email-name\">Courriel personnel<\/span><span class=\"cn-separator\">:<\/span> <span class=\"email-address\"><script type=\"text\/javascript\">\r\n\t\t\t\t\t\/* <![CDATA[ *\/\r\n\t \t\t\t\tcnROT13.writeROT13(\"<n pynff=\\\"inyhr\\\" gvgyr=\\\"Whyvra Ibyyrajrvqre crefbany rznvy\\056\\\" uers=\\\"znvygb:whyvra\\056ibyyrajrvqre\\100ubgznvy\\056pbz\\\">whyvra\\056ibyyrajrvqre\\100ubgznvy\\056pbz<\\057n>\");\r\n\t\t\t\t\t\/* ]]-> *\/\r\n\t \t\t\t\t<\/script><noscript><span style=\"unicode-bidi: bidi-override; direction:rtl;\">moc.lia&#109;t&#111;&#104;&#64;&#114;e&#100;&#105;ew&#110;e&#108;&#108;&#111;&#118;.ne&#105;lu&#106;<\/span><\/noscript><\/span><span class=\"type\" style=\"display: none;\">INTERNET<\/span><\/span>\n<\/span>\n\n\t<\/div>\n\n\t<div style=\"clear:both\"><\/div>\n\n\t\n\t<div class=\"cn-meta\" style=\"margin-top: 6px\">\n\t\t\t<\/div>\n\n\t<div class=\"cn-clear\" style=\"display:table;width:100%;\">\n\t\t<div style=\"display:table-cell;vertical-align:middle;\">\n\t\t\t<div class=\"cn-categories\"><span class=\"cn_category_label\">Cat\u00e9gories : <\/span> <span class=\"cn-category-name cn_category cn-category-18 cn-category-entraineur-cadre-cantonal\">Entraineur Cadre Cantonal<\/span><span class=\"cn-category-separator\">, <\/span><span class=\"cn-category-name cn_category cn-category-3 cn-category-entraineurs\">Entraineurs<\/span><\/div>\n\t\t<\/div>\n\t\t<div style=\"display:table-cell;text-align:right;vertical-align:middle;\">\n\t\t\t<span class=\"cn-last-updated\" style=\"display: none;font-size: 10px;font-variant: small-caps;margin-right: 10px\">Mis \u00e0 jour il y a 7 ans.<\/span>\n<span class=\"cn-return-to-top\"><a href=\"#cn-top\" title=\"Retour haut de page\"><img decoding=\"async\" src=\"https:\/\/www.judo-vaud.ch\/cms\/wp-content\/plugins\/connections\/assets\/images\/uparrow.gif\" alt=\"Retour haut de page\"\/><\/a><\/span>\n\t\t<\/div>\n\t<\/div>\n\n<\/div>\n\n<\/div>\n<\/div>\n<div class=\"cn-list-foot\">\n\n<\/div>\n\n<\/div>\n\n<\/div>\n<p>Les entra\u00eenements ont lieu sous la direction principal de Florian Girardoz et de Vincent Ferrier.<\/p>\n<p>La s\u00e9lection des membres du Cadre 1 et 2 et toutes les d\u00e9tails du Cadre sont dans<a href=\"http:\/\/www.judo-vaud.ch\/?page_id=827\"> la page suivante.<\/a><\/li>\n<\/ul>\n<\/div>\n","protected":false},"excerpt":{"rendered":"<p>Les entra\u00eenements CCVD sont ouverts \u00e0 tout judoka motiv\u00e9 entre 10 et 14 ans, \u00e0 partir de la ceinture orange, et ont lieu de 10.00 \u00e0 11.45 et de 12.45 \u00e0 14.15. Merci de pr\u00e9voir un pique-nique sain pour la pause de midi (chips, bonbons, sodas, etc. seront confisqu\u00e9s). Les lieux des divers entra\u00eenements se [&hellip;]<\/p>\n","protected":false},"author":4,"featured_media":0,"parent":823,"menu_order":1,"comment_status":"closed","ping_status":"closed","template":"","meta":{"_cbd_carousel_blocks":"[]","footnotes":""},"class_list":["post-840","page","type-page","status-publish","hentry"],"_links":{"self":[{"href":"https:\/\/www.judo-vaud.ch\/index.php?rest_route=\/wp\/v2\/pages\/840","targetHints":{"allow":["GET"]}}],"collection":[{"href":"https:\/\/www.judo-vaud.ch\/index.php?rest_route=\/wp\/v2\/pages"}],"about":[{"href":"https:\/\/www.judo-vaud.ch\/index.php?rest_route=\/wp\/v2\/types\/page"}],"author":[{"embeddable":true,"href":"https:\/\/www.judo-vaud.ch\/index.php?rest_route=\/wp\/v2\/users\/4"}],"replies":[{"embeddable":true,"href":"https:\/\/www.judo-vaud.ch\/index.php?rest_route=%2Fwp%2Fv2%2Fcomments&post=840"}],"version-history":[{"count":28,"href":"https:\/\/www.judo-vaud.ch\/index.php?rest_route=\/wp\/v2\/pages\/840\/revisions"}],"predecessor-version":[{"id":8387,"href":"https:\/\/www.judo-vaud.ch\/index.php?rest_route=\/wp\/v2\/pages\/840\/revisions\/8387"}],"up":[{"embeddable":true,"href":"https:\/\/www.judo-vaud.ch\/index.php?rest_route=\/wp\/v2\/pages\/823"}],"wp:attachment":[{"href":"https:\/\/www.judo-vaud.ch\/index.php?rest_route=%2Fwp%2Fv2%2Fmedia&parent=840"}],"curies":[{"name":"wp","href":"https:\/\/api.w.org\/{rel}","templated":true}]}}