{"id":836,"date":"2012-09-23T18:58:18","date_gmt":"2012-09-23T17:58:18","guid":{"rendered":"http:\/\/www.judo-vaud.ch\/?page_id=836"},"modified":"2012-09-23T18:58:18","modified_gmt":"2012-09-23T17:58:18","slug":"resultats","status":"publish","type":"page","link":"https:\/\/www.judo-vaud.ch\/?page_id=836","title":{"rendered":"R\u00e9sultats"},"content":{"rendered":"<p><img decoding=\"async\" class=\"alignright wp-image-1643 size-thumbnail\" src=\"http:\/\/www.judo-vaud.ch\/cms\/wp-content\/plugins\/AVJJ-ShortCode\/photos\/logo_CC.jpg\" alt=\"CC\" width=\"150\" height=\"150\" \/><br \/>\n<div class=\"pt-cv-wrapper\"><div class=\"pt-cv-view pt-cv-grid pt-cv-colsys\" id=\"pt-cv-view-afd3bc599a\"><div data-id=\"pt-cv-page-1\" class=\"pt-cv-page\" data-cvc=\"2\"><div class=\"col-md-6 col-sm-6 col-xs-12 pt-cv-content-item pt-cv-2-col\" ><div class='pt-cv-ifield'><a href=\"https:\/\/www.judo-vaud.ch\/?p=12179\" class=\"_self pt-cv-href-thumbnail pt-cv-thumb-left\" target=\"_self\" ><img fetchpriority=\"high\" decoding=\"async\" width=\"300\" height=\"187\" src=\"https:\/\/www.judo-vaud.ch\/cms\/wp-content\/uploads\/2020\/02\/DSC_0049-300x187.jpg\" class=\"pt-cv-thumbnail pull-left\" alt=\"\" srcset=\"https:\/\/www.judo-vaud.ch\/cms\/wp-content\/uploads\/2020\/02\/DSC_0049-300x187.jpg 300w, https:\/\/www.judo-vaud.ch\/cms\/wp-content\/uploads\/2020\/02\/DSC_0049-1024x640.jpg 1024w, https:\/\/www.judo-vaud.ch\/cms\/wp-content\/uploads\/2020\/02\/DSC_0049-768x480.jpg 768w, https:\/\/www.judo-vaud.ch\/cms\/wp-content\/uploads\/2020\/02\/DSC_0049-480x300.jpg 480w, https:\/\/www.judo-vaud.ch\/cms\/wp-content\/uploads\/2020\/02\/DSC_0049.jpg 1293w\" sizes=\"(max-width: 300px) 100vw, 300px\" \/><\/a>\n<h4 class=\"pt-cv-title\"><a href=\"https:\/\/www.judo-vaud.ch\/?p=12179\" class=\"_self\" target=\"_self\" >CCVD &#8211; Agenda 2025<\/a><\/h4>\n<div class=\"pt-cv-content\">L'agenda 2025 du Cadre Cantonal Vaudois est mise \u00e0 jour ...<\/div><\/div><\/div>\n<div class=\"col-md-6 col-sm-6 col-xs-12 pt-cv-content-item pt-cv-2-col\" ><div class='pt-cv-ifield'><a href=\"https:\/\/www.judo-vaud.ch\/?p=12095\" class=\"_self pt-cv-href-thumbnail pt-cv-thumb-left\" target=\"_self\" ><img decoding=\"async\" width=\"300\" height=\"225\" src=\"https:\/\/www.judo-vaud.ch\/cms\/wp-content\/uploads\/2024\/11\/2024-Equipe-300x225.jpeg\" class=\"pt-cv-thumbnail pull-left\" alt=\"\" srcset=\"https:\/\/www.judo-vaud.ch\/cms\/wp-content\/uploads\/2024\/11\/2024-Equipe-300x225.jpeg 300w, https:\/\/www.judo-vaud.ch\/cms\/wp-content\/uploads\/2024\/11\/2024-Equipe-1024x768.jpeg 1024w, https:\/\/www.judo-vaud.ch\/cms\/wp-content\/uploads\/2024\/11\/2024-Equipe-768x576.jpeg 768w, https:\/\/www.judo-vaud.ch\/cms\/wp-content\/uploads\/2024\/11\/2024-Equipe-1536x1152.jpeg 1536w, https:\/\/www.judo-vaud.ch\/cms\/wp-content\/uploads\/2024\/11\/2024-Equipe-2048x1536.jpeg 2048w, https:\/\/www.judo-vaud.ch\/cms\/wp-content\/uploads\/2024\/11\/2024-Equipe-110x83.jpeg 110w, https:\/\/www.judo-vaud.ch\/cms\/wp-content\/uploads\/2024\/11\/2024-Equipe-420x315.jpeg 420w, https:\/\/www.judo-vaud.ch\/cms\/wp-content\/uploads\/2024\/11\/2024-Equipe-573x430.jpeg 573w, https:\/\/www.judo-vaud.ch\/cms\/wp-content\/uploads\/2024\/11\/2024-Equipe-160x120.jpeg 160w, https:\/\/www.judo-vaud.ch\/cms\/wp-content\/uploads\/2024\/11\/2024-Equipe-1320x990.jpeg 1320w\" sizes=\"(max-width: 300px) 100vw, 300px\" \/><\/a>\n<h4 class=\"pt-cv-title\"><a href=\"https:\/\/www.judo-vaud.ch\/?p=12095\" class=\"_self\" target=\"_self\" >R\u00e9sultats (M15\/M13) et (M21\/M18)<\/a><\/h4>\n<div class=\"pt-cv-content\">Ce dimanche 10 novembre 2024 a eu lieu la Coupe des cadres cantonaux (M15\/M13) ainsi que la Swiss cup (M21\/M18) ...<\/div><\/div><\/div>\n<div class=\"col-md-6 col-sm-6 col-xs-12 pt-cv-content-item pt-cv-2-col\" ><div class='pt-cv-ifield'><a href=\"https:\/\/www.judo-vaud.ch\/?p=11407\" class=\"_self pt-cv-href-thumbnail pt-cv-thumb-left\" target=\"_self\" ><img loading=\"lazy\" decoding=\"async\" width=\"300\" height=\"208\" src=\"https:\/\/www.judo-vaud.ch\/cms\/wp-content\/uploads\/2024\/02\/2024-CCVD-Bourg-en-Bresse-300x208.jpeg\" class=\"pt-cv-thumbnail pull-left\" alt=\"\" srcset=\"https:\/\/www.judo-vaud.ch\/cms\/wp-content\/uploads\/2024\/02\/2024-CCVD-Bourg-en-Bresse-300x208.jpeg 300w, https:\/\/www.judo-vaud.ch\/cms\/wp-content\/uploads\/2024\/02\/2024-CCVD-Bourg-en-Bresse-1024x711.jpeg 1024w, https:\/\/www.judo-vaud.ch\/cms\/wp-content\/uploads\/2024\/02\/2024-CCVD-Bourg-en-Bresse-768x533.jpeg 768w, https:\/\/www.judo-vaud.ch\/cms\/wp-content\/uploads\/2024\/02\/2024-CCVD-Bourg-en-Bresse-1536x1067.jpeg 1536w, https:\/\/www.judo-vaud.ch\/cms\/wp-content\/uploads\/2024\/02\/2024-CCVD-Bourg-en-Bresse-2048x1422.jpeg 2048w, https:\/\/www.judo-vaud.ch\/cms\/wp-content\/uploads\/2024\/02\/2024-CCVD-Bourg-en-Bresse-110x76.jpeg 110w, https:\/\/www.judo-vaud.ch\/cms\/wp-content\/uploads\/2024\/02\/2024-CCVD-Bourg-en-Bresse-420x292.jpeg 420w, https:\/\/www.judo-vaud.ch\/cms\/wp-content\/uploads\/2024\/02\/2024-CCVD-Bourg-en-Bresse-619x430.jpeg 619w, https:\/\/www.judo-vaud.ch\/cms\/wp-content\/uploads\/2024\/02\/2024-CCVD-Bourg-en-Bresse-1320x917.jpeg 1320w\" sizes=\"(max-width: 300px) 100vw, 300px\" \/><\/a>\n<h4 class=\"pt-cv-title\"><a href=\"https:\/\/www.judo-vaud.ch\/?p=11407\" class=\"_self\" target=\"_self\" >Tournoi de Bourg-en-Bresse (FRA)<\/a><\/h4>\n<div class=\"pt-cv-content\">Ce dimanche 25 f\u00e9vrier 2024, 9 athl\u00e8tes du Cadre cantonal vaudois se d\u00e9pla\u00e7aient au Tournoi de Bourg-en-Bresse (France) ...<\/div><\/div><\/div>\n<div class=\"col-md-6 col-sm-6 col-xs-12 pt-cv-content-item pt-cv-2-col\" ><div class='pt-cv-ifield'><a href=\"https:\/\/www.judo-vaud.ch\/?p=11281\" class=\"_self pt-cv-href-thumbnail pt-cv-thumb-left\" target=\"_self\" ><img fetchpriority=\"high\" decoding=\"async\" width=\"300\" height=\"187\" src=\"https:\/\/www.judo-vaud.ch\/cms\/wp-content\/uploads\/2020\/02\/DSC_0049-300x187.jpg\" class=\"pt-cv-thumbnail pull-left\" alt=\"\" srcset=\"https:\/\/www.judo-vaud.ch\/cms\/wp-content\/uploads\/2020\/02\/DSC_0049-300x187.jpg 300w, https:\/\/www.judo-vaud.ch\/cms\/wp-content\/uploads\/2020\/02\/DSC_0049-1024x640.jpg 1024w, https:\/\/www.judo-vaud.ch\/cms\/wp-content\/uploads\/2020\/02\/DSC_0049-768x480.jpg 768w, https:\/\/www.judo-vaud.ch\/cms\/wp-content\/uploads\/2020\/02\/DSC_0049-480x300.jpg 480w, https:\/\/www.judo-vaud.ch\/cms\/wp-content\/uploads\/2020\/02\/DSC_0049.jpg 1293w\" sizes=\"(max-width: 300px) 100vw, 300px\" \/><\/a>\n<h4 class=\"pt-cv-title\"><a href=\"https:\/\/www.judo-vaud.ch\/?p=11281\" class=\"_self\" target=\"_self\" >CCVD &#8211; Agenda 2024<\/a><\/h4>\n<div class=\"pt-cv-content\">L'agenda 2024 du Cadre Cantonal Vaudois est mise \u00e0 jour ...<\/div><\/div><\/div>\n<div class=\"col-md-6 col-sm-6 col-xs-12 pt-cv-content-item pt-cv-2-col\" ><div class='pt-cv-ifield'><a href=\"https:\/\/www.judo-vaud.ch\/?p=10994\" class=\"_self pt-cv-href-thumbnail pt-cv-thumb-left\" target=\"_self\" ><img loading=\"lazy\" decoding=\"async\" width=\"300\" height=\"156\" src=\"https:\/\/www.judo-vaud.ch\/cms\/wp-content\/uploads\/2023\/11\/535f44ed-2bfb-46c4-aa21-4570e6643622-300x156.jpg\" class=\"pt-cv-thumbnail pull-left\" alt=\"\" srcset=\"https:\/\/www.judo-vaud.ch\/cms\/wp-content\/uploads\/2023\/11\/535f44ed-2bfb-46c4-aa21-4570e6643622-300x156.jpg 300w, https:\/\/www.judo-vaud.ch\/cms\/wp-content\/uploads\/2023\/11\/535f44ed-2bfb-46c4-aa21-4570e6643622-768x399.jpg 768w, https:\/\/www.judo-vaud.ch\/cms\/wp-content\/uploads\/2023\/11\/535f44ed-2bfb-46c4-aa21-4570e6643622-110x57.jpg 110w, https:\/\/www.judo-vaud.ch\/cms\/wp-content\/uploads\/2023\/11\/535f44ed-2bfb-46c4-aa21-4570e6643622-420x218.jpg 420w, https:\/\/www.judo-vaud.ch\/cms\/wp-content\/uploads\/2023\/11\/535f44ed-2bfb-46c4-aa21-4570e6643622-770x400.jpg 770w, https:\/\/www.judo-vaud.ch\/cms\/wp-content\/uploads\/2023\/11\/535f44ed-2bfb-46c4-aa21-4570e6643622.jpg 846w\" sizes=\"(max-width: 300px) 100vw, 300px\" \/><\/a>\n<h4 class=\"pt-cv-title\"><a href=\"https:\/\/www.judo-vaud.ch\/?p=10994\" class=\"_self\" target=\"_self\" >Doubl\u00e9 pour les \u00e9quipes vaudoises<\/a><\/h4>\n<div class=\"pt-cv-content\">Ce dimanche 12 novembre 2023\u00a0\u00e0 Neuchatel, Team VD prend les deux 1\u00e8res place \u00e0 la coupe suisse des cadres cantonaux ...<\/div><\/div><\/div>\n<div class=\"col-md-6 col-sm-6 col-xs-12 pt-cv-content-item pt-cv-2-col\" ><div class='pt-cv-ifield'><a href=\"https:\/\/www.judo-vaud.ch\/?p=10907\" class=\"_self pt-cv-href-thumbnail pt-cv-thumb-left\" target=\"_self\" ><img loading=\"lazy\" decoding=\"async\" width=\"291\" height=\"300\" src=\"https:\/\/www.judo-vaud.ch\/cms\/wp-content\/uploads\/2023\/10\/5d9b0817-516a-41c2-b770-0dd9765650ca-291x300.jpg\" class=\"pt-cv-thumbnail pull-left\" alt=\"\" srcset=\"https:\/\/www.judo-vaud.ch\/cms\/wp-content\/uploads\/2023\/10\/5d9b0817-516a-41c2-b770-0dd9765650ca-291x300.jpg 291w, https:\/\/www.judo-vaud.ch\/cms\/wp-content\/uploads\/2023\/10\/5d9b0817-516a-41c2-b770-0dd9765650ca-768x793.jpg 768w, https:\/\/www.judo-vaud.ch\/cms\/wp-content\/uploads\/2023\/10\/5d9b0817-516a-41c2-b770-0dd9765650ca-107x110.jpg 107w, https:\/\/www.judo-vaud.ch\/cms\/wp-content\/uploads\/2023\/10\/5d9b0817-516a-41c2-b770-0dd9765650ca-407x420.jpg 407w, https:\/\/www.judo-vaud.ch\/cms\/wp-content\/uploads\/2023\/10\/5d9b0817-516a-41c2-b770-0dd9765650ca-417x430.jpg 417w, https:\/\/www.judo-vaud.ch\/cms\/wp-content\/uploads\/2023\/10\/5d9b0817-516a-41c2-b770-0dd9765650ca.jpg 992w\" sizes=\"(max-width: 291px) 100vw, 291px\" \/><\/a>\n<h4 class=\"pt-cv-title\"><a href=\"https:\/\/www.judo-vaud.ch\/?p=10907\" class=\"_self\" target=\"_self\" >Tournoi Hainaut (BEL)<\/a><\/h4>\n<div class=\"pt-cv-content\">Les membres du cadre Vaudois s\u2019illustrent en Belgique ...<\/div><\/div><\/div><\/div><\/div>\n<div class=\" pt-cv-pagination-wrapper\"><ul class=\"pt-cv-pagination pt-cv-ajax pagination\" data-totalpages=\"19\" data-currentpage=\"1\" data-sid=\"afd3bc599a\" data-unid=\"\" data-isblock=\"\" data-postid=\"\"><li class=\"active\"><a href=\"#\">1<\/a><\/li>\n\t<li ><a class=\"\" href=\"https:\/\/www.judo-vaud.ch\/index.php\/?_page=2&#038;rest_route=%2Fwp%2Fv2%2Fpages%2F836\">2<\/a><\/li>\n\t<li ><a class=\"\" href=\"https:\/\/www.judo-vaud.ch\/index.php\/?_page=3&#038;rest_route=%2Fwp%2Fv2%2Fpages%2F836\">3<\/a><\/li>\n\t<li ><a href=\"#\">\u2026<\/a><\/li>\n\t<li ><a class=\"\" href=\"https:\/\/www.judo-vaud.ch\/index.php\/?_page=19&#038;rest_route=%2Fwp%2Fv2%2Fpages%2F836\">19<\/a><\/li>\n\t<li ><a class=\" \" href=\"https:\/\/www.judo-vaud.ch\/index.php\/?_page=2&#038;rest_route=%2Fwp%2Fv2%2Fpages%2F836\">&rsaquo;<\/a><\/li>\n\t<\/ul><img loading=\"lazy\" decoding=\"async\" width=\"15\" height=\"15\" class=\"pt-cv-spinner\" alt=\"Chargement\u2026\" src=\"data:image\/gif;base64,R0lGODlhDwAPALMPAMrKygwMDJOTkz09PZWVla+vr3p6euTk5M7OzuXl5TMzMwAAAJmZmWZmZszMzP\/\/\/yH\/C05FVFNDQVBFMi4wAwEAAAAh+QQFCgAPACwAAAAADwAPAAAEQvDJaZaZOIcV8iQK8VRX4iTYoAwZ4iCYoAjZ4RxejhVNoT+mRGP4cyF4Pp0N98sBGIBMEMOotl6YZ3S61Bmbkm4mAgAh+QQFCgAPACwAAAAADQANAAAENPDJSRSZeA418itN8QiK8BiLITVsFiyBBIoYqnoewAD4xPw9iY4XLGYSjkQR4UAUD45DLwIAIfkEBQoADwAsAAAAAA8ACQAABC\/wyVlamTi3nSdgwFNdhEJgTJoNyoB9ISYoQmdjiZPcj7EYCAeCF1gEDo4Dz2eIAAAh+QQFCgAPACwCAAAADQANAAAEM\/DJBxiYeLKdX3IJZT1FU0iIg2RNKx3OkZVnZ98ToRD4MyiDnkAh6BkNC0MvsAj0kMpHBAAh+QQFCgAPACwGAAAACQAPAAAEMDC59KpFDll73HkAA2wVY5KgiK5b0RRoI6MuzG6EQqCDMlSGheEhUAgqgUUAFRySIgAh+QQFCgAPACwCAAIADQANAAAEM\/DJKZNLND\/kkKaHc3xk+QAMYDKsiaqmZCxGVjSFFCxB1vwy2oOgIDxuucxAMTAJFAJNBAAh+QQFCgAPACwAAAYADwAJAAAEMNAs86q1yaWwwv2Ig0jUZx3OYa4XoRAfwADXoAwfo1+CIjyFRuEho60aSNYlOPxEAAAh+QQFCgAPACwAAAIADQANAAAENPA9s4y8+IUVcqaWJ4qEQozSoAzoIyhCK2NFU2SJk0hNnyEOhKR2AzAAj4Pj4GE4W0bkJQIAOw==\" \/><div class=\"clear pt-cv-clear-pagination\"><\/div><\/div><\/div><\/p>\n<p>&nbsp;<\/p>\n<p>&nbsp;<\/p>\n<h3>Renseignements:<\/h3>\n<div id=\"cn-top\" style=\"position: absolute; top: 0; right: 0;\"><\/div><div class=\"cn-list\" id=\"cn-list\" data-connections-version=\"10.4.67-0.7\"><div class=\"cn-template cn-card\" id=\"cn-card\" data-template-version=\"3.0\"><div class=\"cn-list-head\">\n\n<\/div>\n<div class=\"cn-list-body\" id=\"cn-list-body\">\n<div class=\"cn-list-row cn-list-item vcard individual entraineur-cadre-cantonal entraineurs entraineurs-junior-espoirs\" id=\"florian-girardoz\" data-entry-type=\"individual\" data-entry-id=\"62\" data-entry-slug=\"florian-girardoz\"><div class=\"cn-entry\" style=\"background-color: #FFF;border: 1px solid #E3E3E3;border-radius: 4px;color: #000;margin: 8px 0;padding: 10px;position: relative\">\n\n\t<div class=\"cn-left\" style=\"width:49%; float:left\">\n\t\t<span class=\"cn-image-style\"><span style=\"display: block; max-width: 100%; width: 112px\"><img loading=\"lazy\" width=\"112\" height=\"150\" sizes=\"auto, 100vw\" lazyload=\"1\" class=\"cn-image photo\" alt=\"Photo de Florian Girardoz\" title=\"Photo de Florian Girardoz\" srcset=\"\/\/www.judo-vaud.ch\/cms\/wp-content\/uploads\/connections-images\/florian-girardoz\/FlorianGirardoz2-c257fc4cf15e2ba216ccd3efb782ff09.jpg 1x\" loading=\"lazy\"\/><\/span><\/span>\n\t\t<div style=\"clear:both;\"><\/div>\n\t\t<div style=\"margin-bottom: 10px;\">\n\t\t\t<div style=\"font-size:larger;font-variant: small-caps\"><strong><span class=\"fn n notranslate\"> <span class=\"given-name\">Florian<\/span> <span class=\"family-name\">Girardoz<\/span><\/span>\n<\/strong><\/div>\n\t\t\t\n\t\t<\/div>\n\n\t<\/div>\n\n\t<div class=\"cn-right\" style=\"text-align: right;\">\n\n\t\t<span class=\"phone-number-block\">\n<span class=\"tel cn-phone-number cn-phone-number-type-cellphone cn-preferred cn-phone-number-preferred\"><span class=\"phone-name\">T\u00e9l\u00e9phone mobile<\/span><span class=\"cn-separator\">:<\/span> <span class=\"value\">0795870233<\/span><span class=\"type\" style=\"display: none;\">cell<\/span><\/span>\n<\/span>\n<span class=\"email-address-block\">\n<span class=\"email cn-email-address\"><span class=\"email-name\">Courriel personnel<\/span><span class=\"cn-separator\">:<\/span> <span class=\"email-address\"><script type=\"text\/javascript\">\r\n\t\t\t\t\t\/* <![CDATA[ *\/\r\n\t \t\t\t\tcnROT13.writeROT13(\"<n pynff=\\\"inyhr\\\" gvgyr=\\\"Sybevna Tveneqbm crefbany rznvy\\056\\\" uers=\\\"znvygb:sybevnatveneqbm\\100oyhrjva\\056pu\\\">sybevnatveneqbm\\100oyhrjva\\056pu<\\057n>\");\r\n\t\t\t\t\t\/* ]]-> *\/\r\n\t \t\t\t\t<\/script><noscript><span style=\"unicode-bidi: bidi-override; direction:rtl;\">&#104;c&#46;&#110;&#105;w&#101;ul&#98;&#64;zodra&#114;&#105;g&#110;a&#105;&#114;&#111;lf<\/span><\/noscript><\/span><span class=\"type\" style=\"display: none;\">INTERNET<\/span><\/span>\n<\/span>\n\n\t<\/div>\n\n\t<div style=\"clear:both\"><\/div>\n\n\t\n\t<div class=\"cn-meta\" style=\"margin-top: 6px\">\n\t\t\t<\/div>\n\n\t<div class=\"cn-clear\" style=\"display:table;width:100%;\">\n\t\t<div style=\"display:table-cell;vertical-align:middle;\">\n\t\t\t<div class=\"cn-categories\"><span class=\"cn_category_label\">Cat\u00e9gories : <\/span> <span class=\"cn-category-name cn_category cn-category-18 cn-category-entraineur-cadre-cantonal\">Entraineur Cadre Cantonal<\/span><span class=\"cn-category-separator\">, <\/span><span class=\"cn-category-name cn_category cn-category-3 cn-category-entraineurs\">Entraineurs<\/span><span class=\"cn-category-separator\">, <\/span><span class=\"cn-category-name cn_category cn-category-17 cn-category-entraineurs-junior-espoirs\">Entraineurs Junior-Espoirs<\/span><\/div>\n\t\t<\/div>\n\t\t<div style=\"display:table-cell;text-align:right;vertical-align:middle;\">\n\t\t\t<span class=\"cn-last-updated\" style=\"display: none;font-size: 10px;font-variant: small-caps;margin-right: 10px\">Mis \u00e0 jour il y a 2 ans.<\/span>\n<span class=\"cn-return-to-top\"><a href=\"#cn-top\" title=\"Retour haut de page\"><img decoding=\"async\" src=\"https:\/\/www.judo-vaud.ch\/cms\/wp-content\/plugins\/connections\/assets\/images\/uparrow.gif\" alt=\"Retour haut de page\"\/><\/a><\/span>\n\t\t<\/div>\n\t<\/div>\n\n<\/div>\n\n<\/div>\n<div class=\"cn-list-row-alternate cn-list-item vcard individual entraineur-cadre-cantonal entraineurs\" id=\"leonard-payraudeau\" data-entry-type=\"individual\" data-entry-id=\"77\" data-entry-slug=\"leonard-payraudeau\"><div class=\"cn-entry\" style=\"background-color: #FFF;border: 1px solid #E3E3E3;border-radius: 4px;color: #000;margin: 8px 0;padding: 10px;position: relative\">\n\n\t<div class=\"cn-left\" style=\"width:49%; float:left\">\n\t\t<span class=\"cn-image-style\"><span style=\"display: block; max-width: 100%; width: 112px\"><img loading=\"lazy\" width=\"112\" height=\"150\" sizes=\"auto, 100vw\" lazyload=\"1\" class=\"cn-image photo\" alt=\"Photo de L\u00e9onard Payraudeau\" title=\"Photo de L\u00e9onard Payraudeau\" srcset=\"\/\/www.judo-vaud.ch\/cms\/wp-content\/uploads\/connections-images\/leonard-payraudeau\/LeonardPAYRAUDEAU-83245f1d610c59e0148c91c07adafdd1.png 1x\" loading=\"lazy\"\/><\/span><\/span>\n\t\t<div style=\"clear:both;\"><\/div>\n\t\t<div style=\"margin-bottom: 10px;\">\n\t\t\t<div style=\"font-size:larger;font-variant: small-caps\"><strong><span class=\"fn n notranslate\"> <span class=\"given-name\">L\u00e9onard<\/span> <span class=\"family-name\">Payraudeau<\/span><\/span>\n<\/strong><\/div>\n\t\t\t\n\t\t<\/div>\n\n\t<\/div>\n\n\t<div class=\"cn-right\" style=\"text-align: right;\">\n\n\t\t<span class=\"email-address-block\">\n<span class=\"email cn-email-address\"><span class=\"email-name\">Courriel personnel<\/span><span class=\"cn-separator\">:<\/span> <span class=\"email-address\"><script type=\"text\/javascript\">\r\n\t\t\t\t\t\/* <![CDATA[ *\/\r\n\t \t\t\t\tcnROT13.writeROT13(\"<n pynff=\\\"inyhr\\\" gvgyr=\\\"Y\u00e9baneq Cnlenhqrnh crefbany rznvy\\056\\\" uers=\\\"znvygb:cnlenhqrnhyrbaneq\\100tznvy\\056pbz\\\">cnlenhqrnhyrbaneq\\100tznvy\\056pbz<\\057n>\");\r\n\t\t\t\t\t\/* ]]-> *\/\r\n\t \t\t\t\t<\/script><noscript><span style=\"unicode-bidi: bidi-override; direction:rtl;\">&#109;oc&#46;&#108;&#105;amg&#64;&#100;r&#97;noel&#117;aed&#117;&#97;ryap<\/span><\/noscript><\/span><span class=\"type\" style=\"display: none;\">INTERNET<\/span><\/span>\n<\/span>\n\n\t<\/div>\n\n\t<div style=\"clear:both\"><\/div>\n\n\t\n\t<div class=\"cn-meta\" style=\"margin-top: 6px\">\n\t\t\t<\/div>\n\n\t<div class=\"cn-clear\" style=\"display:table;width:100%;\">\n\t\t<div style=\"display:table-cell;vertical-align:middle;\">\n\t\t\t<div class=\"cn-categories\"><span class=\"cn_category_label\">Cat\u00e9gories : <\/span> <span class=\"cn-category-name cn_category cn-category-18 cn-category-entraineur-cadre-cantonal\">Entraineur Cadre Cantonal<\/span><span class=\"cn-category-separator\">, <\/span><span class=\"cn-category-name cn_category cn-category-3 cn-category-entraineurs\">Entraineurs<\/span><\/div>\n\t\t<\/div>\n\t\t<div style=\"display:table-cell;text-align:right;vertical-align:middle;\">\n\t\t\t<span class=\"cn-last-updated\" style=\"display: none;font-size: 10px;font-variant: small-caps;margin-right: 10px\">Mis \u00e0 jour il y a 4 ans.<\/span>\n<span class=\"cn-return-to-top\"><a href=\"#cn-top\" title=\"Retour haut de page\"><img decoding=\"async\" src=\"https:\/\/www.judo-vaud.ch\/cms\/wp-content\/plugins\/connections\/assets\/images\/uparrow.gif\" alt=\"Retour haut de page\"\/><\/a><\/span>\n\t\t<\/div>\n\t<\/div>\n\n<\/div>\n\n<\/div>\n<div class=\"cn-list-row cn-list-item vcard individual entraineur-cadre-cantonal entraineurs\" id=\"julien-vollenweider\" data-entry-type=\"individual\" data-entry-id=\"70\" data-entry-slug=\"julien-vollenweider\"><div class=\"cn-entry\" style=\"background-color: #FFF;border: 1px solid #E3E3E3;border-radius: 4px;color: #000;margin: 8px 0;padding: 10px;position: relative\">\n\n\t<div class=\"cn-left\" style=\"width:49%; float:left\">\n\t\t\n\t\t<div style=\"clear:both;\"><\/div>\n\t\t<div style=\"margin-bottom: 10px;\">\n\t\t\t<div style=\"font-size:larger;font-variant: small-caps\"><strong><span class=\"fn n notranslate\"> <span class=\"given-name\">Julien<\/span> <span class=\"family-name\">Vollenweider<\/span><\/span>\n<\/strong><\/div>\n\t\t\t\n\t\t<\/div>\n\n\t<\/div>\n\n\t<div class=\"cn-right\" style=\"text-align: right;\">\n\n\t\t<span class=\"email-address-block\">\n<span class=\"email cn-email-address\"><span class=\"email-name\">Courriel personnel<\/span><span class=\"cn-separator\">:<\/span> <span class=\"email-address\"><script type=\"text\/javascript\">\r\n\t\t\t\t\t\/* <![CDATA[ *\/\r\n\t \t\t\t\tcnROT13.writeROT13(\"<n pynff=\\\"inyhr\\\" gvgyr=\\\"Whyvra Ibyyrajrvqre crefbany rznvy\\056\\\" uers=\\\"znvygb:whyvra\\056ibyyrajrvqre\\100ubgznvy\\056pbz\\\">whyvra\\056ibyyrajrvqre\\100ubgznvy\\056pbz<\\057n>\");\r\n\t\t\t\t\t\/* ]]-> *\/\r\n\t \t\t\t\t<\/script><noscript><span style=\"unicode-bidi: bidi-override; direction:rtl;\">moc&#46;&#108;ia&#109;t&#111;&#104;&#64;&#114;e&#100;&#105;&#101;&#119;&#110;el&#108;&#111;&#118;&#46;&#110;eil&#117;j<\/span><\/noscript><\/span><span class=\"type\" style=\"display: none;\">INTERNET<\/span><\/span>\n<\/span>\n\n\t<\/div>\n\n\t<div style=\"clear:both\"><\/div>\n\n\t\n\t<div class=\"cn-meta\" style=\"margin-top: 6px\">\n\t\t\t<\/div>\n\n\t<div class=\"cn-clear\" style=\"display:table;width:100%;\">\n\t\t<div style=\"display:table-cell;vertical-align:middle;\">\n\t\t\t<div class=\"cn-categories\"><span class=\"cn_category_label\">Cat\u00e9gories : <\/span> <span class=\"cn-category-name cn_category cn-category-18 cn-category-entraineur-cadre-cantonal\">Entraineur Cadre Cantonal<\/span><span class=\"cn-category-separator\">, <\/span><span class=\"cn-category-name cn_category cn-category-3 cn-category-entraineurs\">Entraineurs<\/span><\/div>\n\t\t<\/div>\n\t\t<div style=\"display:table-cell;text-align:right;vertical-align:middle;\">\n\t\t\t<span class=\"cn-last-updated\" style=\"display: none;font-size: 10px;font-variant: small-caps;margin-right: 10px\">Mis \u00e0 jour il y a 7 ans.<\/span>\n<span class=\"cn-return-to-top\"><a href=\"#cn-top\" title=\"Retour haut de page\"><img decoding=\"async\" src=\"https:\/\/www.judo-vaud.ch\/cms\/wp-content\/plugins\/connections\/assets\/images\/uparrow.gif\" alt=\"Retour haut de page\"\/><\/a><\/span>\n\t\t<\/div>\n\t<\/div>\n\n<\/div>\n\n<\/div>\n<\/div>\n<div class=\"cn-list-foot\">\n\n<\/div>\n\n<\/div>\n\n<\/div>\n","protected":false},"excerpt":{"rendered":"<p>&nbsp; &nbsp; Renseignements:<\/p>\n","protected":false},"author":3,"featured_media":0,"parent":823,"menu_order":3,"comment_status":"closed","ping_status":"closed","template":"","meta":{"_cbd_carousel_blocks":"[]","footnotes":""},"class_list":["post-836","page","type-page","status-publish","hentry"],"_links":{"self":[{"href":"https:\/\/www.judo-vaud.ch\/index.php?rest_route=\/wp\/v2\/pages\/836","targetHints":{"allow":["GET"]}}],"collection":[{"href":"https:\/\/www.judo-vaud.ch\/index.php?rest_route=\/wp\/v2\/pages"}],"about":[{"href":"https:\/\/www.judo-vaud.ch\/index.php?rest_route=\/wp\/v2\/types\/page"}],"author":[{"embeddable":true,"href":"https:\/\/www.judo-vaud.ch\/index.php?rest_route=\/wp\/v2\/users\/3"}],"replies":[{"embeddable":true,"href":"https:\/\/www.judo-vaud.ch\/index.php?rest_route=%2Fwp%2Fv2%2Fcomments&post=836"}],"version-history":[{"count":0,"href":"https:\/\/www.judo-vaud.ch\/index.php?rest_route=\/wp\/v2\/pages\/836\/revisions"}],"up":[{"embeddable":true,"href":"https:\/\/www.judo-vaud.ch\/index.php?rest_route=\/wp\/v2\/pages\/823"}],"wp:attachment":[{"href":"https:\/\/www.judo-vaud.ch\/index.php?rest_route=%2Fwp%2Fv2%2Fmedia&parent=836"}],"curies":[{"name":"wp","href":"https:\/\/api.w.org\/{rel}","templated":true}]}}