{"id":827,"date":"2012-06-10T18:03:41","date_gmt":"2012-06-10T17:03:41","guid":{"rendered":"http:\/\/www.judo-vaud.ch\/?page_id=827"},"modified":"2019-12-12T09:13:24","modified_gmt":"2019-12-12T08:13:24","slug":"presentation-2","status":"publish","type":"page","link":"https:\/\/www.judo-vaud.ch\/?page_id=827","title":{"rendered":"Pr\u00e9sentation CCVD"},"content":{"rendered":"<p><img decoding=\"async\" class=\"alignright wp-image-1643 size-thumbnail\" src=\"http:\/\/www.judo-vaud.ch\/cms\/wp-content\/plugins\/AVJJ-ShortCode\/photos\/logo_CC.jpg\" alt=\"CC\" width=\"150\" height=\"150\" \/><br \/>\nL\u2019objectif principal du Cadre Cantonal Vaudois (ci-apr\u00e8s CCVD)  est d\u2019offrir aux jeunes judokas un encadrement propice au renforcement des bases techniques et au d\u00e9veloppement des comp\u00e9tences. Cet accompagnement est r\u00e9alis\u00e9, en compl\u00e9ment du travail accompli dans les clubs, dans la perspective de la comp\u00e9tition et d\u2019une int\u00e9gration aux cadres nationaux Ecoliers U15, Espoirs U18, Juniors U21 ou Elites. A cette fin, des entra\u00eenements sont organis\u00e9s r\u00e9guli\u00e8rement de mani\u00e8re centralis\u00e9e. Outre l\u2019aspect de la consolidation des acquis techniques, ces entra\u00eenements doivent \u00e9galement permettre l\u2019am\u00e9lioration des jeunes judokas \u00e0 travers le contact avec de nouveaux partenaires.<\/p>\n<p>Le CCVD est ouvert \u00e0\u00a0:<\/p>\n<ul>\n<li>Tous les judokas (fille ou gar\u00e7on) de 10 \u00e0 14 ans<\/li>\n<li>Licenci\u00e9s dans des clubs vaudois<\/li>\n<li>Porteurs de la ceinture orange au minimum<\/li>\n<\/ul>\n<p>Pour les judokas remplissant ces crit\u00e8res mais venant d\u2019autres cantons, veuillez noter que vous \u00eates les bienvenus aux entra\u00eenements, moyennant une participation financi\u00e8re de 40 CHF par jour.<\/p>\n<p>Il est en tout temps possible d\u2019int\u00e9grer les entra\u00eenements du CCVD, il suffit de se pr\u00e9senter \u00e0 l\u2019un ou l\u2019autre des entra\u00eenements, selon le <a href=\"https:\/\/www.judo-vaud.ch\/?page_id=840\">planning donn\u00e9 \u00e0 la page activit\u00e9s<\/a>.<\/p>\n<p>Le CCVD reste ouvert pour les judokas en premi\u00e8re ann\u00e9e espoir (M18). Ceci doit permettre de leur fournir une meilleure transition vers le Centre R\u00e9gional de Performance Romand (ci-apr\u00e8s CRPR). <\/p>\n<p>De plus, un entra\u00eenement technique hebdomadaire est en place le mercredi apr\u00e8s-midi; il est ouvert aux judokas s\u00e9lectionn\u00e9s (les s\u00e9lections se font apr\u00e8s l\u2019\u00e9t\u00e9 et valent jusqu\u2019\u00e0 l\u2019\u00e9t\u00e9 d\u2019apr\u00e8s).<\/p>\n<p>Le concept du CCVD change cette ann\u00e9e: il n\u2019y aura plus qu\u2019un Cadre 1, compos\u00e9 principalement de judokas M15 s\u00e9lectionn\u00e9s apr\u00e8s les Championnats Vaudois 2020 sur la base de la pr\u00e9sence aux entra\u00eenements, leur engagement lors de ceux-ci, ainsi que selon leurs r\u00e9sultats aux tournois nationaux de Morges 2020, Sierre 2019, Morat 2019, Championnat romand 2019 et Championnat vaudois 2020.<br \/>\nLes judokas du CCVD non s\u00e9lectionn\u00e9s dans le Cadre 1 pourront \u00eatre s\u00e9lectionn\u00e9s pour divers tournois auxquels prendra part le CCVD (p. ex. le tournoi international de St-Gall d\u00e9but avril) sur ces m\u00eames bases.<\/p>\n<p>A noter que le CCVD est incorpor\u00e9 depuis le 1<sup>er<\/sup> janvier 2012 au Cadre National :\u00a0<a href=\"https:\/\/www.judo-vaud.ch\/cms\/wp-content\/uploads\/2012\/12\/concept-cadre-cantonal.pdf\"><u><span style=\"color: #000080;\">concept de la f\u00e9d\u00e9ration suisse de judo.<\/span><\/u><\/a><\/p>\n<p>Pour de plus amples d\u00e9tails, une s\u00e9ance d\u2019information pour vous pr\u00e9senter le concept du CCVD, du CRPR, mais aussi de Sport-\u00c9tudes, sera organis\u00e9 dans le courant du premier semestre, \u00e0 la suite d\u2019un des entra\u00eenements du CCVD.<\/p>\n<p>&nbsp;<\/p>\n<h3>Renseignements:<\/h3>\n<div id=\"cn-top\" style=\"position: absolute; top: 0; right: 0;\"><\/div><div class=\"cn-list\" id=\"cn-list\" data-connections-version=\"10.4.67-0.7\"><div class=\"cn-template cn-card\" id=\"cn-card\" data-template-version=\"3.0\"><div class=\"cn-list-head\">\n\n<\/div>\n<div class=\"cn-list-body\" id=\"cn-list-body\">\n<div class=\"cn-list-row cn-list-item vcard individual entraineur-cadre-cantonal entraineurs entraineurs-junior-espoirs\" id=\"florian-girardoz\" data-entry-type=\"individual\" data-entry-id=\"62\" data-entry-slug=\"florian-girardoz\"><div class=\"cn-entry\" style=\"background-color: #FFF;border: 1px solid #E3E3E3;border-radius: 4px;color: #000;margin: 8px 0;padding: 10px;position: relative\">\n\n\t<div class=\"cn-left\" style=\"width:49%; float:left\">\n\t\t<span class=\"cn-image-style\"><span style=\"display: block; max-width: 100%; width: 112px\"><img loading=\"lazy\" width=\"112\" height=\"150\" sizes=\"auto, 100vw\" lazyload=\"1\" class=\"cn-image photo\" alt=\"Photo de Florian Girardoz\" title=\"Photo de Florian Girardoz\" srcset=\"\/\/www.judo-vaud.ch\/cms\/wp-content\/uploads\/connections-images\/florian-girardoz\/FlorianGirardoz2-c257fc4cf15e2ba216ccd3efb782ff09.jpg 1x\" loading=\"lazy\"\/><\/span><\/span>\n\t\t<div style=\"clear:both;\"><\/div>\n\t\t<div style=\"margin-bottom: 10px;\">\n\t\t\t<div style=\"font-size:larger;font-variant: small-caps\"><strong><span class=\"fn n notranslate\"> <span class=\"given-name\">Florian<\/span> <span class=\"family-name\">Girardoz<\/span><\/span>\n<\/strong><\/div>\n\t\t\t\n\t\t<\/div>\n\n\t<\/div>\n\n\t<div class=\"cn-right\" style=\"text-align: right;\">\n\n\t\t<span class=\"phone-number-block\">\n<span class=\"tel cn-phone-number cn-phone-number-type-cellphone cn-preferred cn-phone-number-preferred\"><span class=\"phone-name\">T\u00e9l\u00e9phone mobile<\/span><span class=\"cn-separator\">:<\/span> <span class=\"value\">0795870233<\/span><span class=\"type\" style=\"display: none;\">cell<\/span><\/span>\n<\/span>\n<span class=\"email-address-block\">\n<span class=\"email cn-email-address\"><span class=\"email-name\">Courriel personnel<\/span><span class=\"cn-separator\">:<\/span> <span class=\"email-address\"><script type=\"text\/javascript\">\r\n\t\t\t\t\t\/* <![CDATA[ *\/\r\n\t \t\t\t\tcnROT13.writeROT13(\"<n pynff=\\\"inyhr\\\" gvgyr=\\\"Sybevna Tveneqbm crefbany rznvy\\056\\\" uers=\\\"znvygb:sybevnatveneqbm\\100oyhrjva\\056pu\\\">sybevnatveneqbm\\100oyhrjva\\056pu<\\057n>\");\r\n\t\t\t\t\t\/* ]]-> *\/\r\n\t \t\t\t\t<\/script><noscript><span style=\"unicode-bidi: bidi-override; direction:rtl;\">h&#99;&#46;n&#105;&#119;e&#117;&#108;b&#64;&#122;&#111;&#100;r&#97;rig&#110;&#97;&#105;&#114;o&#108;f<\/span><\/noscript><\/span><span class=\"type\" style=\"display: none;\">INTERNET<\/span><\/span>\n<\/span>\n\n\t<\/div>\n\n\t<div style=\"clear:both\"><\/div>\n\n\t\n\t<div class=\"cn-meta\" style=\"margin-top: 6px\">\n\t\t\t<\/div>\n\n\t<div class=\"cn-clear\" style=\"display:table;width:100%;\">\n\t\t<div style=\"display:table-cell;vertical-align:middle;\">\n\t\t\t<div class=\"cn-categories\"><span class=\"cn_category_label\">Cat\u00e9gories : <\/span> <span class=\"cn-category-name cn_category cn-category-18 cn-category-entraineur-cadre-cantonal\">Entraineur Cadre Cantonal<\/span><span class=\"cn-category-separator\">, <\/span><span class=\"cn-category-name cn_category cn-category-3 cn-category-entraineurs\">Entraineurs<\/span><span class=\"cn-category-separator\">, <\/span><span class=\"cn-category-name cn_category cn-category-17 cn-category-entraineurs-junior-espoirs\">Entraineurs Junior-Espoirs<\/span><\/div>\n\t\t<\/div>\n\t\t<div style=\"display:table-cell;text-align:right;vertical-align:middle;\">\n\t\t\t<span class=\"cn-last-updated\" style=\"display: none;font-size: 10px;font-variant: small-caps;margin-right: 10px\">Mis \u00e0 jour il y a 2 ans.<\/span>\n<span class=\"cn-return-to-top\"><a href=\"#cn-top\" title=\"Retour haut de page\"><img decoding=\"async\" src=\"https:\/\/www.judo-vaud.ch\/cms\/wp-content\/plugins\/connections\/assets\/images\/uparrow.gif\" alt=\"Retour haut de page\"\/><\/a><\/span>\n\t\t<\/div>\n\t<\/div>\n\n<\/div>\n\n<\/div>\n<div class=\"cn-list-row-alternate cn-list-item vcard individual entraineur-cadre-cantonal entraineurs\" id=\"leonard-payraudeau\" data-entry-type=\"individual\" data-entry-id=\"77\" data-entry-slug=\"leonard-payraudeau\"><div class=\"cn-entry\" style=\"background-color: #FFF;border: 1px solid #E3E3E3;border-radius: 4px;color: #000;margin: 8px 0;padding: 10px;position: relative\">\n\n\t<div class=\"cn-left\" style=\"width:49%; float:left\">\n\t\t<span class=\"cn-image-style\"><span style=\"display: block; max-width: 100%; width: 112px\"><img loading=\"lazy\" width=\"112\" height=\"150\" sizes=\"auto, 100vw\" lazyload=\"1\" class=\"cn-image photo\" alt=\"Photo de L\u00e9onard Payraudeau\" title=\"Photo de L\u00e9onard Payraudeau\" srcset=\"\/\/www.judo-vaud.ch\/cms\/wp-content\/uploads\/connections-images\/leonard-payraudeau\/LeonardPAYRAUDEAU-83245f1d610c59e0148c91c07adafdd1.png 1x\" loading=\"lazy\"\/><\/span><\/span>\n\t\t<div style=\"clear:both;\"><\/div>\n\t\t<div style=\"margin-bottom: 10px;\">\n\t\t\t<div style=\"font-size:larger;font-variant: small-caps\"><strong><span class=\"fn n notranslate\"> <span class=\"given-name\">L\u00e9onard<\/span> <span class=\"family-name\">Payraudeau<\/span><\/span>\n<\/strong><\/div>\n\t\t\t\n\t\t<\/div>\n\n\t<\/div>\n\n\t<div class=\"cn-right\" style=\"text-align: right;\">\n\n\t\t<span class=\"email-address-block\">\n<span class=\"email cn-email-address\"><span class=\"email-name\">Courriel personnel<\/span><span class=\"cn-separator\">:<\/span> <span class=\"email-address\"><script type=\"text\/javascript\">\r\n\t\t\t\t\t\/* <![CDATA[ *\/\r\n\t \t\t\t\tcnROT13.writeROT13(\"<n pynff=\\\"inyhr\\\" gvgyr=\\\"Y\u00e9baneq Cnlenhqrnh crefbany rznvy\\056\\\" uers=\\\"znvygb:cnlenhqrnhyrbaneq\\100tznvy\\056pbz\\\">cnlenhqrnhyrbaneq\\100tznvy\\056pbz<\\057n>\");\r\n\t\t\t\t\t\/* ]]-> *\/\r\n\t \t\t\t\t<\/script><noscript><span style=\"unicode-bidi: bidi-override; direction:rtl;\">&#109;o&#99;&#46;&#108;&#105;amg&#64;&#100;ran&#111;elu&#97;edu&#97;r&#121;a&#112;<\/span><\/noscript><\/span><span class=\"type\" style=\"display: none;\">INTERNET<\/span><\/span>\n<\/span>\n\n\t<\/div>\n\n\t<div style=\"clear:both\"><\/div>\n\n\t\n\t<div class=\"cn-meta\" style=\"margin-top: 6px\">\n\t\t\t<\/div>\n\n\t<div class=\"cn-clear\" style=\"display:table;width:100%;\">\n\t\t<div style=\"display:table-cell;vertical-align:middle;\">\n\t\t\t<div class=\"cn-categories\"><span class=\"cn_category_label\">Cat\u00e9gories : <\/span> <span class=\"cn-category-name cn_category cn-category-18 cn-category-entraineur-cadre-cantonal\">Entraineur Cadre Cantonal<\/span><span class=\"cn-category-separator\">, <\/span><span class=\"cn-category-name cn_category cn-category-3 cn-category-entraineurs\">Entraineurs<\/span><\/div>\n\t\t<\/div>\n\t\t<div style=\"display:table-cell;text-align:right;vertical-align:middle;\">\n\t\t\t<span class=\"cn-last-updated\" style=\"display: none;font-size: 10px;font-variant: small-caps;margin-right: 10px\">Mis \u00e0 jour il y a 4 ans.<\/span>\n<span class=\"cn-return-to-top\"><a href=\"#cn-top\" title=\"Retour haut de page\"><img decoding=\"async\" src=\"https:\/\/www.judo-vaud.ch\/cms\/wp-content\/plugins\/connections\/assets\/images\/uparrow.gif\" alt=\"Retour haut de page\"\/><\/a><\/span>\n\t\t<\/div>\n\t<\/div>\n\n<\/div>\n\n<\/div>\n<div class=\"cn-list-row cn-list-item vcard individual entraineur-cadre-cantonal entraineurs\" id=\"julien-vollenweider\" data-entry-type=\"individual\" data-entry-id=\"70\" data-entry-slug=\"julien-vollenweider\"><div class=\"cn-entry\" style=\"background-color: #FFF;border: 1px solid #E3E3E3;border-radius: 4px;color: #000;margin: 8px 0;padding: 10px;position: relative\">\n\n\t<div class=\"cn-left\" style=\"width:49%; float:left\">\n\t\t\n\t\t<div style=\"clear:both;\"><\/div>\n\t\t<div style=\"margin-bottom: 10px;\">\n\t\t\t<div style=\"font-size:larger;font-variant: small-caps\"><strong><span class=\"fn n notranslate\"> <span class=\"given-name\">Julien<\/span> <span class=\"family-name\">Vollenweider<\/span><\/span>\n<\/strong><\/div>\n\t\t\t\n\t\t<\/div>\n\n\t<\/div>\n\n\t<div class=\"cn-right\" style=\"text-align: right;\">\n\n\t\t<span class=\"email-address-block\">\n<span class=\"email cn-email-address\"><span class=\"email-name\">Courriel personnel<\/span><span class=\"cn-separator\">:<\/span> <span class=\"email-address\"><script type=\"text\/javascript\">\r\n\t\t\t\t\t\/* <![CDATA[ *\/\r\n\t \t\t\t\tcnROT13.writeROT13(\"<n pynff=\\\"inyhr\\\" gvgyr=\\\"Whyvra Ibyyrajrvqre crefbany rznvy\\056\\\" uers=\\\"znvygb:whyvra\\056ibyyrajrvqre\\100ubgznvy\\056pbz\\\">whyvra\\056ibyyrajrvqre\\100ubgznvy\\056pbz<\\057n>\");\r\n\t\t\t\t\t\/* ]]-> *\/\r\n\t \t\t\t\t<\/script><noscript><span style=\"unicode-bidi: bidi-override; direction:rtl;\">m&#111;&#99;&#46;l&#105;&#97;&#109;&#116;&#111;h&#64;&#114;&#101;&#100;&#105;&#101;&#119;n&#101;l&#108;ov&#46;&#110;e&#105;l&#117;j<\/span><\/noscript><\/span><span class=\"type\" style=\"display: none;\">INTERNET<\/span><\/span>\n<\/span>\n\n\t<\/div>\n\n\t<div style=\"clear:both\"><\/div>\n\n\t\n\t<div class=\"cn-meta\" style=\"margin-top: 6px\">\n\t\t\t<\/div>\n\n\t<div class=\"cn-clear\" style=\"display:table;width:100%;\">\n\t\t<div style=\"display:table-cell;vertical-align:middle;\">\n\t\t\t<div class=\"cn-categories\"><span class=\"cn_category_label\">Cat\u00e9gories : <\/span> <span class=\"cn-category-name cn_category cn-category-18 cn-category-entraineur-cadre-cantonal\">Entraineur Cadre Cantonal<\/span><span class=\"cn-category-separator\">, <\/span><span class=\"cn-category-name cn_category cn-category-3 cn-category-entraineurs\">Entraineurs<\/span><\/div>\n\t\t<\/div>\n\t\t<div style=\"display:table-cell;text-align:right;vertical-align:middle;\">\n\t\t\t<span class=\"cn-last-updated\" style=\"display: none;font-size: 10px;font-variant: small-caps;margin-right: 10px\">Mis \u00e0 jour il y a 7 ans.<\/span>\n<span class=\"cn-return-to-top\"><a href=\"#cn-top\" title=\"Retour haut de page\"><img decoding=\"async\" src=\"https:\/\/www.judo-vaud.ch\/cms\/wp-content\/plugins\/connections\/assets\/images\/uparrow.gif\" alt=\"Retour haut de page\"\/><\/a><\/span>\n\t\t<\/div>\n\t<\/div>\n\n<\/div>\n\n<\/div>\n<\/div>\n<div class=\"cn-list-foot\">\n\n<\/div>\n\n<\/div>\n\n<\/div>\n","protected":false},"excerpt":{"rendered":"<p>L\u2019objectif principal du Cadre Cantonal Vaudois (ci-apr\u00e8s CCVD) est d\u2019offrir aux jeunes judokas un encadrement propice au renforcement des bases techniques et au d\u00e9veloppement des comp\u00e9tences. Cet accompagnement est r\u00e9alis\u00e9, en compl\u00e9ment du travail accompli dans les clubs, dans la perspective de la comp\u00e9tition et d\u2019une int\u00e9gration aux cadres nationaux Ecoliers U15, Espoirs U18, Juniors [&hellip;]<\/p>\n","protected":false},"author":3,"featured_media":0,"parent":823,"menu_order":0,"comment_status":"closed","ping_status":"closed","template":"","meta":{"_cbd_carousel_blocks":"[]","footnotes":""},"class_list":["post-827","page","type-page","status-publish","hentry"],"_links":{"self":[{"href":"https:\/\/www.judo-vaud.ch\/index.php?rest_route=\/wp\/v2\/pages\/827","targetHints":{"allow":["GET"]}}],"collection":[{"href":"https:\/\/www.judo-vaud.ch\/index.php?rest_route=\/wp\/v2\/pages"}],"about":[{"href":"https:\/\/www.judo-vaud.ch\/index.php?rest_route=\/wp\/v2\/types\/page"}],"author":[{"embeddable":true,"href":"https:\/\/www.judo-vaud.ch\/index.php?rest_route=\/wp\/v2\/users\/3"}],"replies":[{"embeddable":true,"href":"https:\/\/www.judo-vaud.ch\/index.php?rest_route=%2Fwp%2Fv2%2Fcomments&post=827"}],"version-history":[{"count":4,"href":"https:\/\/www.judo-vaud.ch\/index.php?rest_route=\/wp\/v2\/pages\/827\/revisions"}],"predecessor-version":[{"id":7735,"href":"https:\/\/www.judo-vaud.ch\/index.php?rest_route=\/wp\/v2\/pages\/827\/revisions\/7735"}],"up":[{"embeddable":true,"href":"https:\/\/www.judo-vaud.ch\/index.php?rest_route=\/wp\/v2\/pages\/823"}],"wp:attachment":[{"href":"https:\/\/www.judo-vaud.ch\/index.php?rest_route=%2Fwp%2Fv2%2Fmedia&parent=827"}],"curies":[{"name":"wp","href":"https:\/\/api.w.org\/{rel}","templated":true}]}}