{"id":729,"date":"2012-09-20T20:49:55","date_gmt":"2012-09-20T19:49:55","guid":{"rendered":"https:\/\/www.judo-vaud.ch\/cms\/?page_id=729"},"modified":"2012-09-20T20:49:55","modified_gmt":"2012-09-20T19:49:55","slug":"federation-suisse","status":"publish","type":"page","link":"https:\/\/www.judo-vaud.ch\/?page_id=729","title":{"rendered":"F\u00e9d\u00e9ration Suisse"},"content":{"rendered":"<p><img decoding=\"async\" class=\"alignright wp-image-1643 size-thumbnail\" src=\"http:\/\/www.judo-vaud.ch\/cms\/wp-content\/plugins\/AVJJ-ShortCode\/photos\/logo_fsj-150x150.png\" alt=\"FSJ\" width=\"150\" height=\"150\" \/><br \/>\nl\u2019Association Vaudoise de Judo &amp; Ju-Jitsu est affili\u00e9e \u00e0 la <a href=\"http:\/\/www.fsj.ch\" target=\"_blank\">F\u00e9d\u00e9ration Suisse de Judo\u00a0 &amp; Ju-Jitsu<\/a>.<\/p>\n<p>&nbsp;<\/p>\n<p><span style=\"text-decoration: underline;\"><\/span><\/p>\n","protected":false},"excerpt":{"rendered":"<p>l\u2019Association Vaudoise de Judo &amp; Ju-Jitsu est affili\u00e9e \u00e0 la F\u00e9d\u00e9ration Suisse de Judo\u00a0 &amp; Ju-Jitsu. &nbsp;<\/p>\n","protected":false},"author":3,"featured_media":0,"parent":725,"menu_order":0,"comment_status":"closed","ping_status":"closed","template":"","meta":{"_cbd_carousel_blocks":"[]","footnotes":""},"class_list":["post-729","page","type-page","status-publish","hentry"],"_links":{"self":[{"href":"https:\/\/www.judo-vaud.ch\/index.php?rest_route=\/wp\/v2\/pages\/729","targetHints":{"allow":["GET"]}}],"collection":[{"href":"https:\/\/www.judo-vaud.ch\/index.php?rest_route=\/wp\/v2\/pages"}],"about":[{"href":"https:\/\/www.judo-vaud.ch\/index.php?rest_route=\/wp\/v2\/types\/page"}],"author":[{"embeddable":true,"href":"https:\/\/www.judo-vaud.ch\/index.php?rest_route=\/wp\/v2\/users\/3"}],"replies":[{"embeddable":true,"href":"https:\/\/www.judo-vaud.ch\/index.php?rest_route=%2Fwp%2Fv2%2Fcomments&post=729"}],"version-history":[{"count":0,"href":"https:\/\/www.judo-vaud.ch\/index.php?rest_route=\/wp\/v2\/pages\/729\/revisions"}],"up":[{"embeddable":true,"href":"https:\/\/www.judo-vaud.ch\/index.php?rest_route=\/wp\/v2\/pages\/725"}],"wp:attachment":[{"href":"https:\/\/www.judo-vaud.ch\/index.php?rest_route=%2Fwp%2Fv2%2Fmedia&parent=729"}],"curies":[{"name":"wp","href":"https:\/\/api.w.org\/{rel}","templated":true}]}}