{"id":6049,"date":"2018-04-30T15:04:58","date_gmt":"2018-04-30T14:04:58","guid":{"rendered":"https:\/\/www.judo-vaud.ch\/?page_id=6049"},"modified":"2018-04-30T15:12:35","modified_gmt":"2018-04-30T14:12:35","slug":"historique","status":"publish","type":"page","link":"https:\/\/www.judo-vaud.ch\/?page_id=6049","title":{"rendered":"Historique"},"content":{"rendered":"<p><img decoding=\"async\" class=\"alignright wp-image-5813 \" src=\"https:\/\/www.judo-vaud.ch\/cms\/wp-content\/uploads\/2018\/01\/couverture-site-232x300.png\" alt=\"\" width=\"146\" height=\"186\" \/><br \/>\nL&rsquo;origine de notre association remonte \u00e0 1972, date \u00e0 laquelle quelques pionniers f\u00e9d\u00e9r\u00e9s par Daniel Singy, d\u00e9cid\u00e8rent de s&rsquo;allier pour unir leurs forces et faire\u00a0croitre le Judo puis plus tard le Ju-Jitsu dans notre canton.<br \/>\nCette \u00e9pop\u00e9e est relat\u00e9e dans le livre \u00ab\u00a0<strong>Histoire du judo et ju-jitsu vaudois<\/strong>\u00ab\u00a0.<\/p>\n<p>Extrait du livre et de l&rsquo;interview de Daniel Singy &#8211; Pr\u00e9sident d&rsquo;Honneur et membre fondateur de l&rsquo;AVJJ:<\/p>\n<p><em>\u00ab\u00a0Avant cette date <\/em>(NDLR:\u00a0avant 1972)<em>, et pour obtenir les subsides du Sport Toto, il fallait disposer d\u2019une association cantonale. J\u2019ai invit\u00e9 tous les clubs du canton \u00e0 se r\u00e9unir. Quelques-uns \u00e9taient r\u00e9ticents et nous avons commenc\u00e9 avec une dizaine de clubs. Ces subsides devaient \u00eatre utilis\u00e9s pour le bien de tous. C\u2019est \u00e0 partir de cette date que l\u2019on a mis sur pied les championnats vaudois (d\u2019abord individuels puis par \u00e9quipe). Au d\u00e9but c\u2019\u00e9tait l\u2019AVJJ qui organisait et mettait sur pied les championnats, nous \u00e9tions heureux quand le week-end. Plus tard nous avons d\u00e9l\u00e9gu\u00e9 aux clubs du canton, l\u2019organisation du championnat. Mon but, au sein de l\u2019AVJJ, \u00e9tait de f\u00e9d\u00e9rer les clubs vaudois. Nous avons d\u00e9velopp\u00e9 les cours techniques ainsi que les activit\u00e9s J&amp;S qui d\u00e9butaient. Je suis rest\u00e9 pr\u00e9sident l\u2019association cantonale jusqu\u2019en 1995. J\u2019avais envie que l\u2019AVJJ se d\u00e9veloppe encore et ai pass\u00e9 \u00e0 la main \u00e0 Fran\u00e7ois Chavanne : je ne l\u2019ai jamais regrett\u00e9. \u00bb<\/em><\/p>\n<p>Les grands moments de notre association sont retrac\u00e9s sur cette timeline:<\/p>\n<p><a href=\"https:\/\/www.judo-vaud.ch\/cms\/wp-content\/uploads\/2018\/04\/histo1.png\" target=\"_blank\" rel=\"noopener\"><img fetchpriority=\"high\" decoding=\"async\" class=\"alignleft size-medium wp-image-6051\" src=\"https:\/\/www.judo-vaud.ch\/cms\/wp-content\/uploads\/2018\/04\/histo1-221x300.png\" alt=\"\" width=\"221\" height=\"300\" srcset=\"https:\/\/www.judo-vaud.ch\/cms\/wp-content\/uploads\/2018\/04\/histo1-221x300.png 221w, https:\/\/www.judo-vaud.ch\/cms\/wp-content\/uploads\/2018\/04\/histo1-600x813.png 600w, https:\/\/www.judo-vaud.ch\/cms\/wp-content\/uploads\/2018\/04\/histo1.png 652w\" sizes=\"(max-width: 221px) 100vw, 221px\" \/><\/a> <a href=\"https:\/\/www.judo-vaud.ch\/cms\/wp-content\/uploads\/2018\/04\/histo2.png\" target=\"_blank\" rel=\"noopener\"><img decoding=\"async\" class=\"alignleft size-medium wp-image-6050\" src=\"https:\/\/www.judo-vaud.ch\/cms\/wp-content\/uploads\/2018\/04\/histo2-221x300.png\" alt=\"\" width=\"221\" height=\"300\" srcset=\"https:\/\/www.judo-vaud.ch\/cms\/wp-content\/uploads\/2018\/04\/histo2-221x300.png 221w, https:\/\/www.judo-vaud.ch\/cms\/wp-content\/uploads\/2018\/04\/histo2-600x813.png 600w, https:\/\/www.judo-vaud.ch\/cms\/wp-content\/uploads\/2018\/04\/histo2.png 652w\" sizes=\"(max-width: 221px) 100vw, 221px\" \/><\/a><\/p>\n<p>&nbsp;<\/p>\n<h3>Renseignements et commandes:<\/h3>\n<div id=\"cn-top\" style=\"position: absolute; top: 0; right: 0;\"><\/div><div class=\"cn-list\" id=\"cn-list\" data-connections-version=\"10.4.67-0.7\"><div class=\"cn-template cn-card\" id=\"cn-card\" data-template-version=\"3.0\"><div class=\"cn-list-head\">\n\n<\/div>\n<div class=\"cn-list-body\" id=\"cn-list-body\">\n<div class=\"cn-list-row cn-list-item vcard individual comite-anciens\" id=\"celine-petit\" data-entry-type=\"individual\" data-entry-id=\"59\" data-entry-slug=\"celine-petit\"><div class=\"cn-entry\" style=\"background-color: #FFF;border: 1px solid #E3E3E3;border-radius: 4px;color: #000;margin: 8px 0;padding: 10px;position: relative\">\n\n\t<div class=\"cn-left\" style=\"width:49%; float:left\">\n\t\t<span class=\"cn-image-style\"><span style=\"display: block; max-width: 100%; width: 112px\"><a href=\"http:\/\/www.judo-vaud.ch\/?page_id=3305\" target=\"_self\" rel=\"nofollow\"><img loading=\"lazy\" width=\"112\" height=\"150\" sizes=\"auto, 100vw\" lazyload=\"1\" class=\"cn-image photo\" alt=\"Photo de C\u00e9line Petit\" title=\"Photo de C\u00e9line Petit\" srcset=\"\/\/www.judo-vaud.ch\/cms\/wp-content\/uploads\/connections-images\/celine-petit\/C\u00e9line-de6bae4577fca49aa91f57bc41ed41ff.jpg 1x\" loading=\"lazy\"\/><\/a><\/span><\/span>\n\t\t<div style=\"clear:both;\"><\/div>\n\t\t<div style=\"margin-bottom: 10px;\">\n\t\t\t<div style=\"font-size:larger;font-variant: small-caps\"><strong><span class=\"fn n notranslate\"> <span class=\"given-name\">C\u00e9line<\/span> <span class=\"family-name\">Petit<\/span><\/span>\n<\/strong><\/div>\n\t\t\t<span class=\"title notranslate\">Caissi\u00e8re<\/span>\n\n\t\t<\/div>\n\n\t<\/div>\n\n\t<div class=\"cn-right\" style=\"text-align: right;\">\n\n\t\t<span class=\"link-block\">\n<span class=\"link cn-link website cn-preferred cn-link-preferred\"><span class=\"link-name\">Site internet<\/span><span class=\"cn-separator\">:<\/span> <a class=\"url\" href=\"http:\/\/www.judo-vaud.ch\/?page_id=3305\" target=\"_self\" rel=\"noopener\" rel=\"nofollow\">Page personnelle<\/a><\/span>\n<\/span>\n\n\t<\/div>\n\n\t<div style=\"clear:both\"><\/div>\n\n\t\n\t<div class=\"cn-meta\" style=\"margin-top: 6px\">\n\t\t\t<\/div>\n\n\t<div class=\"cn-clear\" style=\"display:table;width:100%;\">\n\t\t<div style=\"display:table-cell;vertical-align:middle;\">\n\t\t\t<div class=\"cn-categories\"><span class=\"cn_category_label\">Cat\u00e9gories : <\/span> <span class=\"cn-category-name cn_category cn-category-25 cn-category-comite-anciens\">anciens-comit\u00e9<\/span><\/div>\n\t\t<\/div>\n\t\t<div style=\"display:table-cell;text-align:right;vertical-align:middle;\">\n\t\t\t<span class=\"cn-last-updated\" style=\"display: none;font-size: 10px;font-variant: small-caps;margin-right: 10px\">Mis \u00e0 jour il y a 2 ans.<\/span>\n<span class=\"cn-return-to-top\"><a href=\"#cn-top\" title=\"Retour haut de page\"><img decoding=\"async\" src=\"https:\/\/www.judo-vaud.ch\/cms\/wp-content\/plugins\/connections\/assets\/images\/uparrow.gif\" alt=\"Retour haut de page\"\/><\/a><\/span>\n\t\t<\/div>\n\t<\/div>\n\n<\/div>\n\n<\/div>\n<\/div>\n<div class=\"cn-list-foot\">\n\n<\/div>\n\n<\/div>\n\n<\/div>\n<p>&nbsp;<\/p>\n","protected":false},"excerpt":{"rendered":"<p>L&rsquo;origine de notre association remonte \u00e0 1972, date \u00e0 laquelle quelques pionniers f\u00e9d\u00e9r\u00e9s par Daniel Singy, d\u00e9cid\u00e8rent de s&rsquo;allier pour unir leurs forces et faire\u00a0croitre le Judo puis plus tard le Ju-Jitsu dans notre canton. Cette \u00e9pop\u00e9e est relat\u00e9e dans le livre \u00ab\u00a0Histoire du judo et ju-jitsu vaudois\u00ab\u00a0. Extrait du livre et de l&rsquo;interview de [&hellip;]<\/p>\n","protected":false},"author":3,"featured_media":0,"parent":17,"menu_order":0,"comment_status":"closed","ping_status":"closed","template":"","meta":{"_cbd_carousel_blocks":"[]","footnotes":""},"class_list":["post-6049","page","type-page","status-publish","hentry"],"_links":{"self":[{"href":"https:\/\/www.judo-vaud.ch\/index.php?rest_route=\/wp\/v2\/pages\/6049","targetHints":{"allow":["GET"]}}],"collection":[{"href":"https:\/\/www.judo-vaud.ch\/index.php?rest_route=\/wp\/v2\/pages"}],"about":[{"href":"https:\/\/www.judo-vaud.ch\/index.php?rest_route=\/wp\/v2\/types\/page"}],"author":[{"embeddable":true,"href":"https:\/\/www.judo-vaud.ch\/index.php?rest_route=\/wp\/v2\/users\/3"}],"replies":[{"embeddable":true,"href":"https:\/\/www.judo-vaud.ch\/index.php?rest_route=%2Fwp%2Fv2%2Fcomments&post=6049"}],"version-history":[{"count":3,"href":"https:\/\/www.judo-vaud.ch\/index.php?rest_route=\/wp\/v2\/pages\/6049\/revisions"}],"predecessor-version":[{"id":6054,"href":"https:\/\/www.judo-vaud.ch\/index.php?rest_route=\/wp\/v2\/pages\/6049\/revisions\/6054"}],"up":[{"embeddable":true,"href":"https:\/\/www.judo-vaud.ch\/index.php?rest_route=\/wp\/v2\/pages\/17"}],"wp:attachment":[{"href":"https:\/\/www.judo-vaud.ch\/index.php?rest_route=%2Fwp%2Fv2%2Fmedia&parent=6049"}],"curies":[{"name":"wp","href":"https:\/\/api.w.org\/{rel}","templated":true}]}}