{"id":470,"date":"2012-07-01T14:16:13","date_gmt":"2012-07-01T13:16:13","guid":{"rendered":"https:\/\/www.judo-vaud.ch\/cms\/?page_id=470"},"modified":"2012-07-01T14:16:13","modified_gmt":"2012-07-01T13:16:13","slug":"fonctionnement","status":"publish","type":"page","link":"https:\/\/www.judo-vaud.ch\/?page_id=470","title":{"rendered":"Fonctionnement"},"content":{"rendered":"<p><img decoding=\"async\" class=\"alignright wp-image-1643 size-thumbnail\" src=\"http:\/\/www.judo-vaud.ch\/cms\/wp-content\/plugins\/AVJJ-ShortCode\/photos\/logo_CC.jpg\" alt=\"SE\" width=\"150\" height=\"150\" \/><br \/>\nLes entra\u00eenements sont obligatoires. Ils font partie du programme d&rsquo;\u00e9tude. Le comit\u00e9 se r\u00e9serve le droit de signaler \u00e0 la direction des gymnases les jeunes dont l&rsquo;assiduit\u00e9 ou la motivation seraient en baisse.<\/p>\n<h3>Entrainements:<\/h3>\n<ul>\n<li>Mardi condition physique 14h00 &#8211; 16h00 Stade Olympique de la Pontaise.<\/li>\n<li>Jeudi technique judo 13h45 &#8211; 15h45 Dojo Judo Kwai Lausanne.<\/li>\n<\/ul>\n<p>En plus de ces deux entra\u00eenements, les jeunes participant au programme sport-\u00e9tude peuvent s\u2019entra\u00eener le lundi \u00e0 Cortaillod, le mardi \u00e0 Carouge et le mercredi \u00e0 Lausanne (entra\u00eenements randori), ainsi que le vendredi \u00e0 Yverdon-les-bains (entra\u00eenement technique et randori). Il y a de plus un entra\u00eenement mensuel le jeudi soir \u00e0 Lausanne, au dojo Mikami (entra\u00eenement randori). Ces entra\u00eenements se font dans le cadre du CRPR (<a href=\"http:\/\/www.judo-vaud.ch\/?p=4978\">Centre R\u00e9gional de Performance Romand<\/a>).<\/p>\n<p>Toute absence \u00e0 l&rsquo;entra\u00eenement doit \u00eatre annonc\u00e9e aux entra\u00eeneurs avec copie par mail \u00e0 F. Chavanne.<\/p>\n<p>En cas de blessure, les jeunes prendront contact avec leurs entra\u00eeneurs afin d\u2019adapter leur programme sportif.<\/p>\n<p>&nbsp;<\/p>\n<h3>Entraineur:<\/h3>\n<div id=\"cn-top\" style=\"position: absolute; top: 0; right: 0;\"><\/div><div class=\"cn-list\" id=\"cn-list\" data-connections-version=\"10.4.67-0.7\"><div class=\"cn-template cn-card\" id=\"cn-card\" data-template-version=\"3.0\"><div class=\"cn-list-head\">\n\n<\/div>\n<div class=\"cn-list-body\" id=\"cn-list-body\">\n<div class=\"cn-list-row cn-list-item vcard individual entraineurs\" id=\"dominique-hischier\" data-entry-type=\"individual\" data-entry-id=\"43\" data-entry-slug=\"dominique-hischier\"><div class=\"cn-entry\" style=\"background-color: #FFF;border: 1px solid #E3E3E3;border-radius: 4px;color: #000;margin: 8px 0;padding: 10px;position: relative\">\n\n\t<div class=\"cn-left\" style=\"width:49%; float:left\">\n\t\t<span class=\"cn-image-style\"><span style=\"display: block; max-width: 100%; width: 112px\"><img loading=\"lazy\" width=\"112\" height=\"150\" sizes=\"auto, 100vw\" lazyload=\"1\" class=\"cn-image photo\" alt=\"Photo de Dominique Hischier\" title=\"Photo de Dominique Hischier\" srcset=\"\/\/www.judo-vaud.ch\/cms\/wp-content\/uploads\/connections-images\/dominique-hischier\/DominiqueHischierc-de6bae4577fca49aa91f57bc41ed41ff.jpg 1x\" loading=\"lazy\"\/><\/span><\/span>\n\t\t<div style=\"clear:both;\"><\/div>\n\t\t<div style=\"margin-bottom: 10px;\">\n\t\t\t<div style=\"font-size:larger;font-variant: small-caps\"><strong><span class=\"fn n notranslate\"> <span class=\"given-name\">Dominique<\/span> <span class=\"family-name\">Hischier<\/span><\/span>\n<\/strong><\/div>\n\t\t\t\n\t\t<\/div>\n\n\t<\/div>\n\n\t<div class=\"cn-right\" style=\"text-align: right;\">\n\n\t\t<span class=\"phone-number-block\">\n<span class=\"tel cn-phone-number cn-phone-number-type-cellphone\"><span class=\"phone-name\">T\u00e9l\u00e9phone mobile<\/span><span class=\"cn-separator\">:<\/span> <span class=\"value\">079 442 38 55<\/span><span class=\"type\" style=\"display: none;\">cell<\/span><\/span>\n<\/span>\n<span class=\"email-address-block\">\n<span class=\"email cn-email-address cn-preferred cn-email-address-preferred\"><span class=\"email-name\">Courriel personnel<\/span><span class=\"cn-separator\">:<\/span> <span class=\"email-address\"><script type=\"text\/javascript\">\r\n\t\t\t\t\t\/* <![CDATA[ *\/\r\n\t \t\t\t\tcnROT13.writeROT13(\"<n pynff=\\\"inyhr\\\" gvgyr=\\\"Qbzvavdhr Uvfpuvre crefbany rznvy\\056\\\" uers=\\\"znvygb:qbzvavdhr\\056uvfpuvre\\100fwi\\056pu\\\">qbzvavdhr\\056uvfpuvre\\100fwi\\056pu<\\057n>\");\r\n\t\t\t\t\t\/* ]]-> *\/\r\n\t \t\t\t\t<\/script><noscript><span style=\"unicode-bidi: bidi-override; direction:rtl;\">hc.&#118;&#106;s&#64;&#114;&#101;i&#104;c&#115;i&#104;&#46;&#101;&#117;qini&#109;od<\/span><\/noscript><\/span><span class=\"type\" style=\"display: none;\">INTERNET<\/span><\/span>\n<span class=\"email cn-email-address\"><span class=\"email-name\">Courriel personnel<\/span><span class=\"cn-separator\">:<\/span> <span class=\"email-address\"><script type=\"text\/javascript\">\r\n\t\t\t\t\t\/* <![CDATA[ *\/\r\n\t \t\t\t\tcnROT13.writeROT13(\"<n pynff=\\\"inyhr\\\" gvgyr=\\\"Qbzvavdhr Uvfpuvre crefbany rznvy\\056\\\" uers=\\\"znvygb:quvfpuvre\\100ubgznvy\\056pbz\\\">quvfpuvre\\100ubgznvy\\056pbz<\\057n>\");\r\n\t\t\t\t\t\/* ]]-> *\/\r\n\t \t\t\t\t<\/script><noscript><span style=\"unicode-bidi: bidi-override; direction:rtl;\">moc.&#108;&#105;&#97;m&#116;o&#104;&#64;&#114;&#101;&#105;&#104;csi&#104;d<\/span><\/noscript><\/span><span class=\"type\" style=\"display: none;\">INTERNET<\/span><\/span>\n<\/span>\n\n\t<\/div>\n\n\t<div style=\"clear:both\"><\/div>\n\n\t\n\t<div class=\"cn-meta\" style=\"margin-top: 6px\">\n\t\t\t<\/div>\n\n\t<div class=\"cn-clear\" style=\"display:table;width:100%;\">\n\t\t<div style=\"display:table-cell;vertical-align:middle;\">\n\t\t\t<div class=\"cn-categories\"><span class=\"cn_category_label\">Cat\u00e9gories : <\/span> <span class=\"cn-category-name cn_category cn-category-3 cn-category-entraineurs\">Entraineurs<\/span><\/div>\n\t\t<\/div>\n\t\t<div style=\"display:table-cell;text-align:right;vertical-align:middle;\">\n\t\t\t<span class=\"cn-last-updated\" style=\"display: none;font-size: 10px;font-variant: small-caps;margin-right: 10px\">Mis \u00e0 jour il y a 4 ans.<\/span>\n<span class=\"cn-return-to-top\"><a href=\"#cn-top\" title=\"Retour haut de page\"><img decoding=\"async\" src=\"https:\/\/www.judo-vaud.ch\/cms\/wp-content\/plugins\/connections\/assets\/images\/uparrow.gif\" alt=\"Retour haut de page\"\/><\/a><\/span>\n\t\t<\/div>\n\t<\/div>\n\n<\/div>\n\n<\/div>\n<\/div>\n<div class=\"cn-list-foot\">\n\n<\/div>\n\n<\/div>\n\n<\/div>\n","protected":false},"excerpt":{"rendered":"<p>Les entra\u00eenements sont obligatoires. Ils font partie du programme d&rsquo;\u00e9tude. Le comit\u00e9 se r\u00e9serve le droit de signaler \u00e0 la direction des gymnases les jeunes dont l&rsquo;assiduit\u00e9 ou la motivation seraient en baisse. Entrainements: Mardi condition physique 14h00 &#8211; 16h00 Stade Olympique de la Pontaise. Jeudi technique judo 13h45 &#8211; 15h45 Dojo Judo Kwai Lausanne. [&hellip;]<\/p>\n","protected":false},"author":3,"featured_media":0,"parent":457,"menu_order":1,"comment_status":"closed","ping_status":"closed","template":"","meta":{"_cbd_carousel_blocks":"[]","footnotes":""},"class_list":["post-470","page","type-page","status-publish","hentry"],"_links":{"self":[{"href":"https:\/\/www.judo-vaud.ch\/index.php?rest_route=\/wp\/v2\/pages\/470","targetHints":{"allow":["GET"]}}],"collection":[{"href":"https:\/\/www.judo-vaud.ch\/index.php?rest_route=\/wp\/v2\/pages"}],"about":[{"href":"https:\/\/www.judo-vaud.ch\/index.php?rest_route=\/wp\/v2\/types\/page"}],"author":[{"embeddable":true,"href":"https:\/\/www.judo-vaud.ch\/index.php?rest_route=\/wp\/v2\/users\/3"}],"replies":[{"embeddable":true,"href":"https:\/\/www.judo-vaud.ch\/index.php?rest_route=%2Fwp%2Fv2%2Fcomments&post=470"}],"version-history":[{"count":0,"href":"https:\/\/www.judo-vaud.ch\/index.php?rest_route=\/wp\/v2\/pages\/470\/revisions"}],"up":[{"embeddable":true,"href":"https:\/\/www.judo-vaud.ch\/index.php?rest_route=\/wp\/v2\/pages\/457"}],"wp:attachment":[{"href":"https:\/\/www.judo-vaud.ch\/index.php?rest_route=%2Fwp%2Fv2%2Fmedia&parent=470"}],"curies":[{"name":"wp","href":"https:\/\/api.w.org\/{rel}","templated":true}]}}