{"id":442,"date":"2012-07-01T11:39:58","date_gmt":"2012-07-01T10:39:58","guid":{"rendered":"https:\/\/www.judo-vaud.ch\/cms\/?page_id=442"},"modified":"2012-07-01T11:39:58","modified_gmt":"2012-07-01T10:39:58","slug":"442-2","status":"publish","type":"page","link":"https:\/\/www.judo-vaud.ch\/?page_id=442","title":{"rendered":"Centre cantonal"},"content":{"rendered":"<p><img decoding=\"async\" class=\"alignright wp-image-1643 size-thumbnail\" src=\"http:\/\/www.judo-vaud.ch\/cms\/wp-content\/plugins\/AVJJ-ShortCode\/photos\/logo_avjj-img-150x150.jpg\" alt=\"AVJJ\" width=\"150\" height=\"150\" \/><br \/>\nL\u2019Association Vaudoise de Judo et Ju-Jitsu dispose, depuis l&rsquo;\u00e9t\u00e9 1999, d\u2019un centre d\u2019entra\u00eenement \u00e0 Ch\u00e2teau-D\u2019Oex. Ces installations sont aussi \u00e0 la disposition des clubs suisses.<\/p>\n<p>Situ\u00e9 \u00e0 pr\u00e8s de 1000 m d\u2019altitude, Ch\u00e2teau-D\u2019Oex, pittoresque village alpestre, est facile d\u2019acc\u00e8s, \u00e0 1 heure de Lausanne ou de Berne par l\u2019autoroute. Ce centre sportif, est \u00e9quip\u00e9 de 2 salles de sport, 1 salle de lutte, une patinoire en hiver et des courts de tennis en \u00e9t\u00e9. Cette station offre une grande vari\u00e9t\u00e9 d&rsquo;autres possibilit\u00e9s sportives pour agr\u00e9menter votre s\u00e9jour.<\/p>\n<p>Deux surfaces de tatami, de 100 m2 chacune, sont entrepos\u00e9es dans ce centre cantonal de judo. Elles sont \u00e0 disposition gratuitement pour les membres de l&rsquo;AVJJ. Pour tous les autres clubs de Suisse, ces deux surfaces sont lou\u00e9es au tarif de sfr. 40.- par jour. Elles ne sont pas transportables, seules leur utilisation est possible dans le centre sportif de Ch\u00e2teau D&rsquo;Oex.<\/p>\n<p>Les clubs de judo\/ju-jitsu b\u00e9n\u00e9ficient d\u2019un tarif de location avantageux pour ce centre sportif. Par exemple, 4 heures d\u2019entra\u00eenement reviennent \u00e0 sfr 92.-, y compris la salle de musculation.<\/p>\n<p>Des prix int\u00e9ressants ont \u00e9galement \u00e9t\u00e9 n\u00e9goci\u00e9s pour le logement et les repas. Les possibilit\u00e9s sont tr\u00e8s vari\u00e9es.<\/p>\n<p><div class=\"wp-caption \" id=\"attachment_1576\" style=\"width: 150;\"><a  class=\"nofancybox\"  href=\"http:\/\/www.judo-vaud.ch\/cms\/wp-content\/uploads\/2012\/07\/chateaudoex.pdf\" target=\"_blank\"><img decoding=\"async\" width=\"150\" height=\"150\" class=\"wp-image-1576\" alt=\"Formulaire\" src=\"http:\/\/www.judo-vaud.ch\/cms\/wp-content\/plugins\/AVJJ-ShortCode\/png\/pdf.png\"><\/a><p class=\"wp-caption-text\"><a href=\"http:\/\/www.judo-vaud.ch\/cms\/wp-content\/uploads\/2012\/07\/chateaudoex.pdf\">Formulaire<\/a><\/p><\/div><br \/>\n<a href=\"https:\/\/www.judo-vaud.ch\/cms\/wp-content\/uploads\/2012\/07\/chateaudoex.pdf\" target=\"_blank\" rel=\"noopener noreferrer\"> Formulaire pour l&rsquo;utilisation des tatamis \u00e0 Ch\u00e2teau d&rsquo;Oex<\/a>, \u00e0 retourner sans faute, d\u00fbment rempli \u00e0 l&rsquo;adresse ci-dessous.<\/p>\n<div id=\"cn-top\" style=\"position: absolute; top: 0; right: 0;\"><\/div><div class=\"cn-list\" id=\"cn-list\" data-connections-version=\"10.4.67-0.7\"><div class=\"cn-template cn-card\" id=\"cn-card\" data-template-version=\"3.0\"><div class=\"cn-list-head\">\n\n<\/div>\n<div class=\"cn-list-body\" id=\"cn-list-body\">\n<div class=\"cn-list-row cn-list-item vcard individual comite resp-materiel webmaster\" id=\"alain-jotterand\" data-entry-type=\"individual\" data-entry-id=\"5\" data-entry-slug=\"alain-jotterand\"><div class=\"cn-entry\" style=\"background-color: #FFF;border: 1px solid #E3E3E3;border-radius: 4px;color: #000;margin: 8px 0;padding: 10px;position: relative\">\n\n\t<div class=\"cn-left\" style=\"width:49%; float:left\">\n\t\t<span class=\"cn-image-style\"><span style=\"display: block; max-width: 100%; width: 112px\"><a href=\"http:\/\/www.judo-vaud.ch\/?page_id=1467\" target=\"_self\" rel=\"dofollow\"><img loading=\"lazy\" width=\"112\" height=\"150\" sizes=\"auto, 100vw\" lazyload=\"1\" class=\"cn-image photo\" alt=\"Photo de Alain Jotterand\" title=\"Photo de Alain Jotterand\" srcset=\"\/\/www.judo-vaud.ch\/cms\/wp-content\/uploads\/connections-images\/alain-jotterand\/Portrait_Alain_original-de6bae4577fca49aa91f57bc41ed41ff.jpg 1x\" loading=\"lazy\"\/><\/a><\/span><\/span>\n\t\t<div style=\"clear:both;\"><\/div>\n\t\t<div style=\"margin-bottom: 10px;\">\n\t\t\t<div style=\"font-size:larger;font-variant: small-caps\"><strong><span class=\"fn n notranslate\"> <span class=\"given-name\">Alain<\/span> <span class=\"family-name\">Jotterand<\/span><\/span>\n<\/strong><\/div>\n\t\t\t<span class=\"title notranslate\">Vice-Pr\u00e9sident<\/span>\n\n\t\t<\/div>\n\n\t<\/div>\n\n\t<div class=\"cn-right\" style=\"text-align: right;\">\n\n\t\t<span class=\"address-block\"><span class=\"adr cn-address\"> <span class=\"street-address notranslate\">Ch. de la Br\u00e9f\u00e9laz 1<\/span> <span class=\"locality\">Ballens<\/span> <span class=\"postal-code\">1144<\/span> <span class=\"type\" style=\"display: none;\">home<\/span><\/span><\/span>\n<span class=\"phone-number-block\">\n<span class=\"tel cn-phone-number cn-phone-number-type-cellphone\"><span class=\"phone-name\">T\u00e9l\u00e9phone mobile<\/span><span class=\"cn-separator\">:<\/span> <span class=\"value\">079 239 25 40<\/span><span class=\"type\" style=\"display: none;\">cell<\/span><\/span>\n<\/span>\n<span class=\"email-address-block\">\n<span class=\"email cn-email-address\"><span class=\"email-name\">Courriel personnel<\/span><span class=\"cn-separator\">:<\/span> <span class=\"email-address\"><script type=\"text\/javascript\">\r\n\t\t\t\t\t\/* <![CDATA[ *\/\r\n\t \t\t\t\tcnROT13.writeROT13(\"<n pynff=\\\"inyhr\\\" gvgyr=\\\"Nynva Wbggrenaq crefbany rznvy\\056\\\" uers=\\\"znvygb:nynva\\100whqb-inhq\\056pu\\\">nynva\\100whqb-inhq\\056pu<\\057n>\");\r\n\t\t\t\t\t\/* ]]-> *\/\r\n\t \t\t\t\t<\/script><noscript><span style=\"unicode-bidi: bidi-override; direction:rtl;\">&#104;c&#46;d&#117;a&#118;&#45;&#111;du&#106;&#64;&#110;i&#97;&#108;&#97;<\/span><\/noscript><\/span><span class=\"type\" style=\"display: none;\">INTERNET<\/span><\/span>\n<\/span>\n<span class=\"link-block\">\n<span class=\"link cn-link website cn-preferred cn-link-preferred\"><span class=\"link-name\">Site internet<\/span><span class=\"cn-separator\">:<\/span> <a class=\"url\" href=\"http:\/\/www.judo-vaud.ch\/?page_id=1467\" target=\"_self\" rel=\"noopener\" >Page Personnelle<\/a><\/span>\n<span class=\"link cn-link website\"><span class=\"link-name\">Site internet<\/span><span class=\"cn-separator\">:<\/span> <a class=\"url\" href=\"http:\/\/www.judoclub-ballens.ch\/\" target=\"_blank\" rel=\"noopener\" rel=\"nofollow\">Judo Club Ballens<\/a><\/span>\n<\/span>\n\n\t<\/div>\n\n\t<div style=\"clear:both\"><\/div>\n\n\t\n\t<div class=\"cn-meta\" style=\"margin-top: 6px\">\n\t\t\t<\/div>\n\n\t<div class=\"cn-clear\" style=\"display:table;width:100%;\">\n\t\t<div style=\"display:table-cell;vertical-align:middle;\">\n\t\t\t<div class=\"cn-categories\"><span class=\"cn_category_label\">Cat\u00e9gories : <\/span> <span class=\"cn-category-name cn_category cn-category-2 cn-category-comite\">Comit\u00e9<\/span><span class=\"cn-category-separator\">, <\/span><span class=\"cn-category-name cn_category cn-category-8 cn-category-resp-materiel\">Resp. mat\u00e9riel<\/span><span class=\"cn-category-separator\">, <\/span><span class=\"cn-category-name cn_category cn-category-34 cn-category-webmaster\">Webmaster<\/span><\/div>\n\t\t<\/div>\n\t\t<div style=\"display:table-cell;text-align:right;vertical-align:middle;\">\n\t\t\t<span class=\"cn-last-updated\" style=\"color: black;font-size: 10px;font-variant: small-caps;margin-right: 10px\">Mis \u00e0 jour il y a 11 mois.<\/span>\n<span class=\"cn-return-to-top\"><a href=\"#cn-top\" title=\"Retour haut de page\"><img decoding=\"async\" src=\"https:\/\/www.judo-vaud.ch\/cms\/wp-content\/plugins\/connections\/assets\/images\/uparrow.gif\" alt=\"Retour haut de page\"\/><\/a><\/span>\n\t\t<\/div>\n\t<\/div>\n\n<\/div>\n\n<\/div>\n<\/div>\n<div class=\"cn-list-foot\">\n\n<\/div>\n\n<\/div>\n\n<\/div>\n<p>&nbsp;<\/p>\n<h3>Renseignements et locations:<\/h3>\n<div id=\"cn-top\" style=\"position: absolute; top: 0; right: 0;\"><\/div><div class=\"cn-list\" id=\"cn-list\" data-connections-version=\"10.4.67-0.7\"><div class=\"cn-template cn-card\" id=\"cn-card\" data-template-version=\"3.0\"><div class=\"cn-list-head\">\n\n<\/div>\n<div class=\"cn-list-body\" id=\"cn-list-body\">\n<div class=\"cn-list-row cn-list-item vcard organization uncategorized\" id=\"office-du-tourisme\" data-entry-type=\"organization\" data-entry-id=\"42\" data-entry-slug=\"office-du-tourisme\"><div class=\"cn-entry\" style=\"background-color: #FFF;border: 1px solid #E3E3E3;border-radius: 4px;color: #000;margin: 8px 0;padding: 10px;position: relative\">\n\n\t<div class=\"cn-left\" style=\"width:49%; float:left\">\n\t\t\n\t\t<div style=\"clear:both;\"><\/div>\n\t\t<div style=\"margin-bottom: 10px;\">\n\t\t\t<div style=\"font-size:larger;font-variant: small-caps\"><strong><span class=\"org fn notranslate\">Office du tourisme<\/span>\n<\/strong><\/div>\n\t\t\t<span class=\"org\"><span class=\"organization-name notranslate\" style=\"display: none;\">Office du tourisme<\/span><\/span>\n\t\t<\/div>\n\n\t<\/div>\n\n\t<div class=\"cn-right\" style=\"text-align: right;\">\n\n\t\t<span class=\"address-block\"><span class=\"adr cn-address\"> <span class=\"street-address notranslate\">Pays-d\\&rsquo;Enhaut Tourisme,<\/span> <span class=\"street-address notranslate\">Place du Village 6,<\/span> <span class=\"locality\">Ch\u00e2teau-d\\&rsquo;Oex<\/span> <span class=\"postal-code\">1660<\/span> <span class=\"type\" style=\"display: none;\">home<\/span><\/span><\/span>\n<span class=\"phone-number-block\">\n<span class=\"tel cn-phone-number cn-phone-number-type-homephone\"><span class=\"phone-name\">T\u00e9l\u00e9phone maison<\/span><span class=\"cn-separator\">:<\/span> <span class=\"value\">026 \/ 924 25 25<\/span><span class=\"type\" style=\"display: none;\">home<\/span><\/span>\n<span class=\"tel cn-phone-number cn-phone-number-type-workphone\"><span class=\"phone-name\">T\u00e9l\u00e9phone professionnel<\/span><span class=\"cn-separator\">:<\/span> <span class=\"value\">026 \/ 924 22 00<\/span><span class=\"type\" style=\"display: none;\">work<\/span><\/span>\n<\/span>\n<span class=\"link-block\">\n<span class=\"link cn-link website\"><span class=\"link-name\">Site internet<\/span><span class=\"cn-separator\">:<\/span> <a class=\"url\" href=\"http:\/\/www.chateau-doex.ch\/fr\/\" target=\"_blank\" rel=\"noopener\" rel=\"nofollow\">http:\/\/www.chateau-doex.ch\/fr\/<\/a><\/span>\n<\/span>\n\n\t<\/div>\n\n\t<div style=\"clear:both\"><\/div>\n\n\t\n\t<div class=\"cn-meta\" style=\"margin-top: 6px\">\n\t\t\t<\/div>\n\n\t<div class=\"cn-clear\" style=\"display:table;width:100%;\">\n\t\t<div style=\"display:table-cell;vertical-align:middle;\">\n\t\t\t<div class=\"cn-categories\"><span class=\"cn_category_label\">Cat\u00e9gories : <\/span> <span class=\"cn-category-name cn_category cn-category-1 cn-category-uncategorized\">Uncategorized<\/span><\/div>\n\t\t<\/div>\n\t\t<div style=\"display:table-cell;text-align:right;vertical-align:middle;\">\n\t\t\t<span class=\"cn-last-updated\" style=\"display: none;font-size: 10px;font-variant: small-caps;margin-right: 10px\">Mis \u00e0 jour il y a 14 ans.<\/span>\n<span class=\"cn-return-to-top\"><a href=\"#cn-top\" title=\"Retour haut de page\"><img decoding=\"async\" src=\"https:\/\/www.judo-vaud.ch\/cms\/wp-content\/plugins\/connections\/assets\/images\/uparrow.gif\" alt=\"Retour haut de page\"\/><\/a><\/span>\n\t\t<\/div>\n\t<\/div>\n\n<\/div>\n\n<\/div>\n<\/div>\n<div class=\"cn-list-foot\">\n\n<\/div>\n\n<\/div>\n\n<\/div>\n","protected":false},"excerpt":{"rendered":"<p>L\u2019Association Vaudoise de Judo et Ju-Jitsu dispose, depuis l&rsquo;\u00e9t\u00e9 1999, d\u2019un centre d\u2019entra\u00eenement \u00e0 Ch\u00e2teau-D\u2019Oex. Ces installations sont aussi \u00e0 la disposition des clubs suisses. Situ\u00e9 \u00e0 pr\u00e8s de 1000 m d\u2019altitude, Ch\u00e2teau-D\u2019Oex, pittoresque village alpestre, est facile d\u2019acc\u00e8s, \u00e0 1 heure de Lausanne ou de Berne par l\u2019autoroute. Ce centre sportif, est \u00e9quip\u00e9 de [&hellip;]<\/p>\n","protected":false},"author":3,"featured_media":0,"parent":231,"menu_order":4,"comment_status":"closed","ping_status":"open","template":"","meta":{"_cbd_carousel_blocks":"[]","footnotes":""},"class_list":["post-442","page","type-page","status-publish","hentry"],"_links":{"self":[{"href":"https:\/\/www.judo-vaud.ch\/index.php?rest_route=\/wp\/v2\/pages\/442","targetHints":{"allow":["GET"]}}],"collection":[{"href":"https:\/\/www.judo-vaud.ch\/index.php?rest_route=\/wp\/v2\/pages"}],"about":[{"href":"https:\/\/www.judo-vaud.ch\/index.php?rest_route=\/wp\/v2\/types\/page"}],"author":[{"embeddable":true,"href":"https:\/\/www.judo-vaud.ch\/index.php?rest_route=\/wp\/v2\/users\/3"}],"replies":[{"embeddable":true,"href":"https:\/\/www.judo-vaud.ch\/index.php?rest_route=%2Fwp%2Fv2%2Fcomments&post=442"}],"version-history":[{"count":0,"href":"https:\/\/www.judo-vaud.ch\/index.php?rest_route=\/wp\/v2\/pages\/442\/revisions"}],"up":[{"embeddable":true,"href":"https:\/\/www.judo-vaud.ch\/index.php?rest_route=\/wp\/v2\/pages\/231"}],"wp:attachment":[{"href":"https:\/\/www.judo-vaud.ch\/index.php?rest_route=%2Fwp%2Fv2%2Fmedia&parent=442"}],"curies":[{"name":"wp","href":"https:\/\/api.w.org\/{rel}","templated":true}]}}