{"id":432,"date":"2012-07-01T11:20:49","date_gmt":"2012-07-01T10:20:49","guid":{"rendered":"https:\/\/www.judo-vaud.ch\/cms\/?page_id=432"},"modified":"2020-02-17T12:17:09","modified_gmt":"2020-02-17T11:17:09","slug":"location-de-materiel","status":"publish","type":"page","link":"https:\/\/www.judo-vaud.ch\/?page_id=432","title":{"rendered":"Location de mat\u00e9riel"},"content":{"rendered":"<p><img decoding=\"async\" class=\"alignright wp-image-1643 size-thumbnail\" src=\"http:\/\/www.judo-vaud.ch\/cms\/wp-content\/plugins\/AVJJ-ShortCode\/photos\/logo_avjj-img-150x150.jpg\" alt=\"AVJJ\" width=\"150\" height=\"150\" \/><br \/>\nL\u2019Association Vaudoise de Judo &amp; Ju-Jitsu met \u00e0 disposition des clubs vaudois du mat\u00e9riel:<\/p>\n<li class=\"page_item page-item-3420\"><a href=\"https:\/\/www.judo-vaud.ch\/?page_id=3420\">R\u00e9server du mat\u00e9riel<\/a><\/li>\n<li class=\"page_item page-item-3263\"><a href=\"https:\/\/www.judo-vaud.ch\/?page_id=3263\">Administrer r\u00e9servations<\/a><\/li>\n\n<hr \/>\n<p>&nbsp;<\/p>\n<h3>Conditions:<\/h3>\n<p>L\u2019Association Vaudoise de Judo &amp; Ju-Jitsu met \u00e0 disposition des clubs vaudois:<\/p>\n<ul>\n<li><strong style=\"line-height: 1.5em;\">quatre surfaces de tatami<\/strong><span style=\"line-height: 1.5em;\"> de 81 m2 chacune, entrepos\u00e9es \u00e0 Moudon.<\/span><\/li>\n<li><strong>quatre tableaux \u00e9lectroniques<\/strong> gratuitement et aux <a href=\"https:\/\/www.judo-vaud.ch\/cms\/wp-content\/uploads\/2012\/07\/loc-tab-elec.pdf\" target=\"_blank\" rel=\"noopener noreferrer\">conditions suivantes<\/a>. ces tableaux sont \u00e0 disposition du responsable du mat\u00e9riel.<\/li>\n<\/ul>\n<p>Tarif de la location : 80.- par jour et par surface <strong>(uniquement pour les clubs vaudois affili\u00e9s)<\/strong> et 100.- par jour et par surface si elles sortent du canton (selon d\u00e9cision de AG du 16 mars 2010).<\/p>\n<p>Lors du retour du mat\u00e9riel, si celui-ci n&rsquo;est pas soigneusement remis en place selon les directives figurant sur la lettre de confirmation de location, le club incrimin\u00e9 se verra infliger des frais suppl\u00e9mentaires pour un montant minimum de Fr. 100.-. De plus, ce club devra sans d\u00e9lai, effectuer la mise en ordre des palettes, sans quoi il se verra refuser toute autre demande de location (d\u00e9cision du comit\u00e9 lors de l&rsquo;assembl\u00e9e de comit\u00e9 du 4.09.02).<\/p>\n<p>A la confirmation de location, par email, les clubs ont 10 jours pour renoncer aux conditions mentionn\u00e9es. Au del\u00e0 du d\u00e9lai, nous consid\u00e9rons qu&rsquo;ils s&rsquo;engagent \u00e0 respecter et \u00e0 se soumettre aux conditions sans aucun recours possible.<\/p>\n<p>Ancien r\u00e8glement (<a href=\"https:\/\/www.judo-vaud.ch\/cms\/wp-content\/uploads\/2015\/07\/PretLocationTatamis2010.pdf\" target=\"_blank\" rel=\"noopener noreferrer\">R\u00e9glementLocationTatamis<\/a>) pour le pr\u00eat et la location (suite au d\u00e9cision de l&rsquo;AG du 15 mars 2010, le r\u00e8glement sera corrig\u00e9 prochainement).<\/p>\n<h3>Plan d&rsquo;acc\u00e8s au d\u00e9p\u00f4t:<\/h3>\n<p>Adresse : <a href=\"https:\/\/goo.gl\/maps\/DsH27VGYf4GiyDUP8\" target=\"_blank\" rel=\"noopener noreferrer\">Bressonnaz 2, 1510 Moudon.<\/p>\n<p><img fetchpriority=\"high\" decoding=\"async\" class=\"aligncenter size-full wp-image-7953\" src=\"https:\/\/www.judo-vaud.ch\/cms\/wp-content\/uploads\/2020\/02\/Bressonaz.jpg\" alt=\"\" width=\"485\" height=\"430\" srcset=\"https:\/\/www.judo-vaud.ch\/cms\/wp-content\/uploads\/2020\/02\/Bressonaz.jpg 485w, https:\/\/www.judo-vaud.ch\/cms\/wp-content\/uploads\/2020\/02\/Bressonaz-300x266.jpg 300w, https:\/\/www.judo-vaud.ch\/cms\/wp-content\/uploads\/2020\/02\/Bressonaz-338x300.jpg 338w\" sizes=\"(max-width: 485px) 100vw, 485px\" \/><\/a><\/p>\n<p><strong>CCP 18-1621-2 Association vaudoise de Judo et Ju-Jitsu.<\/strong><\/p>\n<p>Plan de montage des surfaces : <a href=\"https:\/\/www.judo-vaud.ch\/cms\/wp-content\/uploads\/2012\/07\/Plantatamis15.pdf\" target=\"_blank\" rel=\"noopener noreferrer\">tatamis de 1.5 m * 1m<\/a><\/p>\n<p><div class=\"wp-caption \" id=\"attachment_1576\" style=\"width: 150;\"><a  class=\"nofancybox\"  href=\"http:\/\/www.judo-vaud.ch\/cms\/wp-content\/uploads\/2015\/07\/PretLocationTatamis2010.pdf\" target=\"_blank\"><img decoding=\"async\" width=\"150\" height=\"150\" class=\"wp-image-1576\" alt=\"R\u00e8glement\" src=\"http:\/\/www.judo-vaud.ch\/cms\/wp-content\/plugins\/AVJJ-ShortCode\/png\/pdf.png\"><\/a><p class=\"wp-caption-text\"><a href=\"http:\/\/www.judo-vaud.ch\/cms\/wp-content\/uploads\/2015\/07\/PretLocationTatamis2010.pdf\">R\u00e8glement<\/a><\/p><\/div><div class=\"wp-caption \" id=\"attachment_1577\" style=\"width: 150;\"><a  class=\"nofancybox\"  href=\"https:\/\/goo.gl\/maps\/DsH27VGYf4GiyDUP8\" target=\"_blank\"><img loading=\"lazy\" decoding=\"async\" width=\"150\" height=\"150\" class=\"wp-image-1577\" alt=\"plan\" src=\"http:\/\/www.judo-vaud.ch\/cms\/wp-content\/plugins\/AVJJ-ShortCode\/png\/html.png\"><\/a><p class=\"wp-caption-text\"><a href=\"https:\/\/goo.gl\/maps\/DsH27VGYf4GiyDUP8\">Plan acc\u00e8s<\/a><\/p><\/div><div class=\"wp-caption \" id=\"attachment_1578\" style=\"width: 150;\"><a  class=\"nofancybox\"  href=\"http:\/\/www.judo-vaud.ch\/cms\/wp-content\/uploads\/2012\/07\/Plantatamis15.pdf\" target=\"_blank\"><img loading=\"lazy\" decoding=\"async\" width=\"150\" height=\"150\" class=\"wp-image-1578\" alt=\"plan\" src=\"http:\/\/www.judo-vaud.ch\/cms\/wp-content\/plugins\/AVJJ-ShortCode\/png\/pdf.png\"><\/a><p class=\"wp-caption-text\"><a href=\"http:\/\/www.judo-vaud.ch\/cms\/wp-content\/uploads\/2012\/07\/Plantatamis15.pdf\">Plan tatamis<\/a><\/p><\/div><\/p>\n<hr \/>\n<h3>Renseignements:<\/h3>\n<div id=\"cn-top\" style=\"position: absolute; top: 0; right: 0;\"><\/div><div class=\"cn-list\" id=\"cn-list\" data-connections-version=\"10.4.67-0.7\"><div class=\"cn-template cn-card\" id=\"cn-card\" data-template-version=\"3.0\"><div class=\"cn-list-head\">\n\n<\/div>\n<div class=\"cn-list-body\" id=\"cn-list-body\">\n<div class=\"cn-list-row cn-list-item vcard individual comite resp-materiel webmaster\" id=\"alain-jotterand\" data-entry-type=\"individual\" data-entry-id=\"5\" data-entry-slug=\"alain-jotterand\"><div class=\"cn-entry\" style=\"background-color: #FFF;border: 1px solid #E3E3E3;border-radius: 4px;color: #000;margin: 8px 0;padding: 10px;position: relative\">\n\n\t<div class=\"cn-left\" style=\"width:49%; float:left\">\n\t\t<span class=\"cn-image-style\"><span style=\"display: block; max-width: 100%; width: 112px\"><a href=\"http:\/\/www.judo-vaud.ch\/?page_id=1467\" target=\"_self\" rel=\"dofollow\"><img loading=\"lazy\" width=\"112\" height=\"150\" sizes=\"auto, 100vw\" lazyload=\"1\" class=\"cn-image photo\" alt=\"Photo de Alain Jotterand\" title=\"Photo de Alain Jotterand\" srcset=\"\/\/www.judo-vaud.ch\/cms\/wp-content\/uploads\/connections-images\/alain-jotterand\/Portrait_Alain_original-de6bae4577fca49aa91f57bc41ed41ff.jpg 1x\" loading=\"lazy\"\/><\/a><\/span><\/span>\n\t\t<div style=\"clear:both;\"><\/div>\n\t\t<div style=\"margin-bottom: 10px;\">\n\t\t\t<div style=\"font-size:larger;font-variant: small-caps\"><strong><span class=\"fn n notranslate\"> <span class=\"given-name\">Alain<\/span> <span class=\"family-name\">Jotterand<\/span><\/span>\n<\/strong><\/div>\n\t\t\t<span class=\"title notranslate\">Vice-Pr\u00e9sident<\/span>\n\n\t\t<\/div>\n\n\t<\/div>\n\n\t<div class=\"cn-right\" style=\"text-align: right;\">\n\n\t\t<span class=\"address-block\"><span class=\"adr cn-address\"> <span class=\"street-address notranslate\">Ch. de la Br\u00e9f\u00e9laz 1<\/span> <span class=\"locality\">Ballens<\/span> <span class=\"postal-code\">1144<\/span> <span class=\"type\" style=\"display: none;\">home<\/span><\/span><\/span>\n<span class=\"phone-number-block\">\n<span class=\"tel cn-phone-number cn-phone-number-type-cellphone\"><span class=\"phone-name\">T\u00e9l\u00e9phone mobile<\/span><span class=\"cn-separator\">:<\/span> <span class=\"value\">079 239 25 40<\/span><span class=\"type\" style=\"display: none;\">cell<\/span><\/span>\n<\/span>\n<span class=\"email-address-block\">\n<span class=\"email cn-email-address\"><span class=\"email-name\">Courriel personnel<\/span><span class=\"cn-separator\">:<\/span> <span class=\"email-address\"><script type=\"text\/javascript\">\r\n\t\t\t\t\t\/* <![CDATA[ *\/\r\n\t \t\t\t\tcnROT13.writeROT13(\"<n pynff=\\\"inyhr\\\" gvgyr=\\\"Nynva Wbggrenaq crefbany rznvy\\056\\\" uers=\\\"znvygb:nynva\\100whqb-inhq\\056pu\\\">nynva\\100whqb-inhq\\056pu<\\057n>\");\r\n\t\t\t\t\t\/* ]]-> *\/\r\n\t \t\t\t\t<\/script><noscript><span style=\"unicode-bidi: bidi-override; direction:rtl;\">h&#99;.du&#97;&#118;-od&#117;j&#64;&#110;i&#97;&#108;&#97;<\/span><\/noscript><\/span><span class=\"type\" style=\"display: none;\">INTERNET<\/span><\/span>\n<\/span>\n<span class=\"link-block\">\n<span class=\"link cn-link website cn-preferred cn-link-preferred\"><span class=\"link-name\">Site internet<\/span><span class=\"cn-separator\">:<\/span> <a class=\"url\" href=\"http:\/\/www.judo-vaud.ch\/?page_id=1467\" target=\"_self\" rel=\"noopener\" >Page Personnelle<\/a><\/span>\n<span class=\"link cn-link website\"><span class=\"link-name\">Site internet<\/span><span class=\"cn-separator\">:<\/span> <a class=\"url\" href=\"http:\/\/www.judoclub-ballens.ch\/\" target=\"_blank\" rel=\"noopener\" rel=\"nofollow\">Judo Club Ballens<\/a><\/span>\n<\/span>\n\n\t<\/div>\n\n\t<div style=\"clear:both\"><\/div>\n\n\t\n\t<div class=\"cn-meta\" style=\"margin-top: 6px\">\n\t\t\t<\/div>\n\n\t<div class=\"cn-clear\" style=\"display:table;width:100%;\">\n\t\t<div style=\"display:table-cell;vertical-align:middle;\">\n\t\t\t<div class=\"cn-categories\"><span class=\"cn_category_label\">Cat\u00e9gories : <\/span> <span class=\"cn-category-name cn_category cn-category-2 cn-category-comite\">Comit\u00e9<\/span><span class=\"cn-category-separator\">, <\/span><span class=\"cn-category-name cn_category cn-category-8 cn-category-resp-materiel\">Resp. mat\u00e9riel<\/span><span class=\"cn-category-separator\">, <\/span><span class=\"cn-category-name cn_category cn-category-34 cn-category-webmaster\">Webmaster<\/span><\/div>\n\t\t<\/div>\n\t\t<div style=\"display:table-cell;text-align:right;vertical-align:middle;\">\n\t\t\t<span class=\"cn-last-updated\" style=\"color: black;font-size: 10px;font-variant: small-caps;margin-right: 10px\">Mis \u00e0 jour il y a 11 mois.<\/span>\n<span class=\"cn-return-to-top\"><a href=\"#cn-top\" title=\"Retour haut de page\"><img decoding=\"async\" src=\"https:\/\/www.judo-vaud.ch\/cms\/wp-content\/plugins\/connections\/assets\/images\/uparrow.gif\" alt=\"Retour haut de page\"\/><\/a><\/span>\n\t\t<\/div>\n\t<\/div>\n\n<\/div>\n\n<\/div>\n<\/div>\n<div class=\"cn-list-foot\">\n\n<\/div>\n\n<\/div>\n\n<\/div>\n","protected":false},"excerpt":{"rendered":"<p>L\u2019Association Vaudoise de Judo &amp; Ju-Jitsu met \u00e0 disposition des clubs vaudois du mat\u00e9riel: &nbsp; Conditions: L\u2019Association Vaudoise de Judo &amp; Ju-Jitsu met \u00e0 disposition des clubs vaudois: quatre surfaces de tatami de 81 m2 chacune, entrepos\u00e9es \u00e0 Moudon. quatre tableaux \u00e9lectroniques gratuitement et aux conditions suivantes. ces tableaux sont \u00e0 disposition du responsable du [&hellip;]<\/p>\n","protected":false},"author":3,"featured_media":0,"parent":231,"menu_order":2,"comment_status":"closed","ping_status":"open","template":"","meta":{"_cbd_carousel_blocks":"[]","footnotes":""},"class_list":["post-432","page","type-page","status-publish","hentry"],"_links":{"self":[{"href":"https:\/\/www.judo-vaud.ch\/index.php?rest_route=\/wp\/v2\/pages\/432","targetHints":{"allow":["GET"]}}],"collection":[{"href":"https:\/\/www.judo-vaud.ch\/index.php?rest_route=\/wp\/v2\/pages"}],"about":[{"href":"https:\/\/www.judo-vaud.ch\/index.php?rest_route=\/wp\/v2\/types\/page"}],"author":[{"embeddable":true,"href":"https:\/\/www.judo-vaud.ch\/index.php?rest_route=\/wp\/v2\/users\/3"}],"replies":[{"embeddable":true,"href":"https:\/\/www.judo-vaud.ch\/index.php?rest_route=%2Fwp%2Fv2%2Fcomments&post=432"}],"version-history":[{"count":7,"href":"https:\/\/www.judo-vaud.ch\/index.php?rest_route=\/wp\/v2\/pages\/432\/revisions"}],"predecessor-version":[{"id":13524,"href":"https:\/\/www.judo-vaud.ch\/index.php?rest_route=\/wp\/v2\/pages\/432\/revisions\/13524"}],"up":[{"embeddable":true,"href":"https:\/\/www.judo-vaud.ch\/index.php?rest_route=\/wp\/v2\/pages\/231"}],"wp:attachment":[{"href":"https:\/\/www.judo-vaud.ch\/index.php?rest_route=%2Fwp%2Fv2%2Fmedia&parent=432"}],"curies":[{"name":"wp","href":"https:\/\/api.w.org\/{rel}","templated":true}]}}