{"id":39,"date":"2012-06-28T21:38:11","date_gmt":"2012-06-28T20:38:11","guid":{"rendered":"https:\/\/www.judo-vaud.ch\/cms\/?page_id=39"},"modified":"2025-01-11T17:01:11","modified_gmt":"2025-01-11T16:01:11","slug":"liens","status":"publish","type":"page","link":"https:\/\/www.judo-vaud.ch\/?page_id=39","title":{"rendered":"Liens"},"content":{"rendered":"\n\t\t\t\t\t<div class=\"linkview\" id=\"lvw-sc-id-1\">\n\t\t\t\t\t<div class=\"lvw-category\">\n\t\t\t\t\t\t<h2 class=\"lvw-cat-name\">1-Organisations fa\u00eeti\u00e8res<\/h2>\n\t\t\t\t\t<div id=\"lvw-id-1-1\">\n\t\t\t\t\t<ul class=\"lvw-link-list\">\n\t\t\t\t\t\t<li class=\"lvw-list-item\">\n\t\t\t<div class=\"lvw-link orgfait\"><div class=\"lvw-item-name\"><a class=\"lvw-anchor\" href=\"http:\/\/www.ijf.org\/\" target=\"_blank\" title=\"F\u00e9d\u00e9ration internationale de Judo (Site de la F\u00e9d\u00e9ration internationale de Judo)\" rel=\"noopener \">F\u00e9d\u00e9ration internationale de Judo<\/a><\/div><\/div><\/li>\n\t\t\t\t\t\t<li class=\"lvw-list-item\">\n\t\t\t<div class=\"lvw-link orgfait\"><div class=\"lvw-item-name\"><a class=\"lvw-anchor\" href=\"http:\/\/www.fsj.ch\" target=\"_blank\" title=\"F\u00e9d\u00e9ration suisse de Judo et Ju-Jitsu (Site de la F\u00e9d\u00e9ration suisse de Judo et Ju-Jitsu)\" rel=\"noopener \">F\u00e9d\u00e9ration suisse de Judo et Ju-Jitsu<\/a><\/div><\/div><\/li>\n\t\t\t\t\t\t<li class=\"lvw-list-item\">\n\t\t\t<div class=\"lvw-link orgfait\"><div class=\"lvw-item-name\"><a class=\"lvw-anchor\" href=\"https:\/\/sportvaud.ch\" target=\"_blank\" title=\"Sport Vaud\" rel=\"noopener \">Sport Vaud<\/a><\/div><\/div><\/li>\n\t\t\t\t\t\t<li class=\"lvw-list-item\">\n\t\t\t<div class=\"lvw-link orgfait\"><div class=\"lvw-item-name\"><a class=\"lvw-anchor\" href=\"http:\/\/www.eju.net\/\" target=\"_blank\" title=\"Union Europ\u00e9enne de Judo (Site de l'Union Europ\u00e9enne de Judo)\" rel=\"noopener \">Union Europ\u00e9enne de Judo<\/a><\/div><\/div><\/li>\n\t\t\t\t\t<\/ul>\n\t\t\t\t\t<\/div>\n\t\t\t\t\t<\/div>\n\t\t\t\t\t<div class=\"lvw-category\">\n\t\t\t\t\t\t<h2 class=\"lvw-cat-name\">2-Sponsors et partenaires<\/h2>\n\t\t\t\t\t<div id=\"lvw-id-1-2\">\n\t\t\t\t\t<ul class=\"lvw-link-list\">\n\t\t\t\t\t\t<li class=\"lvw-list-item\">\n\t\t\t<div class=\"lvw-link sponsors-et-partenaires\"><div class=\"lvw-item-name\"><a class=\"lvw-anchor\" href=\"http:\/\/www.coolandclean.ch\/fr\" target=\"_self\" title=\"Cool and Clean\" rel=\"noopener \">Cool and Clean<\/a><\/div><\/div><\/li>\n\t\t\t\t\t\t<li class=\"lvw-list-item\">\n\t\t\t<div class=\"lvw-link sponsors-et-partenaires\"><div class=\"lvw-item-name\"><a class=\"lvw-anchor\" href=\"http:\/\/www.fondsdusportvaudois.ch\/\" target=\"_blank\" title=\"Fonds du sport vaudois (Site du Fond du sport vaudois)\" rel=\"noopener \">Fonds du sport vaudois<\/a><\/div><\/div><\/li>\n\t\t\t\t\t\t<li class=\"lvw-list-item\">\n\t\t\t<div class=\"lvw-link sponsors-et-partenaires\"><div class=\"lvw-item-name\"><a class=\"lvw-anchor\" href=\"http:\/\/www.jeunesseetsport.ch\" target=\"_blank\" title=\"Jeunesse et Sports (Site de Jeunesse et Sports)\" rel=\"noopener \">Jeunesse et Sports<\/a><\/div><\/div><\/li>\n\t\t\t\t\t\t<li class=\"lvw-list-item\">\n\t\t\t<div class=\"lvw-link sponsors-et-partenaires\"><div class=\"lvw-item-name\"><a class=\"lvw-anchor\" href=\"http:\/\/www.entraide.ch\/\" target=\"_self\" title=\"Loterie Romande\" rel=\"noopener \">Loterie Romande<\/a><\/div><\/div><\/li>\n\t\t\t\t\t\t<li class=\"lvw-list-item\">\n\t\t\t<div class=\"lvw-link sponsors-et-partenaires\"><div class=\"lvw-item-name\"><a class=\"lvw-anchor\" href=\"http:\/\/www.pallas.ch\/fr\/\" target=\"_self\" title=\"Pallas\" rel=\"noopener \">Pallas<\/a><\/div><\/div><\/li>\n\t\t\t\t\t\t<li class=\"lvw-list-item\">\n\t\t\t<div class=\"lvw-link sponsors-et-partenaires\"><div class=\"lvw-item-name\"><a class=\"lvw-anchor\" href=\"https:\/\/www.securitas.ch\/fr\" target=\"_self\" title=\"Securitas SA\" rel=\"noopener \">Securitas SA<\/a><\/div><\/div><\/li>\n\t\t\t\t\t\t<li class=\"lvw-list-item\">\n\t\t\t<div class=\"lvw-link sponsors-et-partenaires\"><div class=\"lvw-item-name\"><a class=\"lvw-anchor\" href=\"https:\/\/athletes-vaudois.ch\/\" target=\"_self\" title=\"Soutiens athl\u00e8tes vaudois\" rel=\"noopener \">Soutiens athl\u00e8tes vaudois<\/a><\/div><\/div><\/li>\n\t\t\t\t\t<\/ul>\n\t\t\t\t\t<\/div>\n\t\t\t\t\t<\/div>\n\t\t\t\t\t<div class=\"lvw-category\">\n\t\t\t\t\t\t<h2 class=\"lvw-cat-name\">3-Remerciements<\/h2>\n\t\t\t\t\t<div id=\"lvw-id-1-3\">\n\t\t\t\t\t<ul class=\"lvw-link-list\">\n\t\t\t\t\t\t<li class=\"lvw-list-item\">\n\t\t\t<div class=\"lvw-link remerciements\"><div class=\"lvw-item-name\"><a class=\"lvw-anchor\" href=\"http:\/\/www.mailpoet.com\/\" target=\"_blank\" title=\"MailPoet (Mailpoet Aka Wysija : Newsletters &amp; Post Notifications in WordPress.)\" rel=\"noopener \">MailPoet<\/a><\/div><\/div><\/li>\n\t\t\t\t\t\t<li class=\"lvw-list-item\">\n\t\t\t<div class=\"lvw-link remerciements\"><div class=\"lvw-item-name\"><a class=\"lvw-anchor\" href=\"http:\/\/fr.wordpress.org\/\" target=\"_blank\" title=\"WordPress (WordPress est un syst\u00e8me de gestion de contenu (CMS) qui permet de cr\u00e9er et g\u00e9rer facilement l'ensemble d'un site web.)\" rel=\"noopener \">WordPress<\/a><\/div><\/div><\/li>\n\t\t\t\t\t<\/ul>\n\t\t\t\t\t<\/div>\n\t\t\t\t\t<\/div>\n\t\t\t\t\t<div class=\"lvw-category\">\n\t\t\t\t\t\t<h2 class=\"lvw-cat-name\">4-Contributeurs<\/h2>\n\t\t\t\t\t<div id=\"lvw-id-1-4\">\n\t\t\t\t\t<ul class=\"lvw-link-list\">\n\t\t\t\t\t\t<li class=\"lvw-list-item\">\n\t\t\t<div class=\"lvw-link contributors\"><div class=\"lvw-item-name\"><a class=\"lvw-anchor\" href=\"http:\/\/fetchrss.com\/rss\/5b709d2d8a93f828358b4567926639410.atom\" target=\"_self\" title=\"CRPR on Facebook (Facebook feed)\" rel=\"noopener \">CRPR on Facebook<\/a><\/div><\/div><\/li>\n\t\t\t\t\t<\/ul>\n\t\t\t\t\t<\/div>\n\t\t\t\t\t<\/div>\n\t\t\t\t\t<div class=\"lvw-category\">\n\t\t\t\t\t\t<h2 class=\"lvw-cat-name\">5-Liens permanents<\/h2>\n\t\t\t\t\t<div id=\"lvw-id-1-5\">\n\t\t\t\t\t<ul class=\"lvw-link-list\">\n\t\t\t\t\t\t<li class=\"lvw-list-item\">\n\t\t\t<div class=\"lvw-link permalink\"><div class=\"lvw-item-name\"><a class=\"lvw-anchor\" href=\"http:\/\/www.judo-vaud.ch\/ab\" target=\"_self\" title=\"www.judo-vaud.ch\/ab (Description des activit\u00e9s li\u00e9es aux \"anciens bougent\")\" rel=\"noopener \">www.judo-vaud.ch\/ab<\/a><\/div><\/div><\/li>\n\t\t\t\t\t\t<li class=\"lvw-list-item\">\n\t\t\t<div class=\"lvw-link permalink\"><div class=\"lvw-item-name\"><a class=\"lvw-anchor\" href=\"http:\/\/www.judo-vaud.ch\/agenda\" target=\"_self\" title=\"www.judo-vaud.ch\/agenda\" rel=\"noopener \">www.judo-vaud.ch\/agenda<\/a><\/div><\/div><\/li>\n\t\t\t\t\t\t<li class=\"lvw-list-item\">\n\t\t\t<div class=\"lvw-link permalink\"><div class=\"lvw-item-name\"><a class=\"lvw-anchor\" href=\"http:\/\/www.judo-vaud.ch\/annonces\" target=\"_self\" title=\"www.judo-vaud.ch\/annonces (Liste des annonces parues pour les membres de l'association)\" rel=\"noopener \">www.judo-vaud.ch\/annonces<\/a><\/div><\/div><\/li>\n\t\t\t\t\t\t<li class=\"lvw-list-item\">\n\t\t\t<div class=\"lvw-link permalink\"><div class=\"lvw-item-name\"><a class=\"lvw-anchor\" href=\"http:\/\/www.judo-vaud.ch\/CC\" target=\"_self\" title=\"www.judo-vaud.ch\/CC\" rel=\"noopener \">www.judo-vaud.ch\/CC<\/a><\/div><\/div><\/li>\n\t\t\t\t\t\t<li class=\"lvw-list-item\">\n\t\t\t<div class=\"lvw-link permalink\"><div class=\"lvw-item-name\"><a class=\"lvw-anchor\" href=\"http:\/\/www.judo-vaud.ch\/clubs\" target=\"_self\" title=\"www.judo-vaud.ch\/clubs (Liste de clubs et \u00e9coles de l'associations)\" rel=\"noopener \">www.judo-vaud.ch\/clubs<\/a><\/div><\/div><\/li>\n\t\t\t\t\t\t<li class=\"lvw-list-item\">\n\t\t\t<div class=\"lvw-link permalink\"><div class=\"lvw-item-name\"><a class=\"lvw-anchor\" href=\"http:\/\/www.judo-vaud.ch\/CNP\" target=\"_self\" title=\"www.judo-vaud.ch\/CNP\" rel=\"noopener \">www.judo-vaud.ch\/CNP<\/a><\/div><\/div><\/li>\n\t\t\t\t\t\t<li class=\"lvw-list-item\">\n\t\t\t<div class=\"lvw-link permalink\"><div class=\"lvw-item-name\"><a class=\"lvw-anchor\" href=\"http:\/\/www.judo-vaud.ch\/comite\" target=\"_self\" title=\"www.judo-vaud.ch\/comite\" rel=\"noopener \">www.judo-vaud.ch\/comite<\/a><\/div><\/div><\/li>\n\t\t\t\t\t\t<li class=\"lvw-list-item\">\n\t\t\t<div class=\"lvw-link permalink\"><div class=\"lvw-item-name\"><a class=\"lvw-anchor\" href=\"http:\/\/www.judo-vaud.ch\/contact\" target=\"_self\" title=\"www.judo-vaud.ch\/contact\" rel=\"noopener \">www.judo-vaud.ch\/contact<\/a><\/div><\/div><\/li>\n\t\t\t\t\t\t<li class=\"lvw-list-item\">\n\t\t\t<div class=\"lvw-link permalink\"><div class=\"lvw-item-name\"><a class=\"lvw-anchor\" href=\"https:\/\/www.judo-vaud.ch\/CRI\" target=\"_self\" title=\"www.judo-vaud.ch\/CRI (Championnats Romands Individuels)\" rel=\"noopener \">www.judo-vaud.ch\/CRI<\/a><\/div><\/div><\/li>\n\t\t\t\t\t\t<li class=\"lvw-list-item\">\n\t\t\t<div class=\"lvw-link permalink\"><div class=\"lvw-item-name\"><a class=\"lvw-anchor\" href=\"http:\/\/www.judo-vaud.ch\/CRPR\" target=\"_self\" title=\"www.judo-vaud.ch\/CRPR (Centre R\u00e9gional de Performance Romand)\" rel=\"noopener \">www.judo-vaud.ch\/CRPR<\/a><\/div><\/div><\/li>\n\t\t\t\t\t\t<li class=\"lvw-list-item\">\n\t\t\t<div class=\"lvw-link permalink\"><div class=\"lvw-item-name\"><a class=\"lvw-anchor\" href=\"http:\/\/www.judo-vaud.ch\/ct\" target=\"_self\" title=\"www.judo-vaud.ch\/ct (Toutes les informations sur les cours techniques)\" rel=\"noopener \">www.judo-vaud.ch\/ct<\/a><\/div><\/div><\/li>\n\t\t\t\t\t\t<li class=\"lvw-list-item\">\n\t\t\t<div class=\"lvw-link permalink\"><div class=\"lvw-item-name\"><a class=\"lvw-anchor\" href=\"http:\/\/www.judo-vaud.ch\/CVDEEc\" target=\"_self\" title=\"www.judo-vaud.ch\/CVDEEc (Championnats vaudois par \u00e9quipes pour les \u00e9coliers)\" rel=\"noopener \">www.judo-vaud.ch\/CVDEEc<\/a><\/div><\/div><\/li>\n\t\t\t\t\t\t<li class=\"lvw-list-item\">\n\t\t\t<div class=\"lvw-link permalink\"><div class=\"lvw-item-name\"><a class=\"lvw-anchor\" href=\"http:\/\/www.judo-vaud.ch\/CVDEEs\" target=\"_self\" title=\"www.judo-vaud.ch\/CVDEEs (Championnats vaudois par \u00e9quipes pour les espoirs)\" rel=\"noopener \">www.judo-vaud.ch\/CVDEEs<\/a><\/div><\/div><\/li>\n\t\t\t\t\t\t<li class=\"lvw-list-item\">\n\t\t\t<div class=\"lvw-link permalink\"><div class=\"lvw-item-name\"><a class=\"lvw-anchor\" href=\"http:\/\/www.judo-vaud.ch\/CVDI\" target=\"_self\" title=\"www.judo-vaud.ch\/CVDI (Championnats vaudois Individuels)\" rel=\"noopener \">www.judo-vaud.ch\/CVDI<\/a><\/div><\/div><\/li>\n\t\t\t\t\t\t<li class=\"lvw-list-item\">\n\t\t\t<div class=\"lvw-link permalink\"><div class=\"lvw-item-name\"><a class=\"lvw-anchor\" href=\"https:\/\/www.judo-vaud.ch\/dojos\" target=\"_self\" title=\"www.judo-vaud.ch\/dojos\" rel=\"noopener \">www.judo-vaud.ch\/dojos<\/a><\/div><\/div><\/li>\n\t\t\t\t\t\t<li class=\"lvw-list-item\">\n\t\t\t<div class=\"lvw-link permalink\"><div class=\"lvw-item-name\"><a class=\"lvw-anchor\" href=\"https:\/\/www.judo-vaud.ch\/ea\" target=\"_self\" title=\"www.judo-vaud.ch\/ea\" rel=\"noopener \">www.judo-vaud.ch\/ea<\/a><\/div><\/div><\/li>\n\t\t\t\t\t\t<li class=\"lvw-list-item\">\n\t\t\t<div class=\"lvw-link permalink\"><div class=\"lvw-item-name\"><a class=\"lvw-anchor\" href=\"https:\/\/www.judo-vaud.ch\/formation\" target=\"_self\" title=\"www.judo-vaud.ch\/formation\" rel=\"noopener \">www.judo-vaud.ch\/formation<\/a><\/div><\/div><\/li>\n\t\t\t\t\t\t<li class=\"lvw-list-item\">\n\t\t\t<div class=\"lvw-link permalink\"><div class=\"lvw-item-name\"><a class=\"lvw-anchor\" href=\"http:\/\/www.judo-vaud.ch\/honneur\" target=\"_self\" title=\"www.judo-vaud.ch\/honneur\" rel=\"noopener \">www.judo-vaud.ch\/honneur<\/a><\/div><\/div><\/li>\n\t\t\t\t\t\t<li class=\"lvw-list-item\">\n\t\t\t<div class=\"lvw-link permalink\"><div class=\"lvw-item-name\"><a class=\"lvw-anchor\" href=\"https:\/\/www.judo-vaud.ch\/JA\" target=\"_self\" title=\"www.judo-vaud.ch\/JA (Jeunes Arbitres)\" rel=\"noopener \">www.judo-vaud.ch\/JA<\/a><\/div><\/div><\/li>\n\t\t\t\t\t\t<li class=\"lvw-list-item\">\n\t\t\t<div class=\"lvw-link permalink\"><div class=\"lvw-item-name\"><a class=\"lvw-anchor\" href=\"http:\/\/www.judo-vaud.ch\/liens\" target=\"_self\" title=\"www.judo-vaud.ch\/liens (Tous les liens du site)\" rel=\"noopener \">www.judo-vaud.ch\/liens<\/a><\/div><\/div><\/li>\n\t\t\t\t\t\t<li class=\"lvw-list-item\">\n\t\t\t<div class=\"lvw-link permalink\"><div class=\"lvw-item-name\"><a class=\"lvw-anchor\" href=\"https:\/\/www.judo-vaud.ch\/medias\" target=\"_self\" title=\"www.judo-vaud.ch\/medias (Toutes les ressources M\u00e9dias de l'AVJJ)\" rel=\"noopener \">www.judo-vaud.ch\/medias<\/a><\/div><\/div><\/li>\n\t\t\t\t\t\t<li class=\"lvw-list-item\">\n\t\t\t<div class=\"lvw-link permalink\"><div class=\"lvw-item-name\"><a class=\"lvw-anchor\" href=\"https:\/\/www.judo-vaud.ch\/mission\" target=\"_self\" title=\"www.judo-vaud.ch\/mission\" rel=\"noopener \">www.judo-vaud.ch\/mission<\/a><\/div><\/div><\/li>\n\t\t\t\t\t\t<li class=\"lvw-list-item\">\n\t\t\t<div class=\"lvw-link permalink\"><div class=\"lvw-item-name\"><a class=\"lvw-anchor\" href=\"https:\/\/www.judo-vaud.ch\/news\" target=\"_self\" title=\"www.judo-vaud.ch\/news\" rel=\"noopener \">www.judo-vaud.ch\/news<\/a><\/div><\/div><\/li>\n\t\t\t\t\t\t<li class=\"lvw-list-item\">\n\t\t\t<div class=\"lvw-link permalink\"><div class=\"lvw-item-name\"><a class=\"lvw-anchor\" href=\"http:\/\/www.judo-vaud.ch\/nwslt\" target=\"_self\" title=\"www.judo-vaud.ch\/nwslt (La newsletter de l'association)\" rel=\"noopener \">www.judo-vaud.ch\/nwslt<\/a><\/div><\/div><\/li>\n\t\t\t\t\t\t<li class=\"lvw-list-item\">\n\t\t\t<div class=\"lvw-link permalink\"><div class=\"lvw-item-name\"><a class=\"lvw-anchor\" href=\"http:\/\/www.judo-vaud.ch\/resa\" target=\"_self\" title=\"www.judo-vaud.ch\/resa (Administration de la r\u00e9servation de mat\u00e9riel)\" rel=\"noopener \">www.judo-vaud.ch\/resa<\/a><\/div><\/div><\/li>\n\t\t\t\t\t\t<li class=\"lvw-list-item\">\n\t\t\t<div class=\"lvw-link permalink\"><div class=\"lvw-item-name\"><a class=\"lvw-anchor\" href=\"https:\/\/www.judo-vaud.ch\/ressources\" target=\"_self\" title=\"www.judo-vaud.ch\/ressources (Toutes les ressources de l'AVJJ)\" rel=\"noopener \">www.judo-vaud.ch\/ressources<\/a><\/div><\/div><\/li>\n\t\t\t\t\t\t<li class=\"lvw-list-item\">\n\t\t\t<div class=\"lvw-link permalink\"><div class=\"lvw-item-name\"><a class=\"lvw-anchor\" href=\"http:\/\/www.judo-vaud.ch\/TC\" target=\"_self\" title=\"www.judo-vaud.ch\/TC (Le Tournoi Cantonal (comp\u00e9tition adapt\u00e9e pour les moins de 11 ans))\" rel=\"noopener \">www.judo-vaud.ch\/TC<\/a><\/div><\/div><\/li>\n\t\t\t\t\t\t<li class=\"lvw-list-item\">\n\t\t\t<div class=\"lvw-link permalink\"><div class=\"lvw-item-name\"><a class=\"lvw-anchor\" href=\"https:\/\/www.judo-vaud.ch\/TP\" target=\"_self\" title=\"www.judo-vaud.ch\/TP (Les Tournois de Promotion Judo)\" rel=\"noopener \">www.judo-vaud.ch\/TP<\/a><\/div><\/div><\/li>\n\t\t\t\t\t\t<li class=\"lvw-list-item\">\n\t\t\t<div class=\"lvw-link permalink\"><div class=\"lvw-item-name\"><a class=\"lvw-anchor\" href=\"https:\/\/www.judo-vaud.ch\/us\" target=\"_self\" title=\"www.judo-vaud.ch\/us\" rel=\"noopener \">www.judo-vaud.ch\/us<\/a><\/div><\/div><\/li>\n\t\t\t\t\t<\/ul>\n\t\t\t\t\t<\/div>\n\t\t\t\t\t<\/div>\n\t\t\t\t<\/div>\n<h3>Contacts:<\/h3>\n<div id=\"cn-top\" style=\"position: absolute; top: 0; right: 0;\"><\/div><div class=\"cn-list\" id=\"cn-list\" data-connections-version=\"10.4.67-0.7\"><div class=\"cn-template cn-card\" id=\"cn-card\" data-template-version=\"3.0\"><div class=\"cn-list-head\">\n\n<\/div>\n<div class=\"cn-list-body\" id=\"cn-list-body\">\n<div class=\"cn-list-row cn-list-item vcard individual comite communication resp-tournoi-promotion webmaster\" id=\"celine-maitre\" data-entry-type=\"individual\" data-entry-id=\"92\" data-entry-slug=\"celine-maitre\"><div class=\"cn-entry\" style=\"background-color: #FFF;border: 1px solid #E3E3E3;border-radius: 4px;color: #000;margin: 8px 0;padding: 10px;position: relative\">\n\n\t<div class=\"cn-left\" style=\"width:49%; float:left\">\n\t\t<span class=\"cn-image-style\"><span style=\"display: block; max-width: 100%; width: 112px\"><a href=\"https:\/\/www.budoschoolsashita.ch\" target=\"_blank\" rel=\"nofollow\"><img loading=\"lazy\" width=\"112\" height=\"150\" sizes=\"auto, 100vw\" lazyload=\"1\" class=\"cn-image photo\" alt=\"Photo de C\u00e9line Ma\u00eetre\" title=\"Photo de C\u00e9line Ma\u00eetre\" srcset=\"\/\/www.judo-vaud.ch\/cms\/wp-content\/uploads\/connections-images\/celine-maitre\/CelineMaitre-576c88e7074cb6ae1570ab520e7acae2.jpg 1x\" loading=\"lazy\"\/><\/a><\/span><\/span>\n\t\t<div style=\"clear:both;\"><\/div>\n\t\t<div style=\"margin-bottom: 10px;\">\n\t\t\t<div style=\"font-size:larger;font-variant: small-caps\"><strong><span class=\"fn n notranslate\"> <span class=\"given-name\">C\u00e9line<\/span> <span class=\"family-name\">Ma\u00eetre<\/span><\/span>\n<\/strong><\/div>\n\t\t\t<span class=\"title notranslate\">Membre du\u00a0Comit\u00e9<\/span>\n\n\t\t<\/div>\n\n\t<\/div>\n\n\t<div class=\"cn-right\" style=\"text-align: right;\">\n\n\t\t<span class=\"phone-number-block\">\n<span class=\"tel cn-phone-number cn-phone-number-type-homephone\"><span class=\"phone-name\">T\u00e9l\u00e9phone maison<\/span><span class=\"cn-separator\">:<\/span> <span class=\"value\">+41 76 403 12 99<\/span><span class=\"type\" style=\"display: none;\">home<\/span><\/span>\n<\/span>\n<span class=\"email-address-block\">\n<span class=\"email cn-email-address\"><span class=\"email-name\">Courriel personnel<\/span><span class=\"cn-separator\">:<\/span> <span class=\"email-address\"><script type=\"text\/javascript\">\r\n\t\t\t\t\t\/* <![CDATA[ *\/\r\n\t \t\t\t\tcnROT13.writeROT13(\"<n pynff=\\\"inyhr\\\" gvgyr=\\\"P\u00e9yvar Zn\u00eeger crefbany rznvy\\056\\\" uers=\\\"znvygb:pz\\100whqb-inhq\\056pu\\\">pz\\100whqb-inhq\\056pu<\\057n>\");\r\n\t\t\t\t\t\/* ]]-> *\/\r\n\t \t\t\t\t<\/script><noscript><span style=\"unicode-bidi: bidi-override; direction:rtl;\">hc&#46;&#100;&#117;av&#45;o&#100;&#117;j&#64;&#109;&#99;<\/span><\/noscript><\/span><span class=\"type\" style=\"display: none;\">INTERNET<\/span><\/span>\n<\/span>\n<span class=\"link-block\">\n<span class=\"link cn-link website cn-preferred cn-link-preferred\"><span class=\"link-name\">Site internet<\/span><span class=\"cn-separator\">:<\/span> <a class=\"url\" href=\"https:\/\/www.judo-vaud.ch\/?page_id=11504\" target=\"_blank\" rel=\"noopener\" >Page personnelle<\/a><\/span>\n<span class=\"link cn-link blog\"><span class=\"link-name\">Blog<\/span><span class=\"cn-separator\">:<\/span> <a class=\"url\" href=\"https:\/\/www.budoschoolsashita.ch\" target=\"_blank\" rel=\"noopener\" rel=\"nofollow\">Site du club<\/a><\/span>\n<\/span>\n\n\t<\/div>\n\n\t<div style=\"clear:both\"><\/div>\n\n\t\n\t<div class=\"cn-meta\" style=\"margin-top: 6px\">\n\t\t\t<\/div>\n\n\t<div class=\"cn-clear\" style=\"display:table;width:100%;\">\n\t\t<div style=\"display:table-cell;vertical-align:middle;\">\n\t\t\t<div class=\"cn-categories\"><span class=\"cn_category_label\">Cat\u00e9gories : <\/span> <span class=\"cn-category-name cn_category cn-category-2 cn-category-comite\">Comit\u00e9<\/span><span class=\"cn-category-separator\">, <\/span><span class=\"cn-category-name cn_category cn-category-5 cn-category-communication\">Communication<\/span><span class=\"cn-category-separator\">, <\/span><span class=\"cn-category-name cn_category cn-category-35 cn-category-resp-tournoi-promotion\">Resp. Tournoi Promotion<\/span><span class=\"cn-category-separator\">, <\/span><span class=\"cn-category-name cn_category cn-category-34 cn-category-webmaster\">Webmaster<\/span><\/div>\n\t\t<\/div>\n\t\t<div style=\"display:table-cell;text-align:right;vertical-align:middle;\">\n\t\t\t<span class=\"cn-last-updated\" style=\"color: red;font-size: 10px;font-variant: small-caps;margin-right: 10px\">Mis \u00e0 jour il y a 2 jours.<\/span>\n<span class=\"cn-return-to-top\"><a href=\"#cn-top\" title=\"Retour haut de page\"><img decoding=\"async\" src=\"https:\/\/www.judo-vaud.ch\/cms\/wp-content\/plugins\/connections\/assets\/images\/uparrow.gif\" alt=\"Retour haut de page\"\/><\/a><\/span>\n\t\t<\/div>\n\t<\/div>\n\n<\/div>\n\n<\/div>\n<\/div>\n<div class=\"cn-list-foot\">\n\n<\/div>\n\n<\/div>\n\n<\/div>\n<p>&nbsp;<\/p>\n<p>&nbsp;<\/p>\n","protected":false},"excerpt":{"rendered":"<p>Contacts: &nbsp; &nbsp;<\/p>\n","protected":false},"author":3,"featured_media":0,"parent":17,"menu_order":6,"comment_status":"closed","ping_status":"closed","template":"","meta":{"_cbd_carousel_blocks":"[]","footnotes":""},"class_list":["post-39","page","type-page","status-publish","hentry"],"_links":{"self":[{"href":"https:\/\/www.judo-vaud.ch\/index.php?rest_route=\/wp\/v2\/pages\/39","targetHints":{"allow":["GET"]}}],"collection":[{"href":"https:\/\/www.judo-vaud.ch\/index.php?rest_route=\/wp\/v2\/pages"}],"about":[{"href":"https:\/\/www.judo-vaud.ch\/index.php?rest_route=\/wp\/v2\/types\/page"}],"author":[{"embeddable":true,"href":"https:\/\/www.judo-vaud.ch\/index.php?rest_route=\/wp\/v2\/users\/3"}],"replies":[{"embeddable":true,"href":"https:\/\/www.judo-vaud.ch\/index.php?rest_route=%2Fwp%2Fv2%2Fcomments&post=39"}],"version-history":[{"count":1,"href":"https:\/\/www.judo-vaud.ch\/index.php?rest_route=\/wp\/v2\/pages\/39\/revisions"}],"predecessor-version":[{"id":12274,"href":"https:\/\/www.judo-vaud.ch\/index.php?rest_route=\/wp\/v2\/pages\/39\/revisions\/12274"}],"up":[{"embeddable":true,"href":"https:\/\/www.judo-vaud.ch\/index.php?rest_route=\/wp\/v2\/pages\/17"}],"wp:attachment":[{"href":"https:\/\/www.judo-vaud.ch\/index.php?rest_route=%2Fwp%2Fv2%2Fmedia&parent=39"}],"curies":[{"name":"wp","href":"https:\/\/api.w.org\/{rel}","templated":true}]}}