{"id":3669,"date":"2015-10-11T08:26:13","date_gmt":"2015-10-11T07:26:13","guid":{"rendered":"http:\/\/www.judo-vaud.ch\/?page_id=3669"},"modified":"2020-09-14T10:28:40","modified_gmt":"2020-09-14T09:28:40","slug":"presentation-cri","status":"publish","type":"page","link":"https:\/\/www.judo-vaud.ch\/?page_id=3669","title":{"rendered":"Pr\u00e9sentation CRI"},"content":{"rendered":"\t\t<div data-elementor-type=\"wp-page\" data-elementor-id=\"3669\" class=\"elementor elementor-3669\">\n\t\t\t\t\t\t<section class=\"elementor-section elementor-top-section elementor-element elementor-element-9e47df4 elementor-section-boxed elementor-section-height-default elementor-section-height-default\" data-id=\"9e47df4\" data-element_type=\"section\" data-e-type=\"section\">\n\t\t\t\t\t\t<div class=\"elementor-container elementor-column-gap-default\">\n\t\t\t\t\t<div class=\"elementor-column elementor-col-100 elementor-top-column elementor-element elementor-element-316b9284\" data-id=\"316b9284\" data-element_type=\"column\" data-e-type=\"column\">\n\t\t\t<div class=\"elementor-widget-wrap elementor-element-populated\">\n\t\t\t\t\t\t<div class=\"elementor-element elementor-element-502f6860 elementor-widget elementor-widget-text-editor\" data-id=\"502f6860\" data-element_type=\"widget\" data-e-type=\"widget\" data-widget_type=\"text-editor.default\">\n\t\t\t\t<div class=\"elementor-widget-container\">\n\t\t\t\t\t\t\t\t\t<p><img decoding=\"async\" class=\"alignright wp-image-1643 size-thumbnail\" src=\"http:\/\/www.judo-vaud.ch\/cms\/wp-content\/plugins\/AVJJ-ShortCode\/photos\/logo_cri-150x150.jpg\" alt=\"CRI\" width=\"150\" height=\"150\" \/><br \/>Les Championnats Romands Individuels sont organis\u00e9s chaque ann\u00e9e \u00e0 tour de r\u00f4le par l&rsquo;une des Associations Cantonales Romandes.\u00a0Cette comp\u00e9tition est r\u00e9serv\u00e9e aux <strong>Ecoliers et Ecoli\u00e8res A<\/strong> (U14).<\/p><p>Les associations cantonales qui participent sont :<\/p><table class=\"table table-striped\"><tbody><tr><td>Fribourg<\/td><td><a href=\"http:\/\/www.afj.ch\/\" target=\"_blank\" rel=\"noopener noreferrer\">Ass. Fribourgeoise de Judo<\/a><\/td><\/tr><tr><td>Gen\u00e8ve<\/td><td><a href=\"http:\/\/acgjjj.ch\/\" target=\"_blank\" rel=\"noopener noreferrer\">Ass. Cant. Genevoise de Judo\/Ju-Jitsu<\/a><\/td><\/tr><tr><td>Jura<\/td><td><a href=\"http:\/\/judo-jura.ch\/\" target=\"_blank\" rel=\"noopener noreferrer\">Ass. Jurassienne Judo et Ju Jitsu<\/a><\/td><\/tr><tr><td>Neuch\u00e2tel<\/td><td><a href=\"http:\/\/www.judo-neuchatel.ch\/\" target=\"_blank\" rel=\"noopener noreferrer\">Ass. Neuch\u00e2teloise de Judo<\/a><\/td><\/tr><tr><td>Vaud<\/td><td><a href=\"http:\/\/www.judo-vaud.ch\/\" target=\"_blank\" rel=\"noopener noreferrer\">Ass. Vaudoise de Judo et Ju Jitsu<\/a><\/td><\/tr><tr><td>Valais<\/td><td><a href=\"http:\/\/www.ajjv.ch\/\" target=\"_blank\" rel=\"noopener noreferrer\">Association Judo et Ju Jitsu Valais<\/a><\/td><\/tr><\/tbody><\/table><p><div class=\"wp-caption \" id=\"attachment_1576\" style=\"width: 150;\"><a  class=\"nofancybox\"  href=\"http:\/\/www.judo-vaud.ch\/cms\/wp-content\/uploads\/2015\/10\/CRI-R\u00e8glementEdition2016-2.pdf\" target=\"_blank\"><img decoding=\"async\" width=\"150\" height=\"150\" class=\"wp-image-1576\" alt=\"CRI\" src=\"http:\/\/www.judo-vaud.ch\/cms\/wp-content\/plugins\/AVJJ-ShortCode\/png\/pdf.png\"><\/a><p class=\"wp-caption-text\"><a href=\"http:\/\/www.judo-vaud.ch\/cms\/wp-content\/uploads\/2015\/10\/CRI-R\u00e8glementEdition2016-2.pdf\">R\u00e8glement<\/a><\/p><\/div><\/p><p>Le r\u00e8glement se trouve ici :\u00a0<a href=\"https:\/\/www.judo-vaud.ch\/cms\/wp-content\/uploads\/2015\/10\/CRI-R\u00e8glementEdition2016-2.pdf\" target=\"_blank\" rel=\"noopener noreferrer\"><strong>CRI-R\u00e8glementEdition2016<\/strong><\/a><\/p><h3>Renseignements:<\/h3><p><div id=\"cn-top\" style=\"position: absolute; top: 0; right: 0;\"><\/div><div class=\"cn-list\" id=\"cn-list\" data-connections-version=\"10.4.67-0.7\"><div class=\"cn-template cn-card\" id=\"cn-card\" data-template-version=\"3.0\"><div class=\"cn-list-head\">\n\n<\/div>\n<div class=\"cn-list-body\" id=\"cn-list-body\">\n<div class=\"cn-list-row cn-list-item vcard individual comite commission-allocation-aide-jeunes-competiteurs resp-assistantentraineur resp-competitions resp-sport-etude\" id=\"francois-chavanne\" data-entry-type=\"individual\" data-entry-id=\"1\" data-entry-slug=\"francois-chavanne\"><div class=\"cn-entry\" style=\"background-color: #FFF;border: 1px solid #E3E3E3;border-radius: 4px;color: #000;margin: 8px 0;padding: 10px;position: relative\">\n\n\t<div class=\"cn-left\" style=\"width:49%; float:left\">\n\t\t<span class=\"cn-image-style\"><span style=\"display: block; max-width: 100%; width: 112px\"><a href=\"http:\/\/www.judo-vaud.ch\/?page_id=1442\" target=\"_self\" rel=\"dofollow\"><img loading=\"lazy\" width=\"112\" height=\"150\" sizes=\"auto, 100vw\" lazyload=\"1\" class=\"cn-image photo\" alt=\"Photo de Fran\u00e7ois Chavanne\" title=\"Photo de Fran\u00e7ois Chavanne\" srcset=\"\/\/www.judo-vaud.ch\/cms\/wp-content\/uploads\/connections-images\/francois-chavanne\/Franyois_original-de6bae4577fca49aa91f57bc41ed41ff.jpg 1x\" loading=\"lazy\"\/><\/a><\/span><\/span>\n\t\t<div style=\"clear:both;\"><\/div>\n\t\t<div style=\"margin-bottom: 10px;\">\n\t\t\t<div style=\"font-size:larger;font-variant: small-caps\"><strong><span class=\"fn n notranslate\"> <span class=\"given-name\">Fran\u00e7ois<\/span> <span class=\"family-name\">Chavanne<\/span><\/span>\n<\/strong><\/div>\n\t\t\t<span class=\"title notranslate\">Pr\u00e9sident<\/span>\n\n\t\t<\/div>\n\n\t<\/div>\n\n\t<div class=\"cn-right\" style=\"text-align: right;\">\n\n\t\t<span class=\"address-block\"><span class=\"adr cn-address\"> <span class=\"street-address notranslate\">Ch. du Mol\u00e9son 12<\/span> <span class=\"locality\">Penthalaz<\/span> <span class=\"postal-code\">1305<\/span> <span class=\"type\" style=\"display: none;\">home<\/span><\/span><\/span>\n<span class=\"phone-number-block\">\n<span class=\"tel cn-phone-number cn-phone-number-type-homephone\"><span class=\"phone-name\">T\u00e9l\u00e9phone maison<\/span><span class=\"cn-separator\">:<\/span> <span class=\"value\">021 881 45 62<\/span><span class=\"type\" style=\"display: none;\">home<\/span><\/span>\n<span class=\"tel cn-phone-number cn-phone-number-type-cellphone\"><span class=\"phone-name\">T\u00e9l\u00e9phone mobile<\/span><span class=\"cn-separator\">:<\/span> <span class=\"value\">079 446 01 89<\/span><span class=\"type\" style=\"display: none;\">cell<\/span><\/span>\n<\/span>\n<span class=\"email-address-block\">\n<span class=\"email cn-email-address\"><span class=\"email-name\">Courriel personnel<\/span><span class=\"cn-separator\">:<\/span> <span class=\"email-address\"><script type=\"text\/javascript\">\r\n\t\t\t\t\t\/* <![CDATA[ *\/\r\n\t \t\t\t\tcnROT13.writeROT13(\"<n pynff=\\\"inyhr\\\" gvgyr=\\\"Sena\u00e7bvf Puninaar crefbany rznvy\\056\\\" uers=\\\"znvygb:senapbvf\\056puninaar\\100oyhrjva\\056pu\\\">senapbvf\\056puninaar\\100oyhrjva\\056pu<\\057n>\");\r\n\t\t\t\t\t\/* ]]-> *\/\r\n\t \t\t\t\t<\/script><noscript><span style=\"unicode-bidi: bidi-override; direction:rtl;\">h&#99;&#46;n&#105;weu&#108;&#98;&#64;&#101;nna&#118;&#97;&#104;c&#46;&#115;i&#111;&#99;n&#97;r&#102;<\/span><\/noscript><\/span><span class=\"type\" style=\"display: none;\">INTERNET<\/span><\/span>\n<\/span>\n<span class=\"link-block\">\n<span class=\"link cn-link website cn-preferred cn-link-preferred\"><span class=\"link-name\">Site internet<\/span><span class=\"cn-separator\">:<\/span> <a class=\"url\" href=\"http:\/\/www.judo-vaud.ch\/?page_id=1442\" target=\"_self\" rel=\"noopener\" >Page Personnelle<\/a><\/span>\n<\/span>\n\n\t<\/div>\n\n\t<div style=\"clear:both\"><\/div>\n\n\t\n\t<div class=\"cn-meta\" style=\"margin-top: 6px\">\n\t\t\t<\/div>\n\n\t<div class=\"cn-clear\" style=\"display:table;width:100%;\">\n\t\t<div style=\"display:table-cell;vertical-align:middle;\">\n\t\t\t<div class=\"cn-categories\"><span class=\"cn_category_label\">Cat\u00e9gories : <\/span> <span class=\"cn-category-name cn_category cn-category-2 cn-category-comite\">Comit\u00e9<\/span><span class=\"cn-category-separator\">, <\/span><span class=\"cn-category-name cn_category cn-category-29 cn-category-commission-allocation-aide-jeunes-competiteurs\">commission allocation aide jeunes comp\u00e9titeurs<\/span><span class=\"cn-category-separator\">, <\/span><span class=\"cn-category-name cn_category cn-category-32 cn-category-resp-assistantentraineur\">Resp. Assistant entraineur<\/span><span class=\"cn-category-separator\">, <\/span><span class=\"cn-category-name cn_category cn-category-12 cn-category-resp-competitions\">Resp. comp\u00e9titions<\/span><span class=\"cn-category-separator\">, <\/span><span class=\"cn-category-name cn_category cn-category-4 cn-category-resp-sport-etude\">Resp. Sport Etude<\/span><\/div>\n\t\t<\/div>\n\t\t<div style=\"display:table-cell;text-align:right;vertical-align:middle;\">\n\t\t\t<span class=\"cn-last-updated\" style=\"display: none;font-size: 10px;font-variant: small-caps;margin-right: 10px\">Mis \u00e0 jour il y a 2 ans.<\/span>\n<span class=\"cn-return-to-top\"><a href=\"#cn-top\" title=\"Retour haut de page\"><img decoding=\"async\" src=\"https:\/\/www.judo-vaud.ch\/cms\/wp-content\/plugins\/connections\/assets\/images\/uparrow.gif\" alt=\"Retour haut de page\"\/><\/a><\/span>\n\t\t<\/div>\n\t<\/div>\n\n<\/div>\n\n<\/div>\n<\/div>\n<div class=\"cn-list-foot\">\n\n<\/div>\n\n<\/div>\n\n<\/div><\/p>\t\t\t\t\t\t\t\t<\/div>\n\t\t\t\t<\/div>\n\t\t\t\t\t<\/div>\n\t\t<\/div>\n\t\t\t\t\t<\/div>\n\t\t<\/section>\n\t\t\t\t<\/div>\n\t\t","protected":false},"excerpt":{"rendered":"<p>Les Championnats Romands Individuels sont organis\u00e9s chaque ann\u00e9e \u00e0 tour de r\u00f4le par l&rsquo;une des Associations Cantonales Romandes.\u00a0Cette comp\u00e9tition est r\u00e9serv\u00e9e aux Ecoliers et Ecoli\u00e8res A (U14). Les associations cantonales qui participent sont : Fribourg Ass. Fribourgeoise de Judo Gen\u00e8ve Ass. Cant. Genevoise de Judo\/Ju-Jitsu Jura Ass. Jurassienne Judo et Ju Jitsu Neuch\u00e2tel Ass. Neuch\u00e2teloise [&hellip;]<\/p>\n","protected":false},"author":3,"featured_media":0,"parent":3665,"menu_order":1,"comment_status":"closed","ping_status":"closed","template":"","meta":{"_cbd_carousel_blocks":"[]","footnotes":""},"class_list":["post-3669","page","type-page","status-publish","hentry"],"_links":{"self":[{"href":"https:\/\/www.judo-vaud.ch\/index.php?rest_route=\/wp\/v2\/pages\/3669","targetHints":{"allow":["GET"]}}],"collection":[{"href":"https:\/\/www.judo-vaud.ch\/index.php?rest_route=\/wp\/v2\/pages"}],"about":[{"href":"https:\/\/www.judo-vaud.ch\/index.php?rest_route=\/wp\/v2\/types\/page"}],"author":[{"embeddable":true,"href":"https:\/\/www.judo-vaud.ch\/index.php?rest_route=\/wp\/v2\/users\/3"}],"replies":[{"embeddable":true,"href":"https:\/\/www.judo-vaud.ch\/index.php?rest_route=%2Fwp%2Fv2%2Fcomments&post=3669"}],"version-history":[{"count":3,"href":"https:\/\/www.judo-vaud.ch\/index.php?rest_route=\/wp\/v2\/pages\/3669\/revisions"}],"predecessor-version":[{"id":8798,"href":"https:\/\/www.judo-vaud.ch\/index.php?rest_route=\/wp\/v2\/pages\/3669\/revisions\/8798"}],"up":[{"embeddable":true,"href":"https:\/\/www.judo-vaud.ch\/index.php?rest_route=\/wp\/v2\/pages\/3665"}],"wp:attachment":[{"href":"https:\/\/www.judo-vaud.ch\/index.php?rest_route=%2Fwp%2Fv2%2Fmedia&parent=3669"}],"curies":[{"name":"wp","href":"https:\/\/api.w.org\/{rel}","templated":true}]}}