{"id":3534,"date":"2015-09-05T11:09:45","date_gmt":"2015-09-05T10:09:45","guid":{"rendered":"http:\/\/www.judo-vaud.ch\/?page_id=3534"},"modified":"2015-09-05T11:09:45","modified_gmt":"2015-09-05T10:09:45","slug":"en-lien","status":"publish","type":"page","link":"https:\/\/www.judo-vaud.ch\/?page_id=3534","title":{"rendered":"En lien"},"content":{"rendered":"<p><img decoding=\"async\" class=\"alignright wp-image-1643 size-thumbnail\" src=\"http:\/\/www.judo-vaud.ch\/cms\/wp-content\/plugins\/AVJJ-ShortCode\/photos\/Judo-Vaud37-150x150.jpg\" alt=\"CVI\" width=\"150\" height=\"150\" \/><br \/>\nVoici tous les articles en lien avec nos Championnats Vaudois Individuels.<\/p>\n<div class=\"pt-cv-wrapper\"><div class=\"pt-cv-view pt-cv-grid pt-cv-colsys\" id=\"pt-cv-view-1f94e443f4\"><div data-id=\"pt-cv-page-1\" class=\"pt-cv-page\" data-cvc=\"2\"><div class=\"col-md-6 col-sm-6 col-xs-12 pt-cv-content-item pt-cv-2-col\" ><div class='pt-cv-ifield'><a href=\"https:\/\/www.judo-vaud.ch\/?p=13752\" class=\"_self pt-cv-href-thumbnail pt-cv-thumb-right\" target=\"_self\" ><img decoding=\"async\" width=\"150\" height=\"150\" src=\"https:\/\/www.judo-vaud.ch\/cms\/wp-content\/uploads\/2020\/02\/DSC_9918-150x150.jpg\" class=\"pt-cv-thumbnail pull-right\" alt=\"\" srcset=\"https:\/\/www.judo-vaud.ch\/cms\/wp-content\/uploads\/2020\/02\/DSC_9918-150x150.jpg 150w, https:\/\/www.judo-vaud.ch\/cms\/wp-content\/uploads\/2020\/02\/DSC_9918-250x250.jpg 250w, https:\/\/www.judo-vaud.ch\/cms\/wp-content\/uploads\/2020\/02\/DSC_9918-125x125.jpg 125w, https:\/\/www.judo-vaud.ch\/cms\/wp-content\/uploads\/2020\/02\/DSC_9918-110x110.jpg 110w, https:\/\/www.judo-vaud.ch\/cms\/wp-content\/uploads\/2020\/02\/DSC_9918-420x420.jpg 420w\" sizes=\"(max-width: 150px) 100vw, 150px\" \/><\/a>\n<h4 class=\"pt-cv-title\"><a href=\"https:\/\/www.judo-vaud.ch\/?p=13752\" class=\"_self\" target=\"_self\" >CVI-2026-r\u00e9sultats<\/a><\/h4>\n<div class=\"pt-cv-content\">Voici les r\u00e9sultats des Championnats Vaudois Individuels 2026 qui se sont d\u00e9roul\u00e9s le samedi 29 mars \u00e0 Orbe ...<\/div><\/div><\/div>\n<div class=\"col-md-6 col-sm-6 col-xs-12 pt-cv-content-item pt-cv-2-col\" ><div class='pt-cv-ifield'><a href=\"https:\/\/www.judo-vaud.ch\/?p=12528\" class=\"_self pt-cv-href-thumbnail pt-cv-thumb-right\" target=\"_self\" ><img decoding=\"async\" width=\"150\" height=\"150\" src=\"https:\/\/www.judo-vaud.ch\/cms\/wp-content\/uploads\/2020\/02\/DSC_9918-150x150.jpg\" class=\"pt-cv-thumbnail pull-right\" alt=\"\" srcset=\"https:\/\/www.judo-vaud.ch\/cms\/wp-content\/uploads\/2020\/02\/DSC_9918-150x150.jpg 150w, https:\/\/www.judo-vaud.ch\/cms\/wp-content\/uploads\/2020\/02\/DSC_9918-250x250.jpg 250w, https:\/\/www.judo-vaud.ch\/cms\/wp-content\/uploads\/2020\/02\/DSC_9918-125x125.jpg 125w, https:\/\/www.judo-vaud.ch\/cms\/wp-content\/uploads\/2020\/02\/DSC_9918-110x110.jpg 110w, https:\/\/www.judo-vaud.ch\/cms\/wp-content\/uploads\/2020\/02\/DSC_9918-420x420.jpg 420w\" sizes=\"(max-width: 150px) 100vw, 150px\" \/><\/a>\n<h4 class=\"pt-cv-title\"><a href=\"https:\/\/www.judo-vaud.ch\/?p=12528\" class=\"_self\" target=\"_self\" >CVI-2025-r\u00e9sultats<\/a><\/h4>\n<div class=\"pt-cv-content\">Voici les r\u00e9sultats des Championnats Vaudois Individuels 2025 qui se sont d\u00e9roul\u00e9s le samedi 29 mars \u00e0 Lausanne ...<\/div><\/div><\/div>\n<div class=\"col-md-6 col-sm-6 col-xs-12 pt-cv-content-item pt-cv-2-col\" ><div class='pt-cv-ifield'><a href=\"https:\/\/www.judo-vaud.ch\/?p=12293\" class=\"_self pt-cv-href-thumbnail pt-cv-thumb-right\" target=\"_self\" ><img decoding=\"async\" width=\"150\" height=\"150\" src=\"https:\/\/www.judo-vaud.ch\/cms\/wp-content\/uploads\/2020\/02\/DSC_9915-150x150.jpg\" class=\"pt-cv-thumbnail pull-right\" alt=\"\" srcset=\"https:\/\/www.judo-vaud.ch\/cms\/wp-content\/uploads\/2020\/02\/DSC_9915-150x150.jpg 150w, https:\/\/www.judo-vaud.ch\/cms\/wp-content\/uploads\/2020\/02\/DSC_9915-250x250.jpg 250w, https:\/\/www.judo-vaud.ch\/cms\/wp-content\/uploads\/2020\/02\/DSC_9915-125x125.jpg 125w, https:\/\/www.judo-vaud.ch\/cms\/wp-content\/uploads\/2020\/02\/DSC_9915-110x110.jpg 110w, https:\/\/www.judo-vaud.ch\/cms\/wp-content\/uploads\/2020\/02\/DSC_9915-420x420.jpg 420w\" sizes=\"(max-width: 150px) 100vw, 150px\" \/><\/a>\n<h4 class=\"pt-cv-title\"><a href=\"https:\/\/www.judo-vaud.ch\/?p=12293\" class=\"_self\" target=\"_self\" >Invitation au Championnat Vaudois 2025<\/a><\/h4>\n<div class=\"pt-cv-content\">Les judoka(te)s de toutes les cat\u00e9gories d'\u00e2ge d\u00e8s Ecoliers B et 5\u00e8me Kyu, sont invit\u00e9s \u00e0 participer aux Championnats Vaudois ...<\/div><\/div><\/div>\n<div class=\"col-md-6 col-sm-6 col-xs-12 pt-cv-content-item pt-cv-2-col\" ><div class='pt-cv-ifield'><a href=\"https:\/\/www.judo-vaud.ch\/?p=11477\" class=\"_self pt-cv-href-thumbnail pt-cv-thumb-right\" target=\"_self\" ><img decoding=\"async\" width=\"150\" height=\"150\" src=\"https:\/\/www.judo-vaud.ch\/cms\/wp-content\/uploads\/2020\/02\/DSC_9918-150x150.jpg\" class=\"pt-cv-thumbnail pull-right\" alt=\"\" srcset=\"https:\/\/www.judo-vaud.ch\/cms\/wp-content\/uploads\/2020\/02\/DSC_9918-150x150.jpg 150w, https:\/\/www.judo-vaud.ch\/cms\/wp-content\/uploads\/2020\/02\/DSC_9918-250x250.jpg 250w, https:\/\/www.judo-vaud.ch\/cms\/wp-content\/uploads\/2020\/02\/DSC_9918-125x125.jpg 125w, https:\/\/www.judo-vaud.ch\/cms\/wp-content\/uploads\/2020\/02\/DSC_9918-110x110.jpg 110w, https:\/\/www.judo-vaud.ch\/cms\/wp-content\/uploads\/2020\/02\/DSC_9918-420x420.jpg 420w\" sizes=\"(max-width: 150px) 100vw, 150px\" \/><\/a>\n<h4 class=\"pt-cv-title\"><a href=\"https:\/\/www.judo-vaud.ch\/?p=11477\" class=\"_self\" target=\"_self\" >CVI-2024-r\u00e9sultats<\/a><\/h4>\n<div class=\"pt-cv-content\">Voici les r\u00e9sultats des Championnats Vaudois Individuels 2024 qui se sont d\u00e9roul\u00e9s le samedi 22 mars \u00e0 Clarens-Montreux ...<\/div><\/div><\/div>\n<div class=\"col-md-6 col-sm-6 col-xs-12 pt-cv-content-item pt-cv-2-col\" ><div class='pt-cv-ifield'><a href=\"https:\/\/www.judo-vaud.ch\/?p=11452\" class=\"_self pt-cv-href-thumbnail pt-cv-thumb-right\" target=\"_self\" ><img loading=\"lazy\" decoding=\"async\" width=\"150\" height=\"150\" src=\"https:\/\/www.judo-vaud.ch\/cms\/wp-content\/uploads\/2020\/02\/DSC_0049-150x150.jpg\" class=\"pt-cv-thumbnail pull-right\" alt=\"\" \/><\/a>\n<h4 class=\"pt-cv-title\"><a href=\"https:\/\/www.judo-vaud.ch\/?p=11452\" class=\"_self\" target=\"_self\" >Info pratiques 23 et 24 mars<\/a><\/h4>\n<div class=\"pt-cv-content\">Les organisateurs des manifestations du 23 et 24 mars prochains informent concernant les parkings \u00e0 disposition autour du lieu des ...<\/div><\/div><\/div>\n<div class=\"col-md-6 col-sm-6 col-xs-12 pt-cv-content-item pt-cv-2-col\" ><div class='pt-cv-ifield'><a href=\"https:\/\/www.judo-vaud.ch\/?p=11341\" class=\"_self pt-cv-href-thumbnail pt-cv-thumb-right\" target=\"_self\" ><img decoding=\"async\" width=\"150\" height=\"150\" src=\"https:\/\/www.judo-vaud.ch\/cms\/wp-content\/uploads\/2020\/02\/DSC_9915-150x150.jpg\" class=\"pt-cv-thumbnail pull-right\" alt=\"\" srcset=\"https:\/\/www.judo-vaud.ch\/cms\/wp-content\/uploads\/2020\/02\/DSC_9915-150x150.jpg 150w, https:\/\/www.judo-vaud.ch\/cms\/wp-content\/uploads\/2020\/02\/DSC_9915-250x250.jpg 250w, https:\/\/www.judo-vaud.ch\/cms\/wp-content\/uploads\/2020\/02\/DSC_9915-125x125.jpg 125w, https:\/\/www.judo-vaud.ch\/cms\/wp-content\/uploads\/2020\/02\/DSC_9915-110x110.jpg 110w, https:\/\/www.judo-vaud.ch\/cms\/wp-content\/uploads\/2020\/02\/DSC_9915-420x420.jpg 420w\" sizes=\"(max-width: 150px) 100vw, 150px\" \/><\/a>\n<h4 class=\"pt-cv-title\"><a href=\"https:\/\/www.judo-vaud.ch\/?p=11341\" class=\"_self\" target=\"_self\" >Invitation au Championnat Vaudois 2024<\/a><\/h4>\n<div class=\"pt-cv-content\">Les judoka(te)s de toutes les cat\u00e9gories d'\u00e2ge d\u00e8s Ecoliers B et 5\u00e8me Kyu, sont invit\u00e9s \u00e0 participer aux Championnats Vaudois ...<\/div><\/div><\/div><\/div><\/div>\n<div class=\" pt-cv-pagination-wrapper\"><ul class=\"pt-cv-pagination pt-cv-ajax pagination\" data-totalpages=\"11\" data-currentpage=\"1\" data-sid=\"1f94e443f4\" data-unid=\"\" data-isblock=\"\" data-postid=\"\"><li class=\"active\"><a href=\"#\">1<\/a><\/li>\n\t<li ><a class=\"\" href=\"https:\/\/www.judo-vaud.ch\/index.php\/?_page=2&#038;rest_route=%2Fwp%2Fv2%2Fpages%2F3534\">2<\/a><\/li>\n\t<li ><a class=\"\" href=\"https:\/\/www.judo-vaud.ch\/index.php\/?_page=3&#038;rest_route=%2Fwp%2Fv2%2Fpages%2F3534\">3<\/a><\/li>\n\t<li ><a href=\"#\">\u2026<\/a><\/li>\n\t<li ><a class=\"\" href=\"https:\/\/www.judo-vaud.ch\/index.php\/?_page=11&#038;rest_route=%2Fwp%2Fv2%2Fpages%2F3534\">11<\/a><\/li>\n\t<li ><a class=\" \" href=\"https:\/\/www.judo-vaud.ch\/index.php\/?_page=2&#038;rest_route=%2Fwp%2Fv2%2Fpages%2F3534\">&rsaquo;<\/a><\/li>\n\t<\/ul><img loading=\"lazy\" decoding=\"async\" width=\"15\" height=\"15\" class=\"pt-cv-spinner\" alt=\"Chargement\u2026\" src=\"data:image\/gif;base64,R0lGODlhDwAPALMPAMrKygwMDJOTkz09PZWVla+vr3p6euTk5M7OzuXl5TMzMwAAAJmZmWZmZszMzP\/\/\/yH\/C05FVFNDQVBFMi4wAwEAAAAh+QQFCgAPACwAAAAADwAPAAAEQvDJaZaZOIcV8iQK8VRX4iTYoAwZ4iCYoAjZ4RxejhVNoT+mRGP4cyF4Pp0N98sBGIBMEMOotl6YZ3S61Bmbkm4mAgAh+QQFCgAPACwAAAAADQANAAAENPDJSRSZeA418itN8QiK8BiLITVsFiyBBIoYqnoewAD4xPw9iY4XLGYSjkQR4UAUD45DLwIAIfkEBQoADwAsAAAAAA8ACQAABC\/wyVlamTi3nSdgwFNdhEJgTJoNyoB9ISYoQmdjiZPcj7EYCAeCF1gEDo4Dz2eIAAAh+QQFCgAPACwCAAAADQANAAAEM\/DJBxiYeLKdX3IJZT1FU0iIg2RNKx3OkZVnZ98ToRD4MyiDnkAh6BkNC0MvsAj0kMpHBAAh+QQFCgAPACwGAAAACQAPAAAEMDC59KpFDll73HkAA2wVY5KgiK5b0RRoI6MuzG6EQqCDMlSGheEhUAgqgUUAFRySIgAh+QQFCgAPACwCAAIADQANAAAEM\/DJKZNLND\/kkKaHc3xk+QAMYDKsiaqmZCxGVjSFFCxB1vwy2oOgIDxuucxAMTAJFAJNBAAh+QQFCgAPACwAAAYADwAJAAAEMNAs86q1yaWwwv2Ig0jUZx3OYa4XoRAfwADXoAwfo1+CIjyFRuEho60aSNYlOPxEAAAh+QQFCgAPACwAAAIADQANAAAENPA9s4y8+IUVcqaWJ4qEQozSoAzoIyhCK2NFU2SJk0hNnyEOhKR2AzAAj4Pj4GE4W0bkJQIAOw==\" \/><div class=\"clear pt-cv-clear-pagination\"><\/div><\/div><\/div>\n","protected":false},"excerpt":{"rendered":"<p>Voici tous les articles en lien avec nos Championnats Vaudois Individuels.<\/p>\n","protected":false},"author":3,"featured_media":0,"parent":236,"menu_order":50,"comment_status":"closed","ping_status":"closed","template":"","meta":{"_cbd_carousel_blocks":"[]","footnotes":""},"class_list":["post-3534","page","type-page","status-publish","hentry"],"_links":{"self":[{"href":"https:\/\/www.judo-vaud.ch\/index.php?rest_route=\/wp\/v2\/pages\/3534","targetHints":{"allow":["GET"]}}],"collection":[{"href":"https:\/\/www.judo-vaud.ch\/index.php?rest_route=\/wp\/v2\/pages"}],"about":[{"href":"https:\/\/www.judo-vaud.ch\/index.php?rest_route=\/wp\/v2\/types\/page"}],"author":[{"embeddable":true,"href":"https:\/\/www.judo-vaud.ch\/index.php?rest_route=\/wp\/v2\/users\/3"}],"replies":[{"embeddable":true,"href":"https:\/\/www.judo-vaud.ch\/index.php?rest_route=%2Fwp%2Fv2%2Fcomments&post=3534"}],"version-history":[{"count":0,"href":"https:\/\/www.judo-vaud.ch\/index.php?rest_route=\/wp\/v2\/pages\/3534\/revisions"}],"up":[{"embeddable":true,"href":"https:\/\/www.judo-vaud.ch\/index.php?rest_route=\/wp\/v2\/pages\/236"}],"wp:attachment":[{"href":"https:\/\/www.judo-vaud.ch\/index.php?rest_route=%2Fwp%2Fv2%2Fmedia&parent=3534"}],"curies":[{"name":"wp","href":"https:\/\/api.w.org\/{rel}","templated":true}]}}