{"id":3529,"date":"2015-09-05T11:03:58","date_gmt":"2015-09-05T10:03:58","guid":{"rendered":"http:\/\/www.judo-vaud.ch\/?page_id=3529"},"modified":"2015-09-05T11:03:58","modified_gmt":"2015-09-05T10:03:58","slug":"en-lien","status":"publish","type":"page","link":"https:\/\/www.judo-vaud.ch\/?page_id=3529","title":{"rendered":"En lien"},"content":{"rendered":"<p><img decoding=\"async\" class=\"alignright wp-image-1643 size-thumbnail\" src=\"http:\/\/www.judo-vaud.ch\/cms\/wp-content\/plugins\/AVJJ-ShortCode\/photos\/Judo-Vaud37-150x150.jpg\" alt=\"CVEEc\" width=\"150\" height=\"150\" \/><br \/>\nVoici tous les articles en lien avec nos Championnats Vaudois Ecoliers par Equipe.<\/p>\n<div class=\"pt-cv-wrapper\"><div class=\"pt-cv-view pt-cv-grid pt-cv-colsys\" id=\"pt-cv-view-80c0f6aace\"><div data-id=\"pt-cv-page-1\" class=\"pt-cv-page\" data-cvc=\"2\"><div class=\"col-md-6 col-sm-6 col-xs-12 pt-cv-content-item pt-cv-1-col\" ><div class='pt-cv-ifield'><a href=\"https:\/\/www.judo-vaud.ch\/?p=12461\" class=\"_self pt-cv-href-thumbnail pt-cv-thumb-default\" target=\"_self\" ><img fetchpriority=\"high\" decoding=\"async\" width=\"300\" height=\"187\" src=\"https:\/\/www.judo-vaud.ch\/cms\/wp-content\/uploads\/2020\/02\/DSC_0049-300x187.jpg\" class=\"pt-cv-thumbnail\" alt=\"\" srcset=\"https:\/\/www.judo-vaud.ch\/cms\/wp-content\/uploads\/2020\/02\/DSC_0049-300x187.jpg 300w, https:\/\/www.judo-vaud.ch\/cms\/wp-content\/uploads\/2020\/02\/DSC_0049-1024x640.jpg 1024w, https:\/\/www.judo-vaud.ch\/cms\/wp-content\/uploads\/2020\/02\/DSC_0049-768x480.jpg 768w, https:\/\/www.judo-vaud.ch\/cms\/wp-content\/uploads\/2020\/02\/DSC_0049-480x300.jpg 480w, https:\/\/www.judo-vaud.ch\/cms\/wp-content\/uploads\/2020\/02\/DSC_0049.jpg 1293w\" sizes=\"(max-width: 300px) 100vw, 300px\" \/><\/a>\n<h4 class=\"pt-cv-title\"><a href=\"https:\/\/www.judo-vaud.ch\/?p=12461\" class=\"_self\" target=\"_self\" >Info pratiques 29-30 mars 2025<\/a><\/h4>\n<div class=\"pt-cv-content\">Quelques informations concernant les parkings \u00e0 disposition autour du lieu des comp\u00e9titions ...<\/div><\/div><\/div>\n<div class=\"col-md-6 col-sm-6 col-xs-12 pt-cv-content-item pt-cv-1-col\" ><div class='pt-cv-ifield'><a href=\"https:\/\/www.judo-vaud.ch\/?p=12080\" class=\"_self pt-cv-href-thumbnail pt-cv-thumb-default\" target=\"_self\" ><img decoding=\"async\" width=\"300\" height=\"187\" src=\"https:\/\/www.judo-vaud.ch\/cms\/wp-content\/uploads\/2020\/02\/DSC_9904-300x187.jpg\" class=\"pt-cv-thumbnail\" alt=\"\" srcset=\"https:\/\/www.judo-vaud.ch\/cms\/wp-content\/uploads\/2020\/02\/DSC_9904-300x187.jpg 300w, https:\/\/www.judo-vaud.ch\/cms\/wp-content\/uploads\/2020\/02\/DSC_9904-1024x640.jpg 1024w, https:\/\/www.judo-vaud.ch\/cms\/wp-content\/uploads\/2020\/02\/DSC_9904-768x480.jpg 768w, https:\/\/www.judo-vaud.ch\/cms\/wp-content\/uploads\/2020\/02\/DSC_9904-1536x960.jpg 1536w, https:\/\/www.judo-vaud.ch\/cms\/wp-content\/uploads\/2020\/02\/DSC_9904-480x300.jpg 480w, https:\/\/www.judo-vaud.ch\/cms\/wp-content\/uploads\/2020\/02\/DSC_9904-1320x825.jpg 1320w, https:\/\/www.judo-vaud.ch\/cms\/wp-content\/uploads\/2020\/02\/DSC_9904.jpg 1693w\" sizes=\"(max-width: 300px) 100vw, 300px\" \/><\/a>\n<h4 class=\"pt-cv-title\"><a href=\"https:\/\/www.judo-vaud.ch\/?p=12080\" class=\"_self\" target=\"_self\" >Championnat VD Equipe 2024 &#8211; R\u00e9sultats<\/a><\/h4>\n<div class=\"pt-cv-content\">Le Championnat Vaudois par \u00e9quipes Ecoliers a eu lieu samedi 2 novembre, salle de Grand Vennes \u00e0 1010 Lausanne ...<\/div><\/div><\/div>\n<div class=\"col-md-6 col-sm-6 col-xs-12 pt-cv-content-item pt-cv-1-col\" ><div class='pt-cv-ifield'><a href=\"https:\/\/www.judo-vaud.ch\/?p=11867\" class=\"_self pt-cv-href-thumbnail pt-cv-thumb-default\" target=\"_self\" ><img fetchpriority=\"high\" decoding=\"async\" width=\"300\" height=\"187\" src=\"https:\/\/www.judo-vaud.ch\/cms\/wp-content\/uploads\/2020\/02\/DSC_0049-300x187.jpg\" class=\"pt-cv-thumbnail\" alt=\"\" srcset=\"https:\/\/www.judo-vaud.ch\/cms\/wp-content\/uploads\/2020\/02\/DSC_0049-300x187.jpg 300w, https:\/\/www.judo-vaud.ch\/cms\/wp-content\/uploads\/2020\/02\/DSC_0049-1024x640.jpg 1024w, https:\/\/www.judo-vaud.ch\/cms\/wp-content\/uploads\/2020\/02\/DSC_0049-768x480.jpg 768w, https:\/\/www.judo-vaud.ch\/cms\/wp-content\/uploads\/2020\/02\/DSC_0049-480x300.jpg 480w, https:\/\/www.judo-vaud.ch\/cms\/wp-content\/uploads\/2020\/02\/DSC_0049.jpg 1293w\" sizes=\"(max-width: 300px) 100vw, 300px\" \/><\/a>\n<h4 class=\"pt-cv-title\"><a href=\"https:\/\/www.judo-vaud.ch\/?p=11867\" class=\"_self\" target=\"_self\" >Info pratiques 2-3 novembre<\/a><\/h4>\n<div class=\"pt-cv-content\">Le Mikami Judo Club Lausanne, organisateur des manifestations du 2-3 novembre prochains informent concernant les parkings \u00e0 disposition autour du ...<\/div><\/div><\/div>\n<div class=\"col-md-6 col-sm-6 col-xs-12 pt-cv-content-item pt-cv-1-col\" ><div class='pt-cv-ifield'><a href=\"https:\/\/www.judo-vaud.ch\/?p=11744\" class=\"_self pt-cv-href-thumbnail pt-cv-thumb-default\" target=\"_self\" ><img decoding=\"async\" width=\"300\" height=\"187\" src=\"https:\/\/www.judo-vaud.ch\/cms\/wp-content\/uploads\/2020\/02\/DSC_9904-300x187.jpg\" class=\"pt-cv-thumbnail\" alt=\"\" srcset=\"https:\/\/www.judo-vaud.ch\/cms\/wp-content\/uploads\/2020\/02\/DSC_9904-300x187.jpg 300w, https:\/\/www.judo-vaud.ch\/cms\/wp-content\/uploads\/2020\/02\/DSC_9904-1024x640.jpg 1024w, https:\/\/www.judo-vaud.ch\/cms\/wp-content\/uploads\/2020\/02\/DSC_9904-768x480.jpg 768w, https:\/\/www.judo-vaud.ch\/cms\/wp-content\/uploads\/2020\/02\/DSC_9904-1536x960.jpg 1536w, https:\/\/www.judo-vaud.ch\/cms\/wp-content\/uploads\/2020\/02\/DSC_9904-480x300.jpg 480w, https:\/\/www.judo-vaud.ch\/cms\/wp-content\/uploads\/2020\/02\/DSC_9904-1320x825.jpg 1320w, https:\/\/www.judo-vaud.ch\/cms\/wp-content\/uploads\/2020\/02\/DSC_9904.jpg 1693w\" sizes=\"(max-width: 300px) 100vw, 300px\" \/><\/a>\n<h4 class=\"pt-cv-title\"><a href=\"https:\/\/www.judo-vaud.ch\/?p=11744\" class=\"_self\" target=\"_self\" >Championnat VD Equipe 2024<\/a><\/h4>\n<div class=\"pt-cv-content\">Les invitations aux prochains Championnats Vaudois par Equipe Ecoli\u00e8res et Ecoliers ont \u00e9t\u00e9 envoy\u00e9es aux clubs et \u00e9coles du canton ...<\/div><\/div><\/div>\n<div class=\"col-md-6 col-sm-6 col-xs-12 pt-cv-content-item pt-cv-1-col\" ><div class='pt-cv-ifield'><a href=\"https:\/\/www.judo-vaud.ch\/?p=10959\" class=\"_self pt-cv-href-thumbnail pt-cv-thumb-default\" target=\"_self\" ><img loading=\"lazy\" decoding=\"async\" width=\"300\" height=\"225\" src=\"https:\/\/www.judo-vaud.ch\/cms\/wp-content\/uploads\/2023\/11\/WhatsApp-Image-2023-11-04-a-12.07.36_06a61e35-300x225.jpg\" class=\"pt-cv-thumbnail\" alt=\"\" srcset=\"https:\/\/www.judo-vaud.ch\/cms\/wp-content\/uploads\/2023\/11\/WhatsApp-Image-2023-11-04-a-12.07.36_06a61e35-300x225.jpg 300w, https:\/\/www.judo-vaud.ch\/cms\/wp-content\/uploads\/2023\/11\/WhatsApp-Image-2023-11-04-a-12.07.36_06a61e35-768x576.jpg 768w, https:\/\/www.judo-vaud.ch\/cms\/wp-content\/uploads\/2023\/11\/WhatsApp-Image-2023-11-04-a-12.07.36_06a61e35-110x83.jpg 110w, https:\/\/www.judo-vaud.ch\/cms\/wp-content\/uploads\/2023\/11\/WhatsApp-Image-2023-11-04-a-12.07.36_06a61e35-420x315.jpg 420w, https:\/\/www.judo-vaud.ch\/cms\/wp-content\/uploads\/2023\/11\/WhatsApp-Image-2023-11-04-a-12.07.36_06a61e35-573x430.jpg 573w, https:\/\/www.judo-vaud.ch\/cms\/wp-content\/uploads\/2023\/11\/WhatsApp-Image-2023-11-04-a-12.07.36_06a61e35-160x120.jpg 160w, https:\/\/www.judo-vaud.ch\/cms\/wp-content\/uploads\/2023\/11\/WhatsApp-Image-2023-11-04-a-12.07.36_06a61e35.jpg 1024w\" sizes=\"(max-width: 300px) 100vw, 300px\" \/><\/a>\n<h4 class=\"pt-cv-title\"><a href=\"https:\/\/www.judo-vaud.ch\/?p=10959\" class=\"_self\" target=\"_self\" >Championnats Vaudois par \u00e9quipes Ecoliers 2023<\/a><\/h4>\n<div class=\"pt-cv-content\">Le Championnats Vaudois par \u00e9quipes Ecoliers a eu lieu ce samedi 4 novembre \u00e0 Prangins ...<\/div><\/div><\/div>\n<div class=\"col-md-6 col-sm-6 col-xs-12 pt-cv-content-item pt-cv-1-col\" ><div class='pt-cv-ifield'><a href=\"https:\/\/www.judo-vaud.ch\/?p=10938\" class=\"_self pt-cv-href-thumbnail pt-cv-thumb-default\" target=\"_self\" ><img decoding=\"async\" width=\"300\" height=\"187\" src=\"https:\/\/www.judo-vaud.ch\/cms\/wp-content\/uploads\/2020\/02\/DSC_9904-300x187.jpg\" class=\"pt-cv-thumbnail\" alt=\"\" srcset=\"https:\/\/www.judo-vaud.ch\/cms\/wp-content\/uploads\/2020\/02\/DSC_9904-300x187.jpg 300w, https:\/\/www.judo-vaud.ch\/cms\/wp-content\/uploads\/2020\/02\/DSC_9904-1024x640.jpg 1024w, https:\/\/www.judo-vaud.ch\/cms\/wp-content\/uploads\/2020\/02\/DSC_9904-768x480.jpg 768w, https:\/\/www.judo-vaud.ch\/cms\/wp-content\/uploads\/2020\/02\/DSC_9904-1536x960.jpg 1536w, https:\/\/www.judo-vaud.ch\/cms\/wp-content\/uploads\/2020\/02\/DSC_9904-480x300.jpg 480w, https:\/\/www.judo-vaud.ch\/cms\/wp-content\/uploads\/2020\/02\/DSC_9904-1320x825.jpg 1320w, https:\/\/www.judo-vaud.ch\/cms\/wp-content\/uploads\/2020\/02\/DSC_9904.jpg 1693w\" sizes=\"(max-width: 300px) 100vw, 300px\" \/><\/a>\n<h4 class=\"pt-cv-title\"><a href=\"https:\/\/www.judo-vaud.ch\/?p=10938\" class=\"_self\" target=\"_self\" >Championnat VD Equipe 2023 &#8211; horaires<\/a><\/h4>\n<div class=\"pt-cv-content\">Le Championnat Vaudois par \u00e9quipes Ecoliers aura lieu est le samedi 4 novembre \u00e0 Prangins. Sept \u00e9quipes sont en lice ...<\/div><\/div><\/div><\/div><\/div>\n<div class=\" pt-cv-pagination-wrapper\"><ul class=\"pt-cv-pagination pt-cv-ajax pagination\" data-totalpages=\"9\" data-currentpage=\"1\" data-sid=\"80c0f6aace\" data-unid=\"\" data-isblock=\"\" data-postid=\"\"><li class=\"active\"><a href=\"#\">1<\/a><\/li>\n\t<li ><a class=\"\" href=\"https:\/\/www.judo-vaud.ch\/index.php\/?_page=2&#038;rest_route=%2Fwp%2Fv2%2Fpages%2F3529\">2<\/a><\/li>\n\t<li ><a class=\"\" href=\"https:\/\/www.judo-vaud.ch\/index.php\/?_page=3&#038;rest_route=%2Fwp%2Fv2%2Fpages%2F3529\">3<\/a><\/li>\n\t<li ><a href=\"#\">\u2026<\/a><\/li>\n\t<li ><a class=\"\" href=\"https:\/\/www.judo-vaud.ch\/index.php\/?_page=9&#038;rest_route=%2Fwp%2Fv2%2Fpages%2F3529\">9<\/a><\/li>\n\t<li ><a class=\" \" href=\"https:\/\/www.judo-vaud.ch\/index.php\/?_page=2&#038;rest_route=%2Fwp%2Fv2%2Fpages%2F3529\">&rsaquo;<\/a><\/li>\n\t<\/ul><img loading=\"lazy\" decoding=\"async\" width=\"15\" height=\"15\" class=\"pt-cv-spinner\" alt=\"Chargement\u2026\" src=\"data:image\/gif;base64,R0lGODlhDwAPALMPAMrKygwMDJOTkz09PZWVla+vr3p6euTk5M7OzuXl5TMzMwAAAJmZmWZmZszMzP\/\/\/yH\/C05FVFNDQVBFMi4wAwEAAAAh+QQFCgAPACwAAAAADwAPAAAEQvDJaZaZOIcV8iQK8VRX4iTYoAwZ4iCYoAjZ4RxejhVNoT+mRGP4cyF4Pp0N98sBGIBMEMOotl6YZ3S61Bmbkm4mAgAh+QQFCgAPACwAAAAADQANAAAENPDJSRSZeA418itN8QiK8BiLITVsFiyBBIoYqnoewAD4xPw9iY4XLGYSjkQR4UAUD45DLwIAIfkEBQoADwAsAAAAAA8ACQAABC\/wyVlamTi3nSdgwFNdhEJgTJoNyoB9ISYoQmdjiZPcj7EYCAeCF1gEDo4Dz2eIAAAh+QQFCgAPACwCAAAADQANAAAEM\/DJBxiYeLKdX3IJZT1FU0iIg2RNKx3OkZVnZ98ToRD4MyiDnkAh6BkNC0MvsAj0kMpHBAAh+QQFCgAPACwGAAAACQAPAAAEMDC59KpFDll73HkAA2wVY5KgiK5b0RRoI6MuzG6EQqCDMlSGheEhUAgqgUUAFRySIgAh+QQFCgAPACwCAAIADQANAAAEM\/DJKZNLND\/kkKaHc3xk+QAMYDKsiaqmZCxGVjSFFCxB1vwy2oOgIDxuucxAMTAJFAJNBAAh+QQFCgAPACwAAAYADwAJAAAEMNAs86q1yaWwwv2Ig0jUZx3OYa4XoRAfwADXoAwfo1+CIjyFRuEho60aSNYlOPxEAAAh+QQFCgAPACwAAAIADQANAAAENPA9s4y8+IUVcqaWJ4qEQozSoAzoIyhCK2NFU2SJk0hNnyEOhKR2AzAAj4Pj4GE4W0bkJQIAOw==\" \/><div class=\"clear pt-cv-clear-pagination\"><\/div><\/div><\/div>\n","protected":false},"excerpt":{"rendered":"<p>Voici tous les articles en lien avec nos Championnats Vaudois Ecoliers par Equipe.<\/p>\n","protected":false},"author":3,"featured_media":0,"parent":499,"menu_order":50,"comment_status":"closed","ping_status":"closed","template":"","meta":{"_cbd_carousel_blocks":"[]","footnotes":""},"class_list":["post-3529","page","type-page","status-publish","hentry"],"_links":{"self":[{"href":"https:\/\/www.judo-vaud.ch\/index.php?rest_route=\/wp\/v2\/pages\/3529","targetHints":{"allow":["GET"]}}],"collection":[{"href":"https:\/\/www.judo-vaud.ch\/index.php?rest_route=\/wp\/v2\/pages"}],"about":[{"href":"https:\/\/www.judo-vaud.ch\/index.php?rest_route=\/wp\/v2\/types\/page"}],"author":[{"embeddable":true,"href":"https:\/\/www.judo-vaud.ch\/index.php?rest_route=\/wp\/v2\/users\/3"}],"replies":[{"embeddable":true,"href":"https:\/\/www.judo-vaud.ch\/index.php?rest_route=%2Fwp%2Fv2%2Fcomments&post=3529"}],"version-history":[{"count":0,"href":"https:\/\/www.judo-vaud.ch\/index.php?rest_route=\/wp\/v2\/pages\/3529\/revisions"}],"up":[{"embeddable":true,"href":"https:\/\/www.judo-vaud.ch\/index.php?rest_route=\/wp\/v2\/pages\/499"}],"wp:attachment":[{"href":"https:\/\/www.judo-vaud.ch\/index.php?rest_route=%2Fwp%2Fv2%2Fmedia&parent=3529"}],"curies":[{"name":"wp","href":"https:\/\/api.w.org\/{rel}","templated":true}]}}