{"id":220,"date":"2012-06-29T20:37:20","date_gmt":"2012-06-29T19:37:20","guid":{"rendered":"https:\/\/www.judo-vaud.ch\/cms\/?page_id=220"},"modified":"2023-12-20T08:53:55","modified_gmt":"2023-12-20T07:53:55","slug":"prestations","status":"publish","type":"page","link":"https:\/\/www.judo-vaud.ch\/?page_id=220","title":{"rendered":"Comp\u00e9titions"},"content":{"rendered":"\t\t<div data-elementor-type=\"wp-page\" data-elementor-id=\"220\" class=\"elementor elementor-220\">\n\t\t\t\t\t\t<section class=\"elementor-section elementor-top-section elementor-element elementor-element-8b845d1 elementor-section-boxed elementor-section-height-default elementor-section-height-default\" data-id=\"8b845d1\" data-element_type=\"section\" data-e-type=\"section\">\n\t\t\t\t\t\t<div class=\"elementor-container elementor-column-gap-default\">\n\t\t\t\t\t<div class=\"elementor-column elementor-col-100 elementor-top-column elementor-element elementor-element-227b007e\" data-id=\"227b007e\" data-element_type=\"column\" data-e-type=\"column\">\n\t\t\t<div class=\"elementor-widget-wrap\">\n\t\t\t\t\t\t\t<\/div>\n\t\t<\/div>\n\t\t\t\t\t<\/div>\n\t\t<\/section>\n\t\t\t\t<section class=\"elementor-section elementor-top-section elementor-element elementor-element-2e314de0 elementor-section-height-min-height elementor-section-content-middle elementor-section-full_width elementor-section-height-default elementor-section-items-middle\" data-id=\"2e314de0\" data-element_type=\"section\" data-e-type=\"section\" data-settings=\"{&quot;background_background&quot;:&quot;classic&quot;}\">\n\t\t\t\t\t\t<div class=\"elementor-container elementor-column-gap-default\">\n\t\t\t\t\t<div class=\"elementor-column elementor-col-100 elementor-top-column elementor-element elementor-element-78864e2c\" data-id=\"78864e2c\" data-element_type=\"column\" data-e-type=\"column\">\n\t\t\t<div class=\"elementor-widget-wrap elementor-element-populated\">\n\t\t\t\t\t\t<div class=\"elementor-element elementor-element-39e2170c elementor-widget elementor-widget-spacer\" data-id=\"39e2170c\" data-element_type=\"widget\" data-e-type=\"widget\" data-widget_type=\"spacer.default\">\n\t\t\t\t<div class=\"elementor-widget-container\">\n\t\t\t\t\t\t\t<div class=\"elementor-spacer\">\n\t\t\t<div class=\"elementor-spacer-inner\"><\/div>\n\t\t<\/div>\n\t\t\t\t\t\t<\/div>\n\t\t\t\t<\/div>\n\t\t\t\t\t<\/div>\n\t\t<\/div>\n\t\t\t\t\t<\/div>\n\t\t<\/section>\n\t\t\t\t<section class=\"elementor-section elementor-top-section elementor-element elementor-element-4ae639b5 elementor-section-content-middle elementor-section-boxed elementor-section-height-default elementor-section-height-default\" data-id=\"4ae639b5\" data-element_type=\"section\" data-e-type=\"section\">\n\t\t\t\t\t\t<div class=\"elementor-container elementor-column-gap-no\">\n\t\t\t\t\t<div class=\"elementor-column elementor-col-100 elementor-top-column elementor-element elementor-element-4ec5a1ac\" data-id=\"4ec5a1ac\" data-element_type=\"column\" data-e-type=\"column\">\n\t\t\t<div class=\"elementor-widget-wrap elementor-element-populated\">\n\t\t\t\t\t\t<div class=\"elementor-element elementor-element-586388b8 elementor-widget elementor-widget-heading\" data-id=\"586388b8\" data-element_type=\"widget\" data-e-type=\"widget\" data-widget_type=\"heading.default\">\n\t\t\t\t<div class=\"elementor-widget-container\">\n\t\t\t\t\t<p class=\"elementor-heading-title elementor-size-small\">Comp\u00e9titions<\/p>\t\t\t\t<\/div>\n\t\t\t\t<\/div>\n\t\t\t\t<div class=\"elementor-element elementor-element-543c2e64 elementor-widget elementor-widget-text-editor\" data-id=\"543c2e64\" data-element_type=\"widget\" data-e-type=\"widget\" data-widget_type=\"text-editor.default\">\n\t\t\t\t<div class=\"elementor-widget-container\">\n\t\t\t\t\t\t\t\t\tL&rsquo;Association Vaudoise de Judo &amp; Ju-Jitsu propose chaque saison des comp\u00e9titions et des tournois pour les membres du canton.\n\nEgalement elle compose et pr\u00e9pare des \u00e9quipes pour les rencontres intercantonales, nationales et pour\u00a0des tournois \u00e0 l&rsquo;\u00e9tranger.\n\n\n<li class=\"page_item page-item-236\"><a href=\"https:\/\/www.judo-vaud.ch\/?page_id=236\">Championnat VD individuel<\/a><\/li>\n<li class=\"page_item page-item-374\"><a href=\"https:\/\/www.judo-vaud.ch\/?page_id=374\">Tournois \u00e9coliers-C&#038;D<\/a><\/li>\n<li class=\"page_item page-item-499\"><a href=\"https:\/\/www.judo-vaud.ch\/?page_id=499\">Championnat \u00e9colier\/\u00e9quipe<\/a><\/li>\n<li class=\"page_item page-item-516\"><a href=\"https:\/\/www.judo-vaud.ch\/?page_id=516\">Championnat espoirs\/\u00e9quipes<\/a><\/li>\n<li class=\"page_item page-item-759\"><a href=\"https:\/\/www.judo-vaud.ch\/?page_id=759\">Equipe espoirs-juniors<\/a><\/li>\n<li class=\"page_item page-item-3665\"><a href=\"https:\/\/www.judo-vaud.ch\/?page_id=3665\">Championnats Romands Individuels<\/a><\/li>\n<li class=\"page_item page-item-6579\"><a href=\"https:\/\/www.judo-vaud.ch\/?page_id=6579\">Tournoi de Promotion<\/a><\/li>\n<li class=\"page_item page-item-489\"><a href=\"https:\/\/www.judo-vaud.ch\/?page_id=489\">Equipe f\u00e9minine vaudoise<\/a><\/li>\n\n\n\n<BR><BR>\n<H3>Prochaines comp\u00e9titions<\/H3> \n<iframe src=\"https:\/\/teamup.com\/kstrh3j6ppbmtme29r?date=today&#038;view=l&#038;showLogo=0&#038;showSearch=0&#038;showProfileAndInfo=0&#038;showSidepanel=1&#038;disableSidepanel=1&#038;showTitle=0&#038;showViewSelector=0&#038;showAgendaDateRange=year&#038;showMenu=0&#038;showAgendaHeader=0&#038;showAgendaDetails=0&#038;showYearViewHeader=1&#038;listGroupBy=none\" style=\"width: 100%; height: 800px\" loading=\"lazy\" frameborder=\"0\"><\/iframe>\n\t\t\t\t\t\t\t\t<\/div>\n\t\t\t\t<\/div>\n\t\t\t\t\t<\/div>\n\t\t<\/div>\n\t\t\t\t\t<\/div>\n\t\t<\/section>\n\t\t\t\t<\/div>\n\t\t","protected":false},"excerpt":{"rendered":"<p>Comp\u00e9titions L&rsquo;Association Vaudoise de Judo &amp; Ju-Jitsu propose chaque saison des comp\u00e9titions et des tournois pour les membres du canton. Egalement elle compose et pr\u00e9pare des \u00e9quipes pour les rencontres intercantonales, nationales et pour\u00a0des tournois \u00e0 l&rsquo;\u00e9tranger. Prochaines comp\u00e9titions<\/p>\n","protected":false},"author":3,"featured_media":0,"parent":0,"menu_order":1,"comment_status":"closed","ping_status":"closed","template":"elementor_header_footer","meta":{"_cbd_carousel_blocks":"[]","footnotes":""},"class_list":["post-220","page","type-page","status-publish","hentry"],"_links":{"self":[{"href":"https:\/\/www.judo-vaud.ch\/index.php?rest_route=\/wp\/v2\/pages\/220","targetHints":{"allow":["GET"]}}],"collection":[{"href":"https:\/\/www.judo-vaud.ch\/index.php?rest_route=\/wp\/v2\/pages"}],"about":[{"href":"https:\/\/www.judo-vaud.ch\/index.php?rest_route=\/wp\/v2\/types\/page"}],"author":[{"embeddable":true,"href":"https:\/\/www.judo-vaud.ch\/index.php?rest_route=\/wp\/v2\/users\/3"}],"replies":[{"embeddable":true,"href":"https:\/\/www.judo-vaud.ch\/index.php?rest_route=%2Fwp%2Fv2%2Fcomments&post=220"}],"version-history":[{"count":8,"href":"https:\/\/www.judo-vaud.ch\/index.php?rest_route=\/wp\/v2\/pages\/220\/revisions"}],"predecessor-version":[{"id":11244,"href":"https:\/\/www.judo-vaud.ch\/index.php?rest_route=\/wp\/v2\/pages\/220\/revisions\/11244"}],"wp:attachment":[{"href":"https:\/\/www.judo-vaud.ch\/index.php?rest_route=%2Fwp%2Fv2%2Fmedia&parent=220"}],"curies":[{"name":"wp","href":"https:\/\/api.w.org\/{rel}","templated":true}]}}