{"id":1799,"date":"2013-04-26T08:50:03","date_gmt":"2013-04-26T07:50:03","guid":{"rendered":"http:\/\/www.judo-vaud.ch\/?page_id=1799"},"modified":"2019-12-16T10:37:01","modified_gmt":"2019-12-16T09:37:01","slug":"annonces","status":"publish","type":"page","link":"https:\/\/www.judo-vaud.ch\/?page_id=1799","title":{"rendered":"Petites annonces"},"content":{"rendered":"<img decoding=\"async\" class=\"alignright wp-image-1643 size-thumbnail\" src=\"http:\/\/www.judo-vaud.ch\/cms\/wp-content\/plugins\/AVJJ-ShortCode\/photos\/logo_avjj-img-150x150.jpg\" alt=\"AVJJ\" width=\"150\" height=\"150\" \/>\n<p>Vous trouverez <a href=\"https:\/\/www.judo-vaud.ch\/?cat=55\">dans cette page<\/a> toutes les annonces, informations en lien avec le Judo et le Ju-Jitsu. Tous les membres de notre association, ainsi que les personnes ou organismes partenaires peuvent soumettre un contenu qu&rsquo;ils d\u00e9sireraient voir publier.<\/p>\n<div class=\"pt-cv-wrapper\"><div class=\"pt-cv-view pt-cv-grid pt-cv-colsys\" id=\"pt-cv-view-2a18ad3ect\"><div data-id=\"pt-cv-page-1\" class=\"pt-cv-page\" data-cvc=\"2\"><div class=\"col-md-6 col-sm-6 col-xs-12 pt-cv-content-item pt-cv-1-col\" ><div class='pt-cv-ifield'><a href=\"https:\/\/www.judo-vaud.ch\/?p=13713\" class=\"_self pt-cv-href-thumbnail pt-cv-thumb-default\" target=\"_self\" ><img fetchpriority=\"high\" decoding=\"async\" width=\"300\" height=\"250\" src=\"https:\/\/www.judo-vaud.ch\/cms\/wp-content\/uploads\/2025\/04\/IMG_6271-300x250.jpg\" class=\"pt-cv-thumbnail\" alt=\"\" \/><\/a>\n<h4 class=\"pt-cv-title\"><a href=\"https:\/\/www.judo-vaud.ch\/?p=13713\" class=\"_self\" target=\"_self\" >3\u00e8me \u00e9dition &#8211; BSA JUDO TEAM CUP ON\u2019NANOKO<\/a><\/h4>\n<div class=\"pt-cv-content\">Budo Schools Ashita organise la 3\u00e8me \u00e9dition de BSA JUDO TEAM CUP ON\u2019NANOKO \u00e0 Prangins ...<br \/><div class=\"pt-cv-rmwrap\"><a href=\"https:\/\/www.judo-vaud.ch\/?p=13713\" class=\"_self pt-cv-readmore btn btn-success\" target=\"_self\">Lire La Suite\u2026<\/a><\/div><\/div><\/div><\/div>\n<div class=\"col-md-6 col-sm-6 col-xs-12 pt-cv-content-item pt-cv-1-col\" ><div class='pt-cv-ifield'><a href=\"https:\/\/www.judo-vaud.ch\/?p=13708\" class=\"_self pt-cv-href-thumbnail pt-cv-thumb-default\" target=\"_self\" ><img decoding=\"async\" width=\"300\" height=\"250\" src=\"https:\/\/www.judo-vaud.ch\/cms\/wp-content\/uploads\/2025\/05\/IMG_6749-300x250.jpg\" class=\"pt-cv-thumbnail\" alt=\"\" \/><\/a>\n<h4 class=\"pt-cv-title\"><a href=\"https:\/\/www.judo-vaud.ch\/?p=13708\" class=\"_self\" target=\"_self\" >2\u00e8me \u00e9dition &#8211; Tournoi d\u2019\u00e9t\u00e9 du Judo Club Morges<\/a><\/h4>\n<div class=\"pt-cv-content\">Judo Club Morges organise le Tournoi d\u2019\u00e9t\u00e9 ...<br \/><div class=\"pt-cv-rmwrap\"><a href=\"https:\/\/www.judo-vaud.ch\/?p=13708\" class=\"_self pt-cv-readmore btn btn-success\" target=\"_self\">Lire La Suite\u2026<\/a><\/div><\/div><\/div><\/div>\n<div class=\"col-md-6 col-sm-6 col-xs-12 pt-cv-content-item pt-cv-1-col\" ><div class='pt-cv-ifield'><a href=\"https:\/\/www.judo-vaud.ch\/?p=13412\" class=\"_self pt-cv-href-thumbnail pt-cv-thumb-default\" target=\"_self\" ><img loading=\"lazy\" decoding=\"async\" width=\"300\" height=\"250\" src=\"https:\/\/www.judo-vaud.ch\/cms\/wp-content\/uploads\/2025\/12\/590820051_17997844685847541_8646542627184697782_n-300x250.jpg\" class=\"pt-cv-thumbnail\" alt=\"\" \/><\/a>\n<h4 class=\"pt-cv-title\"><a href=\"https:\/\/www.judo-vaud.ch\/?p=13412\" class=\"_self\" target=\"_self\" >Kazuhiro Mikami, Chevalier de la L\u00e9gion d\u2019honneur<\/a><\/h4>\n<div class=\"pt-cv-content\">Kazuhiro Mikami, qui a cr\u00e9\u00e9 le Mikami Judo Club, a \u00e9t\u00e9 d\u00e9cor\u00e9 vendredi pass\u00e9 de l\u2019Ordre du Soleil levant. C\u2019est ...<br \/><div class=\"pt-cv-rmwrap\"><a href=\"https:\/\/www.judo-vaud.ch\/?p=13412\" class=\"_self pt-cv-readmore btn btn-success\" target=\"_self\">Lire La Suite\u2026<\/a><\/div><\/div><\/div><\/div>\n<div class=\"col-md-6 col-sm-6 col-xs-12 pt-cv-content-item pt-cv-1-col\" ><div class='pt-cv-ifield'><a href=\"https:\/\/www.judo-vaud.ch\/?p=13400\" class=\"_self pt-cv-href-thumbnail pt-cv-thumb-default\" target=\"_self\" ><img loading=\"lazy\" decoding=\"async\" width=\"300\" height=\"250\" src=\"https:\/\/www.judo-vaud.ch\/cms\/wp-content\/uploads\/2025\/12\/590538940_17997709262847541_7217766495602280767_n-300x250.jpg\" class=\"pt-cv-thumbnail\" alt=\"\" \/><\/a>\n<h4 class=\"pt-cv-title\"><a href=\"https:\/\/www.judo-vaud.ch\/?p=13400\" class=\"_self\" target=\"_self\" >Soir\u00e9e des M\u00e9rites Sportifs Vaudois<\/a><\/h4>\n<div class=\"pt-cv-content\">Soir\u00e9e des M\u00e9rites Sportifs Vaudois s'est d\u00e9roul\u00e9 le 04 d\u00e9cembre 2025 au Th\u00e9\u00e2tre Kl\u00e9ber-M\u00e9leau \u00e0 Renens. Une merveilleuse soir\u00e9e pour ...<br \/><div class=\"pt-cv-rmwrap\"><a href=\"https:\/\/www.judo-vaud.ch\/?p=13400\" class=\"_self pt-cv-readmore btn btn-success\" target=\"_self\">Lire La Suite\u2026<\/a><\/div><\/div><\/div><\/div>\n<div class=\"col-md-6 col-sm-6 col-xs-12 pt-cv-content-item pt-cv-1-col\" ><div class='pt-cv-ifield'><a href=\"https:\/\/www.judo-vaud.ch\/?p=13344\" class=\"_self pt-cv-href-thumbnail pt-cv-thumb-default\" target=\"_self\" ><img loading=\"lazy\" decoding=\"async\" width=\"300\" height=\"250\" src=\"https:\/\/www.judo-vaud.ch\/cms\/wp-content\/uploads\/2025\/11\/thumbnail_IMG_20251109_155445-300x250.jpg\" class=\"pt-cv-thumbnail\" alt=\"\" \/><\/a>\n<h4 class=\"pt-cv-title\"><a href=\"https:\/\/www.judo-vaud.ch\/?p=13344\" class=\"_self\" target=\"_self\" >CCC &#038; CSEEJ<\/a><\/h4>\n<div class=\"pt-cv-content\">Le dimanche 9 novembre a eu lieu la Coupe des Cadres Cantonaux ainsi que les Championnats Suisses par Equipe Espoir ...<br \/><div class=\"pt-cv-rmwrap\"><a href=\"https:\/\/www.judo-vaud.ch\/?p=13344\" class=\"_self pt-cv-readmore btn btn-success\" target=\"_self\">Lire La Suite\u2026<\/a><\/div><\/div><\/div><\/div>\n<div class=\"col-md-6 col-sm-6 col-xs-12 pt-cv-content-item pt-cv-1-col\" ><div class='pt-cv-ifield'><a href=\"https:\/\/www.judo-vaud.ch\/?p=13325\" class=\"_self pt-cv-href-thumbnail pt-cv-thumb-default\" target=\"_self\" ><img loading=\"lazy\" decoding=\"async\" width=\"300\" height=\"250\" src=\"https:\/\/www.judo-vaud.ch\/cms\/wp-content\/uploads\/2025\/09\/bbJudoSMM20251-300x250.jpg\" class=\"pt-cv-thumbnail\" alt=\"\" \/><\/a>\n<h4 class=\"pt-cv-title\"><a href=\"https:\/\/www.judo-vaud.ch\/?p=13325\" class=\"_self\" target=\"_self\" >Coupe des Cadres Cantonaux 2025<\/a><\/h4>\n<div class=\"pt-cv-content\">La F\u00e9d\u00e9ration Suisse de Judo et Ju-Jitsu organise la Coupe des Cadres Cantonaux 2025 en collaboration avec un club affili\u00e9 ...<br \/><div class=\"pt-cv-rmwrap\"><a href=\"https:\/\/www.judo-vaud.ch\/?p=13325\" class=\"_self pt-cv-readmore btn btn-success\" target=\"_self\">Lire La Suite\u2026<\/a><\/div><\/div><\/div><\/div>\n<div class=\"col-md-6 col-sm-6 col-xs-12 pt-cv-content-item pt-cv-1-col\" ><div class='pt-cv-ifield'><a href=\"https:\/\/www.judo-vaud.ch\/?p=13101\" class=\"_self pt-cv-href-thumbnail pt-cv-thumb-default\" target=\"_self\" ><img loading=\"lazy\" decoding=\"async\" width=\"300\" height=\"250\" src=\"https:\/\/www.judo-vaud.ch\/cms\/wp-content\/uploads\/2025\/09\/bbJudoSMM2025-300x250.jpeg\" class=\"pt-cv-thumbnail\" alt=\"\" \/><\/a>\n<h4 class=\"pt-cv-title\"><a href=\"https:\/\/www.judo-vaud.ch\/?p=13101\" class=\"_self\" target=\"_self\" >Swiss Cup par \u00e9quipe U18\/U21 2025<\/a><\/h4>\n<div class=\"pt-cv-content\">La F\u00e9d\u00e9ration Suisse de Judo et Ju-Jitsu organise la Swiss Cup par \u00e9quipes U18\/U21, en collaboration avec un club affili\u00e9 ...<br \/><div class=\"pt-cv-rmwrap\"><a href=\"https:\/\/www.judo-vaud.ch\/?p=13101\" class=\"_self pt-cv-readmore btn btn-success\" target=\"_self\">Lire La Suite\u2026<\/a><\/div><\/div><\/div><\/div>\n<div class=\"col-md-6 col-sm-6 col-xs-12 pt-cv-content-item pt-cv-1-col\" ><div class='pt-cv-ifield'><a href=\"https:\/\/www.judo-vaud.ch\/?p=13022\" class=\"_self pt-cv-href-thumbnail pt-cv-thumb-default\" target=\"_self\" ><img loading=\"lazy\" decoding=\"async\" width=\"300\" height=\"250\" src=\"https:\/\/www.judo-vaud.ch\/cms\/wp-content\/uploads\/2025\/09\/Image1-300x250.png\" class=\"pt-cv-thumbnail\" alt=\"\" \/><\/a>\n<h4 class=\"pt-cv-title\"><a href=\"https:\/\/www.judo-vaud.ch\/?p=13022\" class=\"_self\" target=\"_self\" >Invitation au Championnat Romand et de la Suisse Latine (Ecoliers\/\u00e8res U15)<\/a><\/h4>\n<div class=\"pt-cv-content\">Date: Dimanche 16 novembre 2025 Lieu : Dojo Lancy Palettes, Av, Eug\u00e8ne-Lance 64, 1212 Grand-Lancy Organisation : L\u2019Association Cantonale Genevoise ...<br \/><div class=\"pt-cv-rmwrap\"><a href=\"https:\/\/www.judo-vaud.ch\/?p=13022\" class=\"_self pt-cv-readmore btn btn-success\" target=\"_self\">Lire La Suite\u2026<\/a><\/div><\/div><\/div><\/div>\n<div class=\"col-md-6 col-sm-6 col-xs-12 pt-cv-content-item pt-cv-1-col\" ><div class='pt-cv-ifield'><a href=\"https:\/\/www.judo-vaud.ch\/?p=12965\" class=\"_self pt-cv-href-thumbnail pt-cv-thumb-default\" target=\"_self\" ><img loading=\"lazy\" decoding=\"async\" width=\"300\" height=\"250\" src=\"https:\/\/www.judo-vaud.ch\/cms\/wp-content\/uploads\/2025\/08\/Image1-300x250.png\" class=\"pt-cv-thumbnail\" alt=\"\" \/><\/a>\n<h4 class=\"pt-cv-title\"><a href=\"https:\/\/www.judo-vaud.ch\/?p=12965\" class=\"_self\" target=\"_self\" >Ouverture des inscriptions du 29\u00e8me \u00e9dition du stage annuel de\u00a0Ch\u00e2teau\u00a0d&rsquo;Oex<\/a><\/h4>\n<div class=\"pt-cv-content\">Cette ann\u00e9e, les participants auront, entre autres, la chance de suivre des entra\u00eenements\u00a0donn\u00e9s par\u00a0April Fohouo, la jeune judokate vaudoise\u00a0Championne d'Europe ...<br \/><div class=\"pt-cv-rmwrap\"><a href=\"https:\/\/www.judo-vaud.ch\/?p=12965\" class=\"_self pt-cv-readmore btn btn-success\" target=\"_self\">Lire La Suite\u2026<\/a><\/div><\/div><\/div><\/div>\n<div class=\"col-md-6 col-sm-6 col-xs-12 pt-cv-content-item pt-cv-1-col\" ><div class='pt-cv-ifield'><a href=\"https:\/\/www.judo-vaud.ch\/?p=12910\" class=\"_self pt-cv-href-thumbnail pt-cv-thumb-default\" target=\"_self\" ><img loading=\"lazy\" decoding=\"async\" width=\"300\" height=\"250\" src=\"https:\/\/www.judo-vaud.ch\/cms\/wp-content\/uploads\/2023\/12\/mikami-300x250.jpg\" class=\"pt-cv-thumbnail\" alt=\"\" \/><\/a>\n<h4 class=\"pt-cv-title\"><a href=\"https:\/\/www.judo-vaud.ch\/?p=12910\" class=\"_self\" target=\"_self\" >MIKAMI Judo Club Lausanne &#8211; \ud83c\udf89\u00a050 ans de passion et de transmission &#8211;\u00a0Repas de soutien<\/a><\/h4>\n<div class=\"pt-cv-content\">En 1975,\u00a0Ma\u00eetre Kazuhiro Mikami\u00a0fondait\u00a0l\u2019Ecole de Judo Mikami\u00a0qui allait devenir le\u00a0Mikami Judo Club. Cinquante ans plus tard, nous vous invitons \u00e0 ...<br \/><div class=\"pt-cv-rmwrap\"><a href=\"https:\/\/www.judo-vaud.ch\/?p=12910\" class=\"_self pt-cv-readmore btn btn-success\" target=\"_self\">Lire La Suite\u2026<\/a><\/div><\/div><\/div><\/div><\/div><\/div><\/div>\n<p>&nbsp;<\/p>\n<h3>Renseignements:<\/h3>\n<p>Pour passer une annonce, une information prenez contact ici :<\/p>\n<div id=\"cn-top\" style=\"position: absolute; top: 0; right: 0;\"><\/div><div class=\"cn-list\" id=\"cn-list\" data-connections-version=\"10.4.67-0.7\"><div class=\"cn-template cn-card\" id=\"cn-card\" data-template-version=\"3.0\"><div class=\"cn-list-head\">\n\n<\/div>\n<div class=\"cn-list-body\" id=\"cn-list-body\">\n<div class=\"cn-list-row cn-list-item vcard individual comite communication resp-tournoi-promotion webmaster\" id=\"celine-maitre\" data-entry-type=\"individual\" data-entry-id=\"92\" data-entry-slug=\"celine-maitre\"><div class=\"cn-entry\" style=\"background-color: #FFF;border: 1px solid #E3E3E3;border-radius: 4px;color: #000;margin: 8px 0;padding: 10px;position: relative\">\n\n\t<div class=\"cn-left\" style=\"width:49%; float:left\">\n\t\t<span class=\"cn-image-style\"><span style=\"display: block; max-width: 100%; width: 112px\"><a href=\"https:\/\/www.budoschoolsashita.ch\" target=\"_blank\" rel=\"nofollow\"><img loading=\"lazy\" width=\"112\" height=\"150\" sizes=\"auto, 100vw\" lazyload=\"1\" class=\"cn-image photo\" alt=\"Photo de C\u00e9line Ma\u00eetre\" title=\"Photo de C\u00e9line Ma\u00eetre\" srcset=\"\/\/www.judo-vaud.ch\/cms\/wp-content\/uploads\/connections-images\/celine-maitre\/CelineMaitre-576c88e7074cb6ae1570ab520e7acae2.jpg 1x\" loading=\"lazy\"\/><\/a><\/span><\/span>\n\t\t<div style=\"clear:both;\"><\/div>\n\t\t<div style=\"margin-bottom: 10px;\">\n\t\t\t<div style=\"font-size:larger;font-variant: small-caps\"><strong><span class=\"fn n notranslate\"> <span class=\"given-name\">C\u00e9line<\/span> <span class=\"family-name\">Ma\u00eetre<\/span><\/span>\n<\/strong><\/div>\n\t\t\t<span class=\"title notranslate\">Membre du\u00a0Comit\u00e9<\/span>\n\n\t\t<\/div>\n\n\t<\/div>\n\n\t<div class=\"cn-right\" style=\"text-align: right;\">\n\n\t\t<span class=\"phone-number-block\">\n<span class=\"tel cn-phone-number cn-phone-number-type-homephone\"><span class=\"phone-name\">T\u00e9l\u00e9phone maison<\/span><span class=\"cn-separator\">:<\/span> <span class=\"value\">+41 76 403 12 99<\/span><span class=\"type\" style=\"display: none;\">home<\/span><\/span>\n<\/span>\n<span class=\"email-address-block\">\n<span class=\"email cn-email-address\"><span class=\"email-name\">Courriel personnel<\/span><span class=\"cn-separator\">:<\/span> <span class=\"email-address\"><script type=\"text\/javascript\">\r\n\t\t\t\t\t\/* <![CDATA[ *\/\r\n\t \t\t\t\tcnROT13.writeROT13(\"<n pynff=\\\"inyhr\\\" gvgyr=\\\"P\u00e9yvar Zn\u00eeger crefbany rznvy\\056\\\" uers=\\\"znvygb:pz\\100whqb-inhq\\056pu\\\">pz\\100whqb-inhq\\056pu<\\057n>\");\r\n\t\t\t\t\t\/* ]]-> *\/\r\n\t \t\t\t\t<\/script><noscript><span style=\"unicode-bidi: bidi-override; direction:rtl;\">h&#99;.dua&#118;-o&#100;&#117;j&#64;&#109;c<\/span><\/noscript><\/span><span class=\"type\" style=\"display: none;\">INTERNET<\/span><\/span>\n<\/span>\n<span class=\"link-block\">\n<span class=\"link cn-link website cn-preferred cn-link-preferred\"><span class=\"link-name\">Site internet<\/span><span class=\"cn-separator\">:<\/span> <a class=\"url\" href=\"https:\/\/www.judo-vaud.ch\/?page_id=11504\" target=\"_blank\" rel=\"noopener\" >Page personnelle<\/a><\/span>\n<span class=\"link cn-link blog\"><span class=\"link-name\">Blog<\/span><span class=\"cn-separator\">:<\/span> <a class=\"url\" href=\"https:\/\/www.budoschoolsashita.ch\" target=\"_blank\" rel=\"noopener\" rel=\"nofollow\">Site du club<\/a><\/span>\n<\/span>\n\n\t<\/div>\n\n\t<div style=\"clear:both\"><\/div>\n\n\t\n\t<div class=\"cn-meta\" style=\"margin-top: 6px\">\n\t\t\t<\/div>\n\n\t<div class=\"cn-clear\" style=\"display:table;width:100%;\">\n\t\t<div style=\"display:table-cell;vertical-align:middle;\">\n\t\t\t<div class=\"cn-categories\"><span class=\"cn_category_label\">Cat\u00e9gories : <\/span> <span class=\"cn-category-name cn_category cn-category-2 cn-category-comite\">Comit\u00e9<\/span><span class=\"cn-category-separator\">, <\/span><span class=\"cn-category-name cn_category cn-category-5 cn-category-communication\">Communication<\/span><span class=\"cn-category-separator\">, <\/span><span class=\"cn-category-name cn_category cn-category-35 cn-category-resp-tournoi-promotion\">Resp. Tournoi Promotion<\/span><span class=\"cn-category-separator\">, <\/span><span class=\"cn-category-name cn_category cn-category-34 cn-category-webmaster\">Webmaster<\/span><\/div>\n\t\t<\/div>\n\t\t<div style=\"display:table-cell;text-align:right;vertical-align:middle;\">\n\t\t\t<span class=\"cn-last-updated\" style=\"color: blue;font-size: 10px;font-variant: small-caps;margin-right: 10px\">Mis \u00e0 jour il y a 1 mois.<\/span>\n<span class=\"cn-return-to-top\"><a href=\"#cn-top\" title=\"Retour haut de page\"><img decoding=\"async\" src=\"https:\/\/www.judo-vaud.ch\/cms\/wp-content\/plugins\/connections\/assets\/images\/uparrow.gif\" alt=\"Retour haut de page\"\/><\/a><\/span>\n\t\t<\/div>\n\t<\/div>\n\n<\/div>\n\n<\/div>\n<\/div>\n<div class=\"cn-list-foot\">\n\n<\/div>\n\n<\/div>\n\n<\/div>\n","protected":false},"excerpt":{"rendered":"<p>Vous trouverez dans cette page toutes les annonces, informations en lien avec le Judo et le Ju-Jitsu. Tous les membres de notre association, ainsi que les personnes ou organismes partenaires peuvent soumettre un contenu qu&rsquo;ils d\u00e9sireraient voir publier. &nbsp; Renseignements: Pour passer une annonce, une information prenez contact ici :<\/p>\n","protected":false},"author":3,"featured_media":0,"parent":1483,"menu_order":6,"comment_status":"closed","ping_status":"closed","template":"","meta":{"_cbd_carousel_blocks":"[]","footnotes":""},"class_list":["post-1799","page","type-page","status-publish","hentry"],"_links":{"self":[{"href":"https:\/\/www.judo-vaud.ch\/index.php?rest_route=\/wp\/v2\/pages\/1799","targetHints":{"allow":["GET"]}}],"collection":[{"href":"https:\/\/www.judo-vaud.ch\/index.php?rest_route=\/wp\/v2\/pages"}],"about":[{"href":"https:\/\/www.judo-vaud.ch\/index.php?rest_route=\/wp\/v2\/types\/page"}],"author":[{"embeddable":true,"href":"https:\/\/www.judo-vaud.ch\/index.php?rest_route=\/wp\/v2\/users\/3"}],"replies":[{"embeddable":true,"href":"https:\/\/www.judo-vaud.ch\/index.php?rest_route=%2Fwp%2Fv2%2Fcomments&post=1799"}],"version-history":[{"count":14,"href":"https:\/\/www.judo-vaud.ch\/index.php?rest_route=\/wp\/v2\/pages\/1799\/revisions"}],"predecessor-version":[{"id":7746,"href":"https:\/\/www.judo-vaud.ch\/index.php?rest_route=\/wp\/v2\/pages\/1799\/revisions\/7746"}],"up":[{"embeddable":true,"href":"https:\/\/www.judo-vaud.ch\/index.php?rest_route=\/wp\/v2\/pages\/1483"}],"wp:attachment":[{"href":"https:\/\/www.judo-vaud.ch\/index.php?rest_route=%2Fwp%2Fv2%2Fmedia&parent=1799"}],"curies":[{"name":"wp","href":"https:\/\/api.w.org\/{rel}","templated":true}]}}