{"id":1464,"date":"2013-01-27T17:07:59","date_gmt":"2013-01-27T16:07:59","guid":{"rendered":"http:\/\/www.judo-vaud.ch\/?page_id=1464"},"modified":"2025-02-27T23:19:23","modified_gmt":"2025-02-27T22:19:23","slug":"elisabeth-jaquinet","status":"publish","type":"page","link":"https:\/\/www.judo-vaud.ch\/?page_id=1464","title":{"rendered":"Elisabeth Jaquinet"},"content":{"rendered":"<div id=\"cn-top\" style=\"position: absolute; top: 0; right: 0;\"><\/div><div class=\"cn-list\" id=\"cn-list\" data-connections-version=\"10.4.67-0.7\"><div class=\"cn-template cn-excerpt-plus\" id=\"cn-excerpt-plus\" data-template-version=\"1.0.3\"><div class=\"cn-list-head\">\n\n<form class=\"cn-form\" id=\"cn-cat-select\" method=\"get\"><input type=\"hidden\" name=\"p\" value=\"690\"><span class=\"cn-search\"><label for=\"cn-search-input\">Search Directory<\/label><input type=\"text\" id=\"cn-search-input\" name=\"cn-s\" value=\"\" placeholder=\"Rechercher\"\/><input type=\"submit\" name=\"\" id=\"cn-search-submit\" class=\"cn-search-button\" value=\"Search Directory\" style=\"text-indent: -9999px;\" tabindex=\"-1\" \/><\/span><select  class=\"cn-category-select cn-enhanced-select\"  name=\"cn-cat\" onchange=\"this.form.submit()\" data-placeholder=\"Select Category\">\n\t<option ><\/option>\t<option value=\"0\">Show All Categories<\/option><option class=\"cn-term-level-0\" style=\"padding-left: 7px !important\" value=\"23\">Anciens<\/option><option class=\"cn-term-level-1\" style=\"padding-left: 19px !important\" value=\"24\">anciens-club<\/option><option class=\"cn-term-level-1\" style=\"padding-left: 19px !important\" value=\"25\">anciens-comit\u00e9<\/option><option class=\"cn-term-level-0\" style=\"padding-left: 7px !important\" value=\"21\">Autres Associations Cantonales<\/option><option class=\"cn-term-level-0\" style=\"padding-left: 7px !important\" value=\"13\">Club<\/option><option class=\"cn-term-level-1\" style=\"padding-left: 19px !important\" value=\"15\">Ju-Jitsu<\/option><option class=\"cn-term-level-1\" style=\"padding-left: 19px !important\" value=\"14\">Judo<\/option><option class=\"cn-term-level-0\" style=\"padding-left: 7px !important\" value=\"2\">Comit\u00e9<\/option><option class=\"cn-term-level-1\" style=\"padding-left: 19px !important\" value=\"5\">Communication<\/option><option class=\"cn-term-level-1\" style=\"padding-left: 19px !important\" value=\"27\">R\u00e9seaux Sociaux<\/option><option class=\"cn-term-level-1\" style=\"padding-left: 19px !important\" value=\"32\">Resp. Assistant entraineur<\/option><option class=\"cn-term-level-1\" style=\"padding-left: 19px !important\" value=\"12\">Resp. comp\u00e9titions<\/option><option class=\"cn-term-level-1\" style=\"padding-left: 19px !important\" value=\"9\">Resp. cours techniques<\/option><option class=\"cn-term-level-1\" style=\"padding-left: 19px !important\" value=\"6\">Resp. Finances<\/option><option class=\"cn-term-level-1\" style=\"padding-left: 19px !important\" value=\"31\">Resp. Jeunes Arbitres<\/option><option class=\"cn-term-level-1\" style=\"padding-left: 19px !important\" value=\"8\">Resp. mat\u00e9riel<\/option><option class=\"cn-term-level-1\" style=\"padding-left: 19px !important\" value=\"4\">Resp. Sport Etude<\/option><option class=\"cn-term-level-1\" style=\"padding-left: 19px !important\" value=\"35\">Resp. Tournoi Promotion<\/option><option class=\"cn-term-level-1\" style=\"padding-left: 19px !important\" value=\"7\">Secr\u00e9taire<\/option><option class=\"cn-term-level-1\" style=\"padding-left: 19px !important\" value=\"34\">Webmaster<\/option><option class=\"cn-term-level-0\" style=\"padding-left: 7px !important\" value=\"28\">Commissions<\/option><option class=\"cn-term-level-1\" style=\"padding-left: 19px !important\" value=\"29\">commission allocation aide jeunes comp\u00e9titeurs<\/option><option class=\"cn-term-level-1\" style=\"padding-left: 19px !important\" value=\"30\">Formation Jeunes Arbitres<\/option><option class=\"cn-term-level-0\" style=\"padding-left: 7px !important\" value=\"3\">Entraineurs<\/option><option class=\"cn-term-level-1\" style=\"padding-left: 19px !important\" value=\"20\">Entraineur a\u00een\u00e9s<\/option><option class=\"cn-term-level-1\" style=\"padding-left: 19px !important\" value=\"18\">Entraineur Cadre Cantonal<\/option><option class=\"cn-term-level-1\" style=\"padding-left: 19px !important\" value=\"26\">Entraineur Pallas<\/option><option class=\"cn-term-level-1\" style=\"padding-left: 19px !important\" value=\"16\">Entraineurs CRPR<\/option><option class=\"cn-term-level-1\" style=\"padding-left: 19px !important\" value=\"17\">Entraineurs Junior-Espoirs<\/option><option class=\"cn-term-level-1\" style=\"padding-left: 19px !important\" value=\"33\">_entraineurs_old<\/option><option class=\"cn-term-level-0\" style=\"padding-left: 7px !important\" value=\"19\">Illustrations<\/option><option class=\"cn-term-level-0\" style=\"padding-left: 7px !important\" value=\"11\">Membre Honneur<\/option><option class=\"cn-term-level-0\" style=\"padding-left: 7px !important\" value=\"10\">Pr\u00e9sident Honneur<\/option><option class=\"cn-term-level-0\" style=\"padding-left: 7px !important\" value=\"1\">Uncategorized<\/option><\/select>\n<\/div>\n<div class=\"cn-list-body\" id=\"cn-list-body\">\n<div class=\"cn-list-row cn-list-item vcard individual comite-anciens membre-honneur\" id=\"elisabeth-jaquinet-2\" data-entry-type=\"individual\" data-entry-id=\"7\" data-entry-slug=\"elisabeth-jaquinet-2\">\n<div id=\"entry-id-769e648c5c82b5\" class=\"cn-entry cn-accordion\">\n\n\t<div class=\"cn-left\"><span class=\"cn-image-style\"><span style=\"display: block; max-width: 100%; width: 100px\"><a href=\"http:\/\/www.judo-vaud.ch\/?page_id=1464\" target=\"_blank\" rel=\"dofollow\"><img loading=\"lazy\" height=\"120\" width=\"100\" sizes=\"auto, 100vw\" lazyload=\"1\" class=\"cn-image photo\" alt=\"Photo de Elisabeth Jaquinet\" title=\"Photo de Elisabeth Jaquinet\" srcset=\"\/\/www.judo-vaud.ch\/cms\/wp-content\/uploads\/connections-images\/elisabeth-jaquinet-2\/babette_original-63973eb8f0c0b2f0a216950a7ca0f42e.jpg 1x\" loading=\"lazy\"\/><\/a><\/span><\/span>\n<\/div><div class=\"cn-right\"><h3 class=\"cn-accordion-item\" id=\"cn-accordion-item-769e648c5c82b5\" data-uuid=\"769e648c5c82b5\" style=\"border-bottom: #00508D 1px solid; color:#00508D;\"><span class=\"cn-sprite\" id=\"cn-toggle-769e648c5c82b5\" style=\"background-color: #00508D;\"><\/span><span class=\"fn n notranslate\"> <span class=\"given-name\">Elisabeth<\/span> <span class=\"family-name\">Jaquinet<\/span> <\/span>\n<\/h3><div class=\"cn-excerpt\" id=\"cn-excerpt-769e648c5c82b5\">Membre du comit\u00e9 de l\u2019AVJJ de 1988 \u00e0 2019. Elisabeth a assur\u00e9 le secr\u00e9tariat pendant cette p\u00e9riode.\r\n\r\nElisabeth\u00a0est membre du Judo Club Nyon et est ceinture noire 2\u00e8me Dan de Judo. En 2019, l'AVJJ lui remet le titre de Membre d'honneur en remerciement de ses ann\u00e9es de d\u00e9vouement.\r\n\r\n<a href=\"https:\/\/www.judo-vaud.ch\/cms\/wp-content\/uploads\/2019\/03\/elisabethMH.jpg\" target=\"_blank\" rel=\"noopener\">\r\n<img fetchpriority=\"high\" decoding=\"async\" class=\"aligncenter wp-image-6750 size-medium\" src=\"https:\/\/www.judo-vaud.ch\/cms\/wp-content\/uploads\/2019\/03\/elisabethMH-300x220.jpg\" alt=\"\" width=\"300\" height=\"220\" srcset=\"https:\/\/www.judo-vaud.ch\/cms\/wp-content\/uploads\/2019\/03\/elisabethMH-300x220.jpg 300w, https:\/\/www.judo-vaud.ch\/cms\/wp-content\/uploads\/2019\/03\/elisabethMH-768x562.jpg 768w, https:\/\/www.judo-vaud.ch\/cms\/wp-content\/uploads\/2019\/03\/elisabethMH-1024x749.jpg 1024w, https:\/\/www.judo-vaud.ch\/cms\/wp-content\/uploads\/2019\/03\/elisabethMH-600x439.jpg 600w, https:\/\/www.judo-vaud.ch\/cms\/wp-content\/uploads\/2019\/03\/elisabethMH-410x300.jpg 410w, https:\/\/www.judo-vaud.ch\/cms\/wp-content\/uploads\/2019\/03\/elisabethMH.jpg 1178w\" sizes=\"(max-width: 300px) 100vw, 300px\" \/><\/a><span class=\"cn-show-more\" data-uuid=\"769e648c5c82b5\">Read More<\/span><\/div><div class=\"cn-detail cn-hide\" id=\"cn-detail-769e648c5c82b5\"><div class=\"cn-bio\" id=\"cn-bio-769e648c5c82b5\"><div class=\"cn-biography\"><p>Membre du comit\u00e9 de l\u2019AVJJ de 1988 \u00e0 2019. Elisabeth a assur\u00e9 le secr\u00e9tariat pendant cette p\u00e9riode.<\/p>\n<p>Elisabeth\u00a0est membre du Judo Club Nyon et est ceinture noire 2\u00e8me Dan de Judo. En 2019, l&rsquo;AVJJ lui remet le titre de Membre d&rsquo;honneur en remerciement de ses ann\u00e9es de d\u00e9vouement.<\/p>\n<p><a href=\"https:\/\/www.judo-vaud.ch\/cms\/wp-content\/uploads\/2019\/03\/elisabethMH.jpg\" target=\"_blank\" rel=\"noopener\"><br \/>\n<img fetchpriority=\"high\" decoding=\"async\" class=\"aligncenter wp-image-6750 size-medium\" src=\"https:\/\/www.judo-vaud.ch\/cms\/wp-content\/uploads\/2019\/03\/elisabethMH-300x220.jpg\" alt=\"\" width=\"300\" height=\"220\" srcset=\"https:\/\/www.judo-vaud.ch\/cms\/wp-content\/uploads\/2019\/03\/elisabethMH-300x220.jpg 300w, https:\/\/www.judo-vaud.ch\/cms\/wp-content\/uploads\/2019\/03\/elisabethMH-768x562.jpg 768w, https:\/\/www.judo-vaud.ch\/cms\/wp-content\/uploads\/2019\/03\/elisabethMH-1024x749.jpg 1024w, https:\/\/www.judo-vaud.ch\/cms\/wp-content\/uploads\/2019\/03\/elisabethMH-600x439.jpg 600w, https:\/\/www.judo-vaud.ch\/cms\/wp-content\/uploads\/2019\/03\/elisabethMH-410x300.jpg 410w, https:\/\/www.judo-vaud.ch\/cms\/wp-content\/uploads\/2019\/03\/elisabethMH.jpg 1178w\" sizes=\"(max-width: 300px) 100vw, 300px\" \/><\/a><\/p>\n<\/div>\n<\/div><\/div><\/div><\/div>  <!-- end cn-entry -->\n\n<\/div>\n<\/div>\n<div class=\"cn-list-foot\">\n<\/form>\n<\/div>\n\n<\/div>\n\n<\/div>\n","protected":false},"excerpt":{"rendered":"","protected":false},"author":3,"featured_media":6751,"parent":24,"menu_order":2,"comment_status":"closed","ping_status":"closed","template":"","meta":{"_cbd_carousel_blocks":"[]","footnotes":""},"class_list":["post-1464","page","type-page","status-publish","has-post-thumbnail","hentry"],"_links":{"self":[{"href":"https:\/\/www.judo-vaud.ch\/index.php?rest_route=\/wp\/v2\/pages\/1464","targetHints":{"allow":["GET"]}}],"collection":[{"href":"https:\/\/www.judo-vaud.ch\/index.php?rest_route=\/wp\/v2\/pages"}],"about":[{"href":"https:\/\/www.judo-vaud.ch\/index.php?rest_route=\/wp\/v2\/types\/page"}],"author":[{"embeddable":true,"href":"https:\/\/www.judo-vaud.ch\/index.php?rest_route=\/wp\/v2\/users\/3"}],"replies":[{"embeddable":true,"href":"https:\/\/www.judo-vaud.ch\/index.php?rest_route=%2Fwp%2Fv2%2Fcomments&post=1464"}],"version-history":[{"count":2,"href":"https:\/\/www.judo-vaud.ch\/index.php?rest_route=\/wp\/v2\/pages\/1464\/revisions"}],"predecessor-version":[{"id":12360,"href":"https:\/\/www.judo-vaud.ch\/index.php?rest_route=\/wp\/v2\/pages\/1464\/revisions\/12360"}],"up":[{"embeddable":true,"href":"https:\/\/www.judo-vaud.ch\/index.php?rest_route=\/wp\/v2\/pages\/24"}],"wp:featuredmedia":[{"embeddable":true,"href":"https:\/\/www.judo-vaud.ch\/index.php?rest_route=\/wp\/v2\/media\/6751"}],"wp:attachment":[{"href":"https:\/\/www.judo-vaud.ch\/index.php?rest_route=%2Fwp%2Fv2%2Fmedia&parent=1464"}],"curies":[{"name":"wp","href":"https:\/\/api.w.org\/{rel}","templated":true}]}}