{"id":1270,"date":"2013-01-25T22:39:03","date_gmt":"2013-01-25T21:39:03","guid":{"rendered":"http:\/\/www.judo-vaud.ch\/?page_id=1270"},"modified":"2013-01-25T22:39:03","modified_gmt":"2013-01-25T21:39:03","slug":"presentation","status":"publish","type":"page","link":"https:\/\/www.judo-vaud.ch\/?page_id=1270","title":{"rendered":"Pr\u00e9sentation cours techniques"},"content":{"rendered":"<p><img decoding=\"async\" class=\"alignright wp-image-1643 size-thumbnail\" src=\"http:\/\/www.judo-vaud.ch\/cms\/wp-content\/plugins\/AVJJ-ShortCode\/photos\/logo_avjj-img-150x150.jpg\" alt=\"CT\" width=\"150\" height=\"150\" \/><br \/>\nL\u2019Association Vaudoise de Judo &amp; Ju-Jitsu organise tout au long de la saison des cours techniques de Judo, de Ju-Jitsu et de Kuatsu.<\/p>\n<p>Les <strong>cours sont gratuits pour les membres de l&rsquo;association<\/strong> et sont payants (40.- d\u00e8s 2013) pour les autres. On entend par \u00ab\u00a0membre de l&rsquo;association\u00a0\u00bb toute personne :<\/p>\n<ul>\n<li><span style=\"line-height: 1.4em;\">affili\u00e9e \u00e0 un <a title=\"Liste compl\u00e8te\" href=\"http:\/\/www.judo-vaud.ch\/?page_id=1664\">club ou une \u00e9cole adh\u00e9rente \u00e0 l&rsquo;AVJJ<\/a> et <\/span><\/li>\n<li><span style=\"line-height: 1.4em;\">au b\u00e9n\u00e9fice d&rsquo;une licence de la <a href=\"http:\/\/www.fsj.ch\" target=\"_blank\">F\u00e9d\u00e9ration Suisse de Judo<\/a> et Ju-Jitsu.<\/span><\/li>\n<\/ul>\n<p>D\u00e9tails des cours propos\u00e9s par notre association <a href=\"http:\/\/www.judo-vaud.ch\/?page_id=409\">dans la page suivante<\/a>.<\/p>\n<p><span style=\"line-height: 1.4em;\">\u00a0<\/span><\/p>\n<h3>Renseignements:<\/h3>\n<div id=\"cn-top\" style=\"position: absolute; top: 0; right: 0;\"><\/div><div class=\"cn-list\" id=\"cn-list\" data-connections-version=\"10.4.67-0.7\"><div class=\"cn-template cn-card\" id=\"cn-card\" data-template-version=\"3.0\"><div class=\"cn-list-head\">\n\n<\/div>\n<div class=\"cn-list-body\" id=\"cn-list-body\">\n<div class=\"cn-list-row cn-list-item vcard individual comite socialnetworks resp-cours-techniques resp-tournoi-promotion\" id=\"pierre-alain-demiere\" data-entry-type=\"individual\" data-entry-id=\"60\" data-entry-slug=\"pierre-alain-demiere\"><div class=\"cn-entry\" style=\"background-color: #FFF;border: 1px solid #E3E3E3;border-radius: 4px;color: #000;margin: 8px 0;padding: 10px;position: relative\">\n\n\t<div class=\"cn-left\" style=\"width:49%; float:left\">\n\t\t<span class=\"cn-image-style\"><span style=\"display: block; max-width: 100%; width: 112px\"><a href=\"http:\/\/www.judo-vaud.ch\/?page_id=3303\" target=\"_self\" rel=\"dofollow\"><img loading=\"lazy\" width=\"112\" height=\"150\" sizes=\"auto, 100vw\" lazyload=\"1\" class=\"cn-image photo\" alt=\"Photo de Pierre-Alain Demierre\" title=\"Photo de Pierre-Alain Demierre\" srcset=\"\/\/www.judo-vaud.ch\/cms\/wp-content\/uploads\/connections-images\/pierre-alain-demiere\/Pierre-Alain-de6bae4577fca49aa91f57bc41ed41ff.jpg 1x\" loading=\"lazy\"\/><\/a><\/span><\/span>\n\t\t<div style=\"clear:both;\"><\/div>\n\t\t<div style=\"margin-bottom: 10px;\">\n\t\t\t<div style=\"font-size:larger;font-variant: small-caps\"><strong><span class=\"fn n notranslate\"> <span class=\"given-name\">Pierre-Alain<\/span> <span class=\"family-name\">Demierre<\/span><\/span>\n<\/strong><\/div>\n\t\t\t<span class=\"title notranslate\">Responsable des cours techniques<\/span>\n\n\t\t<\/div>\n\n\t<\/div>\n\n\t<div class=\"cn-right\" style=\"text-align: right;\">\n\n\t\t<span class=\"phone-number-block\">\n<span class=\"tel cn-phone-number cn-phone-number-type-homephone cn-preferred cn-phone-number-preferred\"><span class=\"phone-name\">T\u00e9l\u00e9phone maison<\/span><span class=\"cn-separator\">:<\/span> <span class=\"value\">079 630 33 47<\/span><span class=\"type\" style=\"display: none;\">home<\/span><\/span>\n<\/span>\n<span class=\"email-address-block\">\n<span class=\"email cn-email-address cn-preferred cn-email-address-preferred\"><span class=\"email-name\">Courriel personnel<\/span><span class=\"cn-separator\">:<\/span> <span class=\"email-address\"><script type=\"text\/javascript\">\r\n\t\t\t\t\t\/* <![CDATA[ *\/\r\n\t \t\t\t\tcnROT13.writeROT13(\"<n pynff=\\\"inyhr\\\" gvgyr=\\\"Cvreer-Nynva Qrzvreer crefbany rznvy\\056\\\" uers=\\\"znvygb:cn\\100whqb-inhq\\056pu\\\">cn\\100whqb-inhq\\056pu<\\057n>\");\r\n\t\t\t\t\t\/* ]]-> *\/\r\n\t \t\t\t\t<\/script><noscript><span style=\"unicode-bidi: bidi-override; direction:rtl;\">h&#99;&#46;&#100;&#117;a&#118;-oduj&#64;&#97;&#112;<\/span><\/noscript><\/span><span class=\"type\" style=\"display: none;\">INTERNET<\/span><\/span>\n<\/span>\n<span class=\"link-block\">\n<span class=\"link cn-link website cn-preferred cn-link-preferred\"><span class=\"link-name\">Site internet<\/span><span class=\"cn-separator\">:<\/span> <a class=\"url\" href=\"http:\/\/www.judo-vaud.ch\/?page_id=3303\" target=\"_self\" rel=\"noopener\" >Page Personnelle<\/a><\/span>\n<\/span>\n\n\t<\/div>\n\n\t<div style=\"clear:both\"><\/div>\n\n\t\n\t<div class=\"cn-meta\" style=\"margin-top: 6px\">\n\t\t\t<\/div>\n\n\t<div class=\"cn-clear\" style=\"display:table;width:100%;\">\n\t\t<div style=\"display:table-cell;vertical-align:middle;\">\n\t\t\t<div class=\"cn-categories\"><span class=\"cn_category_label\">Cat\u00e9gories : <\/span> <span class=\"cn-category-name cn_category cn-category-2 cn-category-comite\">Comit\u00e9<\/span><span class=\"cn-category-separator\">, <\/span><span class=\"cn-category-name cn_category cn-category-27 cn-category-socialnetworks\">R\u00e9seaux Sociaux<\/span><span class=\"cn-category-separator\">, <\/span><span class=\"cn-category-name cn_category cn-category-9 cn-category-resp-cours-techniques\">Resp. cours techniques<\/span><span class=\"cn-category-separator\">, <\/span><span class=\"cn-category-name cn_category cn-category-35 cn-category-resp-tournoi-promotion\">Resp. Tournoi Promotion<\/span><\/div>\n\t\t<\/div>\n\t\t<div style=\"display:table-cell;text-align:right;vertical-align:middle;\">\n\t\t\t<span class=\"cn-last-updated\" style=\"color: blue;font-size: 10px;font-variant: small-caps;margin-right: 10px\">Mis \u00e0 jour il y a 1 mois.<\/span>\n<span class=\"cn-return-to-top\"><a href=\"#cn-top\" title=\"Retour haut de page\"><img decoding=\"async\" src=\"https:\/\/www.judo-vaud.ch\/cms\/wp-content\/plugins\/connections\/assets\/images\/uparrow.gif\" alt=\"Retour haut de page\"\/><\/a><\/span>\n\t\t<\/div>\n\t<\/div>\n\n<\/div>\n\n<\/div>\n<\/div>\n<div class=\"cn-list-foot\">\n\n<\/div>\n\n<\/div>\n\n<\/div>\n","protected":false},"excerpt":{"rendered":"<p>L\u2019Association Vaudoise de Judo &amp; Ju-Jitsu organise tout au long de la saison des cours techniques de Judo, de Ju-Jitsu et de Kuatsu. Les cours sont gratuits pour les membres de l&rsquo;association et sont payants (40.- d\u00e8s 2013) pour les autres. On entend par \u00ab\u00a0membre de l&rsquo;association\u00a0\u00bb toute personne : affili\u00e9e \u00e0 un club ou [&hellip;]<\/p>\n","protected":false},"author":3,"featured_media":0,"parent":409,"menu_order":10,"comment_status":"closed","ping_status":"closed","template":"","meta":{"_cbd_carousel_blocks":"[]","footnotes":""},"class_list":["post-1270","page","type-page","status-publish","hentry"],"_links":{"self":[{"href":"https:\/\/www.judo-vaud.ch\/index.php?rest_route=\/wp\/v2\/pages\/1270","targetHints":{"allow":["GET"]}}],"collection":[{"href":"https:\/\/www.judo-vaud.ch\/index.php?rest_route=\/wp\/v2\/pages"}],"about":[{"href":"https:\/\/www.judo-vaud.ch\/index.php?rest_route=\/wp\/v2\/types\/page"}],"author":[{"embeddable":true,"href":"https:\/\/www.judo-vaud.ch\/index.php?rest_route=\/wp\/v2\/users\/3"}],"replies":[{"embeddable":true,"href":"https:\/\/www.judo-vaud.ch\/index.php?rest_route=%2Fwp%2Fv2%2Fcomments&post=1270"}],"version-history":[{"count":0,"href":"https:\/\/www.judo-vaud.ch\/index.php?rest_route=\/wp\/v2\/pages\/1270\/revisions"}],"up":[{"embeddable":true,"href":"https:\/\/www.judo-vaud.ch\/index.php?rest_route=\/wp\/v2\/pages\/409"}],"wp:attachment":[{"href":"https:\/\/www.judo-vaud.ch\/index.php?rest_route=%2Fwp%2Fv2%2Fmedia&parent=1270"}],"curies":[{"name":"wp","href":"https:\/\/api.w.org\/{rel}","templated":true}]}}